{"id":49206,"date":"2026-02-03T14:46:06","date_gmt":"2026-02-03T13:46:06","guid":{"rendered":"https:\/\/www.chausseliere.com\/actualites\/plus-beaux-villages-vendee\/"},"modified":"2026-02-03T14:46:07","modified_gmt":"2026-02-03T13:46:07","slug":"plus-beaux-villages-vendee","status":"publish","type":"page","link":"https:\/\/www.chausseliere.com\/nl\/actualites\/plus-beaux-villages-vendee\/","title":{"rendered":"Top 5 van de mooiste dorpen van de Vend\u00e9e"},"content":{"rendered":"<section id=\"ls-section-block_47c7f84d74be87495a4506a9d54499c5\" class=\"ls-section \" >\r\n        <div class=\"container \">\r\n        \n\n<h1 class=\"ls__heading wp-block-heading has-text-align-center\">Top 5 van de mooiste dorpen van de Vend\u00e9e<\/h1>\n\n\n\n<p class=\"ls-paragraph\">Tussen middeleeuwse dorpjes, bloemrijke straatjes en bewaard erfgoed biedt de Vend\u00e9e een concentratie van authenticiteit en landelijke charme. Met <strong>Vouvant <\/strong>gerangschikt onder de <em>mooiste dorpen van Frankrijk<\/em> en verschillende steden met het label <em>Small Cities of Character, <\/em>verleidt de afdeling elk jaar duizenden bezoekers op zoek naar geschiedenis en sereniteit. Om deze schatten te verkennen terwijl u geniet van een natuurverblijf, kunt u een verblijf boeken op <a href=\"https:\/\/www.chausseliere.com\/nl\/\">onze camping in de buurt van Puy du Fou<\/a>, een ideaal startpunt om de<strong> mooiste dorpen van de Vend\u00e9e te ontdekken.<\/strong>  <\/p>\n\n\n<div class=\"wp-block-image\">\n<figure class=\"aligncenter size-full\"><img loading=\"lazy\" decoding=\"async\" width=\"750\" height=\"350\" src=\"https:\/\/www.chausseliere.com\/wp-content\/uploads\/2025\/11\/beach-5.webp\" alt=\"strand\" class=\"wp-image-48798\" srcset=\"https:\/\/www.chausseliere.com\/wp-content\/uploads\/2025\/11\/beach-5.webp 750w, https:\/\/www.chausseliere.com\/wp-content\/uploads\/2025\/11\/beach-5-300x140.webp 300w\" sizes=\"auto, (max-width: 750px) 100vw, 750px\" \/><\/figure>\n<\/div>\n\n\n<h2 class=\"ls__heading wp-block-heading\"><strong>Vouvant <\/strong><\/h2>\n\n\n\n<h3 class=\"ls__heading wp-block-heading\"><strong>Een uitzonderlijk erfgoed in het hart van de bocage<\/strong><\/h3>\n\n\n\n<p class=\"ls-paragraph\">Geklasseerd tussen de<em> mooiste dorpen van Frankrijk,<\/em> wordt <strong>Vouvant<\/strong> vaak genoemd als de meest karakteristieke van de Vend\u00e9e-dorpen. Genesteld in de bocage, biedt deze middeleeuwse stad een setting die een geschiedenisboek waardig is: geplaveide straten, <strong>voorouderlijke wallen,<\/strong> vakwerkhuizen en vooral de <strong>M\u00e9lusine-toren<\/strong>, symbool van lokale legende. Dit opmerkelijke erfgoed wordt versterkt door de aanwezigheid van kunstenaars en ambachtslieden die zich in het dorp hebben gevestigd, waardoor het een levendige en inspirerende sfeer heeft.  <\/p>\n\n\n\n<h3 class=\"ls__heading wp-block-heading\"><strong>Waarom zou je het bezoeken<\/strong><\/h3>\n\n\n\n<p class=\"ls-paragraph\">Vouvant wordt te voet ontdekt langs de rivier de <strong>M\u00e8re<\/strong>, die aan het dorp grenst en prachtige panorama&#8217;s van de vallei biedt. Tijdens het wandelen ontdekt men een perfecte harmonie tussen <strong>geschiedenis, kunst en natuur.<\/strong>  <\/p>\n\n\n\n<h2 class=\"ls__heading wp-block-heading\"><strong>Apremont<\/strong><\/h2>\n\n\n\n<h3 class=\"ls__heading wp-block-heading\"><strong>Een stad doordrenkt van geschiedenis<\/strong><\/h3>\n\n\n\n<p class=\"ls-paragraph\"><strong>Apremont <\/strong>ligt op ongeveer twintig kilometer van Challans en charmeert met zijn rijke verleden en renaissancistisch erfgoed. Het dorp draait om de <strong>overblijfselen van het kastee<\/strong>l, gebouwd in de zestiende eeuw, waarvan de torens de vallei van het leven domineren. Het oude centrum, perfect onderhouden, heeft geplaveide straten, witte gevels en een spectaculair uitzicht op de rivier en de omliggende heuvels.  <\/p>\n\n\n\n<h3 class=\"ls__heading wp-block-heading\"><strong>Natuurlijke omgeving en omliggende activiteiten<\/strong><\/h3>\n\n\n\n<p class=\"ls-paragraph\">Apremont verleidt ook natuurliefhebbers met zijn <strong>rivier<\/strong> die is ingericht voor zwem- en kanotochten. De site van het <strong>strand van Apremont, <\/strong>met het label Pavillon Bleu, trekt gezinnen aan in de zomer. Tussen erfgoed en buitenactiviteiten illustreert het dorp prachtig de dualiteit van de Vend\u00e9e: een land dat zowel cultureel als groen is, ideaal voor een vakantie met een stel of een gezin.  <\/p>\n\n\n\n<h2 class=\"ls__heading wp-block-heading\"><strong>Mouchamps <\/strong><\/h2>\n\n\n\n<h3 class=\"ls__heading wp-block-heading\"><strong>Een kleine karakterstad met bewaard erfgoed<\/strong><\/h3>\n\n\n\n<p class=\"ls-paragraph\">Gelegen op een heuvel in de<strong> Vend\u00e9e-bocage<\/strong>, belichaamt <strong>Mouchamps<\/strong> het landelijke Vendee in al zijn authenticiteit. <em>Gelabeld als kleine stad van karakter<\/em>, verleidt het dorp met zijn<strong> Saint-Pierre-kerk<\/strong> van romaanse oorsprong, zijn gouden stenen huizen en <strong>bloemrijke steegjes<\/strong> waar de tijd lijkt te hangen. Het geheel toont een sterk verlangen om de architectonische en landschapsidentiteit van de plaats te behouden.  <\/p>\n\n\n\n<h3 class=\"ls__heading wp-block-heading\"><strong>Een dorp met geschiedenis en herinnering<\/strong><\/h3>\n\n\n\n<p class=\"ls-paragraph\">Mouchamps is ook een geheugenplaats, omdat het het graf <strong>herbergt van Georges Clemenceau,<\/strong> een belangrijke figuur van de Franse Republiek en een kind van het land. Deze symbolische plek trekt jaarlijks veel bezoekers. Het dorp verleidt <strong>met zijn vredige sfeer,<\/strong> zijn tempo van rustig leven en zijn landelijke omgeving, ideaal voor een culturele doorbraak buiten de gebaande paden.  <\/p>\n\n\n<div class=\"wp-block-image\">\n<figure class=\"aligncenter size-full\"><img loading=\"lazy\" decoding=\"async\" width=\"750\" height=\"350\" src=\"https:\/\/www.chausseliere.com\/wp-content\/uploads\/2025\/11\/apremont.webp\" alt=\"dorp\" class=\"wp-image-48795\" srcset=\"https:\/\/www.chausseliere.com\/wp-content\/uploads\/2025\/11\/apremont.webp 750w, https:\/\/www.chausseliere.com\/wp-content\/uploads\/2025\/11\/apremont-300x140.webp 300w\" sizes=\"auto, (max-width: 750px) 100vw, 750px\" \/><\/figure>\n<\/div>\n\n\n<h2 class=\"ls__heading wp-block-heading\"><strong>Malli\u00e8vre <\/strong><\/h2>\n\n\n\n<h3 class=\"ls__heading wp-block-heading\"><strong>Een pittoreske omgeving aan de oevers van de S\u00e8vre Nantaise<\/strong><\/h3>\n\n\n\n<p class=\"ls-paragraph\">Bijgenaamd &#8216;het kleinste dorp van de Vend\u00e9e&#8217;, onderscheidt <strong>Malli\u00e8vre<\/strong> zich door zijn intieme charme en ambachtelijk erfgoed. Gelegen aan de oevers van de <strong>S\u00e8vre Nantaise,<\/strong> behoudt het sporen van zijn textielverleden <strong>met zijn schisthuizen<\/strong>, oude molens en geplaveide steegjes. De restauratie van gebouwen en de verbetering van het erfgoed maken het tegenwoordig tot een echt <strong>openluchtmuseum.<\/strong>  <\/p>\n\n\n\n<h3 class=\"ls__heading wp-block-heading\"><strong>Authenticiteit en rust<\/strong><\/h3>\n\n\n\n<p class=\"ls-paragraph\">Malli\u00e8vre is een oase van rust waar elke steen een verhaal vertelt. De rustige en bloemrijke sfeer verleidt liefhebbers van <strong>fotografie en landelijk erfgoed. <\/strong>Bezoekers vinden een eenvoudige en authentieke sfeer, ver van de toeristische drukte van de kust, perfect voor een contemplatieve wandeling of een culturele stop.  <\/p>\n\n\n\n<h2 class=\"ls__heading wp-block-heading\"><strong>Nieul-sur-l\u2019Autise<\/strong><\/h2>\n\n\n\n<h3 class=\"ls__heading wp-block-heading\"><strong>Een dorp van kunst en geschiedenis<\/strong><\/h3>\n\n\n\n<p class=\"ls-paragraph\"><strong>Nieul-sur-l&#8217;Autise,<\/strong> gelegen in het zuidoosten van de Vend\u00e9e, is een <em>andere kleine stad<\/em> met een grote architectonische rijkdom. Het belangrijkste juweel is de<strong> koninklijke abdij van Saint-Vincent<\/strong>, gesticht in de 11e eeuw en geclassificeerd als een historisch monument. Het historisch centrum, perfect gerestaureerd, omvat prachtige oude huizen, geplaveide straten en tentoonstellingsruimten die het kloosterleven weergeven.  <\/p>\n\n\n\n<h3 class=\"ls__heading wp-block-heading\"><strong>Aan de poorten van de Marais Poitevin<\/strong><\/h3>\n\n\n\n<p class=\"ls-paragraph\">Nieul-sur-l&#8217;Autise ligt op een uitzonderlijke locatie, aan de rand van de Marais Poitevin, een van de mooiste natuurgebieden van Frankrijk. Bezoekers kunnen erfgoedontdekking en rivierwandeling combineren in een rustige en groene omgeving. Dit dorp is een must voor diegenen die de historische Vend\u00e9e willen verkennen terwijl ze van de natuur genieten.  <\/p>\n\n\n\n<p class=\"ls-paragraph\"><strong>Praktische tips om deze dorpen in de Vend\u00e9e te ontdekken<\/strong><\/p>\n\n\n\n<p class=\"ls-paragraph\">De beste tijd om de dorpen van de Vend\u00e9e te bezoeken is van <strong>mei tot september<\/strong>, wanneer de straten vol bloemen staan en er volop lokaal vermaak is. Zomermarkten en erfgoedfestivals geven je de kans om de gezellige sfeer in de dorpen ten volle te waarderen. Het is ook mogelijk om een <strong>themaroute<\/strong> samen te stellen die verschillende dorpen in de bocage met elkaar verbindt voor een meeslepende ervaring.  <\/p>\n\n\n\n<p class=\"ls-paragraph\">Van de smalle straatjes van <strong>Vouvant<\/strong> tot de rustige omgeving van <strong>Nieul-sur-l&#8217;Autise<\/strong>, via <strong>Apremont<\/strong>, <strong>Mouchamps<\/strong> en <strong>Malli\u00e8vre<\/strong> heeft de Vend\u00e9e een rijk en gevarieerd erfgoed te bieden. Deze vijf dorpen, een mix van <strong>geschiedenis, natuur en authenticiteit<\/strong>, bieden een echte smaak van het leven in de Vend\u00e9e. Of je nu een passie hebt voor cultuur, architectuur of gewoon nieuwsgierig bent naar het platteland van Frankrijk, deze <strong>Top 5 lijst van de mooiste dorpen in de Vend\u00e9e<\/strong> belooft je een onvergetelijk uitje in het hart van een charmante, ongerepte regio.  <\/p>\n\n\r\n    <\/div>\r\n<\/section>","protected":false},"excerpt":{"rendered":"","protected":false},"author":4,"featured_media":48796,"parent":44704,"menu_order":0,"comment_status":"closed","ping_status":"closed","template":"","meta":{"_acf_changed":false,"footnotes":""},"sujet":[195],"class_list":["post-49206","page","type-page","status-publish","has-post-thumbnail","hentry","sujet-visites"],"acf":[],"yoast_head":"<!-- This site is optimized with the Yoast SEO plugin v25.3 - https:\/\/yoast.com\/wordpress\/plugins\/seo\/ -->\n<title>Village Vend\u00e9e: Top 5 van de mooiste dorpen in de Vend\u00e9e<\/title>\n<meta name=\"description\" content=\"Ontdek onze top 5 van mooiste dorpjes in de Vend\u00e9e: Vouvant, Mouchamps, Apremont, Malli\u00e8vre en Nieul-sur-l&#039;Autise. Een cultureel en natuurlijk uitje gegarandeerd.\" \/>\n<meta name=\"robots\" content=\"index, follow, max-snippet:-1, max-image-preview:large, max-video-preview:-1\" \/>\n<link rel=\"canonical\" href=\"https:\/\/www.chausseliere.com\/nl\/actualites\/plus-beaux-villages-vendee\/\" \/>\n<meta property=\"og:locale\" content=\"nl_NL\" \/>\n<meta property=\"og:type\" content=\"article\" \/>\n<meta property=\"og:title\" content=\"Village Vend\u00e9e: Top 5 van de mooiste dorpen in de Vend\u00e9e\" \/>\n<meta property=\"og:description\" content=\"Ontdek onze top 5 van mooiste dorpjes in de Vend\u00e9e: Vouvant, Mouchamps, Apremont, Malli\u00e8vre en Nieul-sur-l&#039;Autise. Een cultureel en natuurlijk uitje gegarandeerd.\" \/>\n<meta property=\"og:url\" content=\"https:\/\/www.chausseliere.com\/nl\/actualites\/plus-beaux-villages-vendee\/\" \/>\n<meta property=\"og:site_name\" content=\"Camping du Lac de la Chausseli\u00e8re\" \/>\n<meta property=\"article:modified_time\" content=\"2026-02-03T13:46:07+00:00\" \/>\n<meta property=\"og:image\" content=\"https:\/\/www.chausseliere.com\/wp-content\/uploads\/2025\/11\/apremont.webp\" \/>\n\t<meta property=\"og:image:width\" content=\"750\" \/>\n\t<meta property=\"og:image:height\" content=\"350\" \/>\n\t<meta property=\"og:image:type\" content=\"image\/webp\" \/>\n<meta name=\"twitter:card\" content=\"summary_large_image\" \/>\n<meta name=\"twitter:label1\" content=\"Geschatte leestijd\" \/>\n\t<meta name=\"twitter:data1\" content=\"5 minuten\" \/>\n<script type=\"application\/ld+json\" class=\"yoast-schema-graph\">{\"@context\":\"https:\/\/schema.org\",\"@graph\":[{\"@type\":\"WebPage\",\"@id\":\"https:\/\/www.chausseliere.com\/nl\/actualites\/plus-beaux-villages-vendee\/\",\"url\":\"https:\/\/www.chausseliere.com\/nl\/actualites\/plus-beaux-villages-vendee\/\",\"name\":\"Village Vend\u00e9e: Top 5 van de mooiste dorpen in de Vend\u00e9e\",\"isPartOf\":{\"@id\":\"https:\/\/www.chausseliere.com\/nl\/#website\"},\"primaryImageOfPage\":{\"@id\":\"https:\/\/www.chausseliere.com\/nl\/actualites\/plus-beaux-villages-vendee\/#primaryimage\"},\"image\":{\"@id\":\"https:\/\/www.chausseliere.com\/nl\/actualites\/plus-beaux-villages-vendee\/#primaryimage\"},\"thumbnailUrl\":\"https:\/\/www.chausseliere.com\/wp-content\/uploads\/2025\/11\/apremont.webp\",\"datePublished\":\"2026-02-03T13:46:06+00:00\",\"dateModified\":\"2026-02-03T13:46:07+00:00\",\"description\":\"Ontdek onze top 5 van mooiste dorpjes in de Vend\u00e9e: Vouvant, Mouchamps, Apremont, Malli\u00e8vre en Nieul-sur-l'Autise. Een cultureel en natuurlijk uitje gegarandeerd.\",\"breadcrumb\":{\"@id\":\"https:\/\/www.chausseliere.com\/nl\/actualites\/plus-beaux-villages-vendee\/#breadcrumb\"},\"inLanguage\":\"nl-NL\",\"potentialAction\":[{\"@type\":\"ReadAction\",\"target\":[\"https:\/\/www.chausseliere.com\/nl\/actualites\/plus-beaux-villages-vendee\/\"]}]},{\"@type\":\"ImageObject\",\"inLanguage\":\"nl-NL\",\"@id\":\"https:\/\/www.chausseliere.com\/nl\/actualites\/plus-beaux-villages-vendee\/#primaryimage\",\"url\":\"https:\/\/www.chausseliere.com\/wp-content\/uploads\/2025\/11\/apremont.webp\",\"contentUrl\":\"https:\/\/www.chausseliere.com\/wp-content\/uploads\/2025\/11\/apremont.webp\",\"width\":750,\"height\":350},{\"@type\":\"BreadcrumbList\",\"@id\":\"https:\/\/www.chausseliere.com\/nl\/actualites\/plus-beaux-villages-vendee\/#breadcrumb\",\"itemListElement\":[{\"@type\":\"ListItem\",\"position\":1,\"name\":\"Camping Puy du Fou\",\"item\":\"https:\/\/www.chausseliere.com\/nl\/\"},{\"@type\":\"ListItem\",\"position\":2,\"name\":\"Nieuws\",\"item\":\"https:\/\/www.chausseliere.com\/nl\/actualites\/\"},{\"@type\":\"ListItem\",\"position\":3,\"name\":\"De mooiste dorpjes in de Vend\u00e9e\"}]},{\"@type\":\"WebSite\",\"@id\":\"https:\/\/www.chausseliere.com\/nl\/#website\",\"url\":\"https:\/\/www.chausseliere.com\/nl\/\",\"name\":\"Camping du Lac de la Chausseli\u00e8re\",\"description\":\"\",\"publisher\":{\"@id\":\"https:\/\/www.chausseliere.com\/nl\/#organization\"},\"potentialAction\":[{\"@type\":\"SearchAction\",\"target\":{\"@type\":\"EntryPoint\",\"urlTemplate\":\"https:\/\/www.chausseliere.com\/nl\/?s={search_term_string}\"},\"query-input\":{\"@type\":\"PropertyValueSpecification\",\"valueRequired\":true,\"valueName\":\"search_term_string\"}}],\"inLanguage\":\"nl-NL\"},{\"@type\":\"Organization\",\"@id\":\"https:\/\/www.chausseliere.com\/nl\/#organization\",\"name\":\"Camping du Lac de la Chausseli\u00e8re\",\"url\":\"https:\/\/www.chausseliere.com\/nl\/\",\"logo\":{\"@type\":\"ImageObject\",\"inLanguage\":\"nl-NL\",\"@id\":\"https:\/\/www.chausseliere.com\/nl\/#\/schema\/logo\/image\/\",\"url\":\"https:\/\/www.chausseliere.com\/wp-content\/uploads\/2023\/04\/Logo_Chausseliere_4Etoiles_blanc_HD_resultat.webp\",\"contentUrl\":\"https:\/\/www.chausseliere.com\/wp-content\/uploads\/2023\/04\/Logo_Chausseliere_4Etoiles_blanc_HD_resultat.webp\",\"width\":640,\"height\":406,\"caption\":\"Camping du Lac de la Chausseli\u00e8re\"},\"image\":{\"@id\":\"https:\/\/www.chausseliere.com\/nl\/#\/schema\/logo\/image\/\"}}]}<\/script>\n<!-- \/ Yoast SEO plugin. -->","yoast_head_json":{"title":"Village Vend\u00e9e: Top 5 van de mooiste dorpen in de Vend\u00e9e","description":"Ontdek onze top 5 van mooiste dorpjes in de Vend\u00e9e: Vouvant, Mouchamps, Apremont, Malli\u00e8vre en Nieul-sur-l'Autise. Een cultureel en natuurlijk uitje gegarandeerd.","robots":{"index":"index","follow":"follow","max-snippet":"max-snippet:-1","max-image-preview":"max-image-preview:large","max-video-preview":"max-video-preview:-1"},"canonical":"https:\/\/www.chausseliere.com\/nl\/actualites\/plus-beaux-villages-vendee\/","og_locale":"nl_NL","og_type":"article","og_title":"Village Vend\u00e9e: Top 5 van de mooiste dorpen in de Vend\u00e9e","og_description":"Ontdek onze top 5 van mooiste dorpjes in de Vend\u00e9e: Vouvant, Mouchamps, Apremont, Malli\u00e8vre en Nieul-sur-l'Autise. Een cultureel en natuurlijk uitje gegarandeerd.","og_url":"https:\/\/www.chausseliere.com\/nl\/actualites\/plus-beaux-villages-vendee\/","og_site_name":"Camping du Lac de la Chausseli\u00e8re","article_modified_time":"2026-02-03T13:46:07+00:00","og_image":[{"width":750,"height":350,"url":"https:\/\/www.chausseliere.com\/wp-content\/uploads\/2025\/11\/apremont.webp","type":"image\/webp"}],"twitter_card":"summary_large_image","twitter_misc":{"Geschatte leestijd":"5 minuten"},"schema":{"@context":"https:\/\/schema.org","@graph":[{"@type":"WebPage","@id":"https:\/\/www.chausseliere.com\/nl\/actualites\/plus-beaux-villages-vendee\/","url":"https:\/\/www.chausseliere.com\/nl\/actualites\/plus-beaux-villages-vendee\/","name":"Village Vend\u00e9e: Top 5 van de mooiste dorpen in de Vend\u00e9e","isPartOf":{"@id":"https:\/\/www.chausseliere.com\/nl\/#website"},"primaryImageOfPage":{"@id":"https:\/\/www.chausseliere.com\/nl\/actualites\/plus-beaux-villages-vendee\/#primaryimage"},"image":{"@id":"https:\/\/www.chausseliere.com\/nl\/actualites\/plus-beaux-villages-vendee\/#primaryimage"},"thumbnailUrl":"https:\/\/www.chausseliere.com\/wp-content\/uploads\/2025\/11\/apremont.webp","datePublished":"2026-02-03T13:46:06+00:00","dateModified":"2026-02-03T13:46:07+00:00","description":"Ontdek onze top 5 van mooiste dorpjes in de Vend\u00e9e: Vouvant, Mouchamps, Apremont, Malli\u00e8vre en Nieul-sur-l'Autise. Een cultureel en natuurlijk uitje gegarandeerd.","breadcrumb":{"@id":"https:\/\/www.chausseliere.com\/nl\/actualites\/plus-beaux-villages-vendee\/#breadcrumb"},"inLanguage":"nl-NL","potentialAction":[{"@type":"ReadAction","target":["https:\/\/www.chausseliere.com\/nl\/actualites\/plus-beaux-villages-vendee\/"]}]},{"@type":"ImageObject","inLanguage":"nl-NL","@id":"https:\/\/www.chausseliere.com\/nl\/actualites\/plus-beaux-villages-vendee\/#primaryimage","url":"https:\/\/www.chausseliere.com\/wp-content\/uploads\/2025\/11\/apremont.webp","contentUrl":"https:\/\/www.chausseliere.com\/wp-content\/uploads\/2025\/11\/apremont.webp","width":750,"height":350},{"@type":"BreadcrumbList","@id":"https:\/\/www.chausseliere.com\/nl\/actualites\/plus-beaux-villages-vendee\/#breadcrumb","itemListElement":[{"@type":"ListItem","position":1,"name":"Camping Puy du Fou","item":"https:\/\/www.chausseliere.com\/nl\/"},{"@type":"ListItem","position":2,"name":"Nieuws","item":"https:\/\/www.chausseliere.com\/nl\/actualites\/"},{"@type":"ListItem","position":3,"name":"De mooiste dorpjes in de Vend\u00e9e"}]},{"@type":"WebSite","@id":"https:\/\/www.chausseliere.com\/nl\/#website","url":"https:\/\/www.chausseliere.com\/nl\/","name":"Camping du Lac de la Chausseli\u00e8re","description":"","publisher":{"@id":"https:\/\/www.chausseliere.com\/nl\/#organization"},"potentialAction":[{"@type":"SearchAction","target":{"@type":"EntryPoint","urlTemplate":"https:\/\/www.chausseliere.com\/nl\/?s={search_term_string}"},"query-input":{"@type":"PropertyValueSpecification","valueRequired":true,"valueName":"search_term_string"}}],"inLanguage":"nl-NL"},{"@type":"Organization","@id":"https:\/\/www.chausseliere.com\/nl\/#organization","name":"Camping du Lac de la Chausseli\u00e8re","url":"https:\/\/www.chausseliere.com\/nl\/","logo":{"@type":"ImageObject","inLanguage":"nl-NL","@id":"https:\/\/www.chausseliere.com\/nl\/#\/schema\/logo\/image\/","url":"https:\/\/www.chausseliere.com\/wp-content\/uploads\/2023\/04\/Logo_Chausseliere_4Etoiles_blanc_HD_resultat.webp","contentUrl":"https:\/\/www.chausseliere.com\/wp-content\/uploads\/2023\/04\/Logo_Chausseliere_4Etoiles_blanc_HD_resultat.webp","width":640,"height":406,"caption":"Camping du Lac de la Chausseli\u00e8re"},"image":{"@id":"https:\/\/www.chausseliere.com\/nl\/#\/schema\/logo\/image\/"}}]}},"_links":{"self":[{"href":"https:\/\/www.chausseliere.com\/nl\/wp-json\/wp\/v2\/pages\/49206","targetHints":{"allow":["GET"]}}],"collection":[{"href":"https:\/\/www.chausseliere.com\/nl\/wp-json\/wp\/v2\/pages"}],"about":[{"href":"https:\/\/www.chausseliere.com\/nl\/wp-json\/wp\/v2\/types\/page"}],"author":[{"embeddable":true,"href":"https:\/\/www.chausseliere.com\/nl\/wp-json\/wp\/v2\/users\/4"}],"replies":[{"embeddable":true,"href":"https:\/\/www.chausseliere.com\/nl\/wp-json\/wp\/v2\/comments?post=49206"}],"version-history":[{"count":1,"href":"https:\/\/www.chausseliere.com\/nl\/wp-json\/wp\/v2\/pages\/49206\/revisions"}],"predecessor-version":[{"id":49207,"href":"https:\/\/www.chausseliere.com\/nl\/wp-json\/wp\/v2\/pages\/49206\/revisions\/49207"}],"up":[{"embeddable":true,"href":"https:\/\/www.chausseliere.com\/nl\/wp-json\/wp\/v2\/pages\/44704"}],"wp:featuredmedia":[{"embeddable":true,"href":"https:\/\/www.chausseliere.com\/nl\/wp-json\/wp\/v2\/media\/48796"}],"wp:attachment":[{"href":"https:\/\/www.chausseliere.com\/nl\/wp-json\/wp\/v2\/media?parent=49206"}],"wp:term":[{"taxonomy":"sujet","embeddable":true,"href":"https:\/\/www.chausseliere.com\/nl\/wp-json\/wp\/v2\/sujet?post=49206"}],"curies":[{"name":"wp","href":"https:\/\/api.w.org\/{rel}","templated":true}]}}