{"id":48451,"date":"2025-11-06T12:11:29","date_gmt":"2025-11-06T11:11:29","guid":{"rendered":"https:\/\/www.chausseliere.com\/actualites\/specialiteit-vendee\/"},"modified":"2025-11-06T12:11:29","modified_gmt":"2025-11-06T11:11:29","slug":"specialiteit-vendee","status":"publish","type":"page","link":"https:\/\/www.chausseliere.com\/nl\/actualites\/specialiteit-vendee\/","title":{"rendered":"De specialiteiten van Vend\u00e9e"},"content":{"rendered":"<section id=\"ls-section-block_7b9c104ac082e22bf67209071bc8639b\" class=\"ls-section  has-m-t m-t-0 has-m-b m-b-1\" >\r\n        <div class=\"container \">\r\n        \n\n<h1 class=\"ls__heading wp-block-heading has-text-align-center\"><strong>De Vend\u00e9e specialiteiten: een gastronomisch terroir <\/strong><\/h1>\n\n\n\n<p class=\"ls-paragraph\">De <strong>specialiteiten van de Vend\u00e9e<\/strong> maken integraal deel uit van de identiteit van de regio, waarbij zeevruchten, landrecepten en zoete lekkernijen worden gemengd. Bekend om zijn BGA brioche of zijn ham-mogettes, trekt de Vend\u00e9e jaarlijks duizenden bezoekers om nieuwsgierig te zijn naar dit unieke culinaire erfgoed. Of u nu met uw gezin op doorreis bent of op onze <a href=\"https:\/\/www.chausseliere.com\/?utm_source=chatgpt.com\">camping in de buurt van Puy du Fou<\/a> verblijft, dit artikel leidt u door de <strong>karakteristieke smaken<\/strong> die u niet mag missen.  <\/p>\n\n\n\n<h3 class=\"ls__heading wp-block-heading has-text-align-center\"><strong>Terroir vend\u00e9en: tussen zee en bocage<\/strong><\/h3>\n\n\n\n<p class=\"ls-paragraph has-text-align-left\">Vend\u00e9e is een land van contrasten, gedeeld tussen de Atlantische Oceaan, moerassen en bocage. Deze geografische diversiteit heeft een directe invloed op de <strong>gastronomie van de Vend\u00e9e, <\/strong>bekend om zijn authenticiteit en zijn gehechtheid aan lokale producten. De lokale specialiteiten weerspiegelen een balans tussen zeevruchten, karakteristieke groenten en landelijke recepten die van generatie op generatie zijn doorgegeven.  <\/p>\n\n\r\n    <\/div>\r\n<\/section><section id=\"ls-section-block_8c3274b9705e1d800c3873129d8b00e5\" class=\"ls-section  has-p-t p-t-0 has-p-b p-b-0\" >\r\n        <div class=\"container \">\r\n        \n\n<div class=\"wp-block-columns is-layout-flex wp-container-core-columns-is-layout-9d6595d7 wp-block-columns-is-layout-flex\">\n<div class=\"wp-block-column is-layout-flow wp-block-column-is-layout-flow\">\n<h3 class=\"ls__heading wp-block-heading\"><strong>Zeevruchten: zout, oesters, mosselen, vis<\/strong><\/h3>\n\n\n\n<p class=\"ls-paragraph\">Het is onmogelijk om de Vend\u00e9e te noemen zonder het <strong>gastronomische juweel<\/strong> te noemen: de <strong>Noirmoutier fleur de sel,<\/strong> bijgenaamd &#8220;witgoud&#8221;, met de hand geoogst in de kwelders. Aan de kant van gejodeerde producten behoren <strong>oesters van Noirmoutier<\/strong> en <strong>mosselen tot de musthave<\/strong>, vers geproefd op het terrein of bewerkt in traditionele recepten. Deze mariene specialiteiten getuigen van het belang van de kustlijn in de lokale keuken.  <\/p>\n<\/div>\n\n\n\n<div class=\"wp-block-column is-layout-flow wp-block-column-is-layout-flow\"><div class=\"wp-block-image\">\n<figure class=\"aligncenter size-large is-resized\"><img loading=\"lazy\" decoding=\"async\" width=\"1024\" height=\"576\" src=\"https:\/\/www.chausseliere.com\/wp-content\/uploads\/2025\/09\/oyster-989182_1280-1024x576.webp\" alt=\"producten van de zee \" class=\"wp-image-47305\" style=\"width:auto;height:350px\" srcset=\"https:\/\/www.chausseliere.com\/wp-content\/uploads\/2025\/09\/oyster-989182_1280-1024x576.webp 1024w, https:\/\/www.chausseliere.com\/wp-content\/uploads\/2025\/09\/oyster-989182_1280-300x169.webp 300w, https:\/\/www.chausseliere.com\/wp-content\/uploads\/2025\/09\/oyster-989182_1280-768x432.webp 768w, https:\/\/www.chausseliere.com\/wp-content\/uploads\/2025\/09\/oyster-989182_1280.webp 1280w\" sizes=\"auto, (max-width: 1024px) 100vw, 1024px\" \/><\/figure>\n<\/div><\/div>\n<\/div>\n\n\r\n    <\/div>\r\n<\/section><section id=\"ls-section-block_8c3274b9705e1d800c3873129d8b00e5\" class=\"ls-section  has-p-t p-t-0 has-p-b p-b-0\" >\r\n        <div class=\"container \">\r\n        \n\n<h3 class=\"ls__heading wp-block-heading\"><strong>Iconische groenten: mogette, potiron gris, aardappelen Bonnotte<\/strong><\/h3>\n\n\n\n<p class=\"ls-paragraph\">Aan de landzijde is de mogette uit de Vend\u00e9e, een witte boon met het label BGA, een belangrijk ingredi\u00ebnt in Vend\u00e9e-tafels. Het begeleidt gemakkelijk vleesgerechten en is opgenomen in het iconische recept voor <strong>ham-mogettes. <\/strong>Er is ook het p<strong>otiron gris des marais<\/strong>, gekweekt in wetlands, en vooral de beroemde aardappel<strong> Bonnotte de Noirmoutier,<\/strong> bekend om zijn delicate smaak en in beperkte hoeveelheden geproduceerd, wat het een uitzonderlijk product maakt.  <\/p>\n\n\n\n<h3 class=\"ls__heading wp-block-heading has-text-align-left\"><strong>Traditionele gerechten en typische vleeswaren<\/strong><\/h3>\n\n\n\n<p class=\"ls-paragraph\">De Vend\u00e9e-keuken is diep geworteld in de boerentraditie, met vleeswarenspecialiteiten die door de eeuwen heen bewaard zijn gebleven.<\/p>\n\n\r\n    <\/div>\r\n<\/section><section id=\"ls-section-block_8c3274b9705e1d800c3873129d8b00e5\" class=\"ls-section  has-p-t p-t-0 has-p-b p-b-0\" >\r\n        <div class=\"container \">\r\n        \n\n<div class=\"wp-block-columns is-layout-flex wp-container-core-columns-is-layout-9d6595d7 wp-block-columns-is-layout-flex\">\n<div class=\"wp-block-column is-layout-flow wp-block-column-is-layout-flow\"><div class=\"wp-block-image\">\n<figure class=\"aligncenter size-large\"><img loading=\"lazy\" decoding=\"async\" width=\"1024\" height=\"803\" src=\"https:\/\/www.chausseliere.com\/wp-content\/uploads\/2025\/09\/ham-1024x803.webp\" alt=\"Ham uit Vend&#xE9;e\" class=\"wp-image-47291\" srcset=\"https:\/\/www.chausseliere.com\/wp-content\/uploads\/2025\/09\/ham-1024x803.webp 1024w, https:\/\/www.chausseliere.com\/wp-content\/uploads\/2025\/09\/ham-300x235.webp 300w, https:\/\/www.chausseliere.com\/wp-content\/uploads\/2025\/09\/ham-768x602.webp 768w, https:\/\/www.chausseliere.com\/wp-content\/uploads\/2025\/09\/ham.webp 1280w\" sizes=\"auto, (max-width: 1024px) 100vw, 1024px\" \/><\/figure>\n<\/div><\/div>\n\n\n\n<div class=\"wp-block-column is-layout-flow wp-block-column-is-layout-flow\">\n<h4 class=\"ls__heading wp-block-heading\"><strong><mark style=\"background-color:rgba(0, 0, 0, 0)\" class=\"has-inline-color has-color-3-color\">HAM VAN VEND\u00c9E EN HAM-MEAT<\/mark><\/strong><\/h4>\n\n\n\n<p class=\"ls-paragraph\"><strong>Ham uit Vend\u00e9e<\/strong> heeft sinds 2014 een BGA. De bijzondere manier van zouten en raffineren, gebaseerd op zeezout en aromaten, geeft het een unieke smaak. Het wordt gewoon, gegrild of geassocieerd met de beroemde <strong>mogette <\/strong>en vormt het essenti\u00eble gerecht &#8220;ham-mogettes&#8221;, een waar symbool van de afdeling.  <\/p>\n<\/div>\n<\/div>\n\n\r\n    <\/div>\r\n<\/section><section id=\"ls-section-block_8c3274b9705e1d800c3873129d8b00e5\" class=\"ls-section  has-p-t p-t-0 has-p-b p-b-0\" >\r\n        <div class=\"container \">\r\n        \n\n<h4 class=\"ls__heading wp-block-heading\"><strong><mark style=\"background-color:rgba(0, 0, 0, 0)\" class=\"has-inline-color has-color-3-color\">FRESSURE, BOUDIN, FARCI POITEVIN<\/mark><\/strong><\/h4>\n\n\n\n<p class=\"ls-paragraph\">Andere landelijke specialiteiten, de<strong> fressuur <\/strong>(bereiding op basis van vlees- en varkensafval), de<strong> boudine<\/strong> (lokale andouille) of <strong>gevulde<\/strong>, pat\u00e9 van groenten gekookt in koolbladeren, getuigen van een oude culinaire knowhow waar niets verloren ging.<\/p>\n\n\n\n<h3 class=\"ls__heading wp-block-heading has-text-align-center\"><strong>Vend\u00e9e-snoepjes: gebak en zelfgemaakte desserts<\/strong><\/h3>\n\n\n\n<p class=\"ls-paragraph\">Vend\u00e9e staat ook bekend om zijn <strong>taarten en gebakjes<\/strong> die graag worden gedeeld tijdens feesten of met familie of tijdens uw verblijf op onze<a href=\"https:\/\/www.chausseliere.com\/nl\/het-hele-jaar-door-kamperen\/\"> camping die het hele jaar door geopend is.<\/a><\/p>\n\n\r\n    <\/div>\r\n<\/section><section id=\"ls-section-block_8c3274b9705e1d800c3873129d8b00e5\" class=\"ls-section  has-p-t p-t-0 has-p-b p-b-0\" >\r\n        <div class=\"container \">\r\n        \n\n<div class=\"wp-block-columns is-layout-flex wp-container-core-columns-is-layout-9d6595d7 wp-block-columns-is-layout-flex\">\n<div class=\"wp-block-column is-layout-flow wp-block-column-is-layout-flow\">\n<h4 class=\"ls__heading wp-block-heading\"><strong><mark style=\"background-color:rgba(0, 0, 0, 0)\" class=\"has-inline-color has-color-3-color\">BRIOCHE VEND\u00c9ENNE, G\u00c2CHE, G\u00c2TEAU-MINUTE<\/mark><\/strong><\/h4>\n\n\n\n<p class=\"ls-paragraph\">De <strong>Vend\u00e9e brioche<\/strong>, vaak gevlochten, is zacht en geurig met oranjebloesem. Zijn neef, de Vend\u00e9e g\u00e2che, dichter en ovaal, profiteert sinds 2013 van een BGA. D<strong>e minuscule cake, <\/strong>een mengsel van biscuitgebak en pondcake, verleidt met zijn eenvoud en opslagcapaciteit, waardoor het perfect is voor snacks.  <\/p>\n<\/div>\n\n\n\n<div class=\"wp-block-column is-layout-flow wp-block-column-is-layout-flow\"><div class=\"wp-block-image\">\n<figure class=\"aligncenter size-large\"><img loading=\"lazy\" decoding=\"async\" width=\"1024\" height=\"727\" src=\"https:\/\/www.chausseliere.com\/wp-content\/uploads\/2025\/09\/brioche-1024x727.webp\" alt=\"zelfgemaakte gebakjes en desserts&#10;\" class=\"wp-image-47294\" style=\"object-fit:cover\" srcset=\"https:\/\/www.chausseliere.com\/wp-content\/uploads\/2025\/09\/brioche-1024x727.webp 1024w, https:\/\/www.chausseliere.com\/wp-content\/uploads\/2025\/09\/brioche-300x213.webp 300w, https:\/\/www.chausseliere.com\/wp-content\/uploads\/2025\/09\/brioche-768x545.webp 768w, https:\/\/www.chausseliere.com\/wp-content\/uploads\/2025\/09\/brioche.webp 1201w\" sizes=\"auto, (max-width: 1024px) 100vw, 1024px\" \/><\/figure>\n<\/div><\/div>\n<\/div>\n\n\r\n    <\/div>\r\n<\/section><section id=\"ls-section-block_8c3274b9705e1d800c3873129d8b00e5\" class=\"ls-section  has-p-t p-t-0 has-p-b p-b-0\" >\r\n        <div class=\"container \">\r\n        \n\n<h4 class=\"ls__heading wp-block-heading\"><strong><mark style=\"background-color:rgba(0, 0, 0, 0)\" class=\"has-inline-color has-color-3-color\">SCHILDPADEN, MARKTGARDENING EN KAAS<\/mark><\/strong><\/h4>\n\n\n\n<p class=\"ls-paragraph\">Aan de feestelijke <strong>banketbakkerijzijde zijn de watermeloenen <\/strong>(of bottereaux) kleine donuts die tijdens het carnaval worden geproefd. <strong>Flan mara\u00eechin,<\/strong> ook wel &#8216;fion&#8217; genoemd, is een traditioneel recept van de moerassen, gemaakt met eieren en melk op smaak gebracht met vanille. Ten slotte maakt de <strong>fouace vend\u00e9enne, e<\/strong>en cake op smaak gebracht met oranjebloesem en cognac, dit rijke zoete palet compleet.  <\/p>\n\n\n\n<h3 class=\"ls__heading wp-block-heading has-text-align-center\"><strong>APERITIFTEN EN REGIONALE ALCOHOLS<\/strong><\/h3>\n\n\n\n<p class=\"ls-paragraph has-text-align-left\">De gezelligheid van de Vend\u00e9e omvat ook aperitieven en lokale drankjes.<\/p>\n\n\r\n    <\/div>\r\n<\/section><section id=\"ls-section-block_8c3274b9705e1d800c3873129d8b00e5\" class=\"ls-section  has-p-t p-t-0 has-p-b p-b-0\" >\r\n        <div class=\"container \">\r\n        \n\n<div class=\"wp-block-columns is-layout-flex wp-container-core-columns-is-layout-9d6595d7 wp-block-columns-is-layout-flex\">\n<div class=\"wp-block-column is-layout-flow wp-block-column-is-layout-flow\">\n<figure class=\"wp-block-image size-large\"><img loading=\"lazy\" decoding=\"async\" width=\"1024\" height=\"683\" src=\"https:\/\/www.chausseliere.com\/wp-content\/uploads\/2023\/01\/AdobeStock_306887048_resultat-1024x683.webp\" alt=\"Chausseliere camping vakantie\" class=\"wp-image-27632\" srcset=\"https:\/\/www.chausseliere.com\/wp-content\/uploads\/2023\/01\/AdobeStock_306887048_resultat-1024x683.webp 1024w, https:\/\/www.chausseliere.com\/wp-content\/uploads\/2023\/01\/AdobeStock_306887048_resultat-300x200.webp 300w, https:\/\/www.chausseliere.com\/wp-content\/uploads\/2023\/01\/AdobeStock_306887048_resultat-768x513.webp 768w, https:\/\/www.chausseliere.com\/wp-content\/uploads\/2023\/01\/AdobeStock_306887048_resultat-1536x1025.webp 1536w, https:\/\/www.chausseliere.com\/wp-content\/uploads\/2023\/01\/AdobeStock_306887048_resultat.webp 1798w\" sizes=\"auto, (max-width: 1024px) 100vw, 1024px\" \/><\/figure>\n<\/div>\n\n\n\n<div class=\"wp-block-column is-layout-flow wp-block-column-is-layout-flow\">\n<h4 class=\"ls__heading wp-block-heading\"><strong><mark style=\"background-color:rgba(0, 0, 0, 0)\" class=\"has-inline-color has-color-3-color\">PR\u00c9FOU, TROUSSEPINETTE, KIKI VEND\u00c9EN, KAMOK<\/mark><\/strong><\/h4>\n\n\n\n<p class=\"ls-paragraph\"><strong>Prefoo,<\/strong> warm brood gegarneerd met boter en knoflook, is een musthave voor aperitieven. Het wordt vaak vergezeld door lokale <strong>drankjes zoals de uitzette<\/strong>r (wijn op smaak gebracht met jonge scheuten van sleedoorn), de <strong>Vendean Kiki<\/strong> of zelfs de <strong>Kamok<\/strong>, een likeur op basis van koffie. Deze vloeibare specialiteiten weerspiegelen de smaak van de Vend\u00e9ens voor openhartige en genereuze smaken.  <\/p>\n<\/div>\n<\/div>\n\n\r\n    <\/div>\r\n<\/section><section id=\"ls-section-block_8c3274b9705e1d800c3873129d8b00e5\" class=\"ls-section  has-p-t p-t-0 has-p-b p-b-0\" >\r\n        <div class=\"container \">\r\n        \n\n<h3 class=\"ls__heading wp-block-heading has-text-align-center\"><strong>Suggesties voor het proeven van de Vend\u00e9e-specialiteiten<\/strong><\/h3>\n\n\n\n<p class=\"ls-paragraph\">Om van deze producten te genieten, niets beter dan een omweg door de <strong>lokale markten<\/strong>, rijk aan gepassioneerde producenten. De delicatessen en souvenirwinkels, zoals die bij <strong>Puy du Fou,<\/strong> bieden ook een fijne selectie van regionale producten. Tot slot kunt u met enkele gastronomische rondleidingen rechtstreeks de ambachtslieden ontmoeten en specialiteiten kopen om mee te nemen.<br\/>Van <strong>gejodeerde producten van Noirmoutier<\/strong> tot <strong>zoete gebakjes<\/strong> via <strong>ham-mogettes<\/strong>, de Vend\u00e9e-specialiteiten vormen een rijk en gevarieerd culinair erfgoed. Ze vertellen het verhaal van een terroir waar de zee en het land elkaar ontmoeten. Tijdens een verblijf in de regio, of het nu tijdens een cultureel bezoek of een gastronomische pauze is, biedt het proeven van deze specialiteiten jezelf een echte reis naar het hart van de Vend\u00e9e.    <\/p>\n\n\r\n    <\/div>\r\n<\/section>","protected":false},"excerpt":{"rendered":"","protected":false},"author":1,"featured_media":47299,"parent":44704,"menu_order":0,"comment_status":"closed","ping_status":"closed","template":"","meta":{"_acf_changed":false,"footnotes":""},"sujet":[195],"class_list":["post-48451","page","type-page","status-publish","has-post-thumbnail","hentry","sujet-visites"],"acf":[],"yoast_head":"<!-- This site is optimized with the Yoast SEO plugin v25.3 - https:\/\/yoast.com\/wordpress\/plugins\/seo\/ -->\n<title>Vend\u00e9e specialiteiten: smaken en typische producten van de Vend\u00e9e<\/title>\n<meta name=\"description\" content=\"Ontdek de specialiteiten van de Vend\u00e9e: brioche, ham, zeevruchten en lokale snoepjes. Een gastronomisch terroir tussen zee en bocage.\" \/>\n<meta name=\"robots\" content=\"index, follow, max-snippet:-1, max-image-preview:large, max-video-preview:-1\" \/>\n<link rel=\"canonical\" href=\"https:\/\/www.chausseliere.com\/nl\/actualites\/specialiteit-vendee\/\" \/>\n<meta property=\"og:locale\" content=\"nl_NL\" \/>\n<meta property=\"og:type\" content=\"article\" \/>\n<meta property=\"og:title\" content=\"Vend\u00e9e specialiteiten: smaken en typische producten van de Vend\u00e9e\" \/>\n<meta property=\"og:description\" content=\"Ontdek de specialiteiten van de Vend\u00e9e: brioche, ham, zeevruchten en lokale snoepjes. Een gastronomisch terroir tussen zee en bocage.\" \/>\n<meta property=\"og:url\" content=\"https:\/\/www.chausseliere.com\/nl\/actualites\/specialiteit-vendee\/\" \/>\n<meta property=\"og:site_name\" content=\"Camping du Lac de la Chausseli\u00e8re\" \/>\n<meta property=\"og:image\" content=\"https:\/\/www.chausseliere.com\/wp-content\/uploads\/2025\/09\/salt-marshes.webp\" \/>\n\t<meta property=\"og:image:width\" content=\"1000\" \/>\n\t<meta property=\"og:image:height\" content=\"666\" \/>\n\t<meta property=\"og:image:type\" content=\"image\/webp\" \/>\n<meta name=\"twitter:card\" content=\"summary_large_image\" \/>\n<meta name=\"twitter:label1\" content=\"Geschatte leestijd\" \/>\n\t<meta name=\"twitter:data1\" content=\"4 minuten\" \/>\n<script type=\"application\/ld+json\" class=\"yoast-schema-graph\">{\"@context\":\"https:\/\/schema.org\",\"@graph\":[{\"@type\":\"WebPage\",\"@id\":\"https:\/\/www.chausseliere.com\/nl\/actualites\/specialiteit-vendee\/\",\"url\":\"https:\/\/www.chausseliere.com\/nl\/actualites\/specialiteit-vendee\/\",\"name\":\"Vend\u00e9e specialiteiten: smaken en typische producten van de Vend\u00e9e\",\"isPartOf\":{\"@id\":\"https:\/\/www.chausseliere.com\/nl\/#website\"},\"primaryImageOfPage\":{\"@id\":\"https:\/\/www.chausseliere.com\/nl\/actualites\/specialiteit-vendee\/#primaryimage\"},\"image\":{\"@id\":\"https:\/\/www.chausseliere.com\/nl\/actualites\/specialiteit-vendee\/#primaryimage\"},\"thumbnailUrl\":\"https:\/\/www.chausseliere.com\/wp-content\/uploads\/2025\/09\/salt-marshes.webp\",\"datePublished\":\"2025-11-06T11:11:29+00:00\",\"description\":\"Ontdek de specialiteiten van de Vend\u00e9e: brioche, ham, zeevruchten en lokale snoepjes. Een gastronomisch terroir tussen zee en bocage.\",\"breadcrumb\":{\"@id\":\"https:\/\/www.chausseliere.com\/nl\/actualites\/specialiteit-vendee\/#breadcrumb\"},\"inLanguage\":\"nl-NL\",\"potentialAction\":[{\"@type\":\"ReadAction\",\"target\":[\"https:\/\/www.chausseliere.com\/nl\/actualites\/specialiteit-vendee\/\"]}]},{\"@type\":\"ImageObject\",\"inLanguage\":\"nl-NL\",\"@id\":\"https:\/\/www.chausseliere.com\/nl\/actualites\/specialiteit-vendee\/#primaryimage\",\"url\":\"https:\/\/www.chausseliere.com\/wp-content\/uploads\/2025\/09\/salt-marshes.webp\",\"contentUrl\":\"https:\/\/www.chausseliere.com\/wp-content\/uploads\/2025\/09\/salt-marshes.webp\",\"width\":1000,\"height\":666,\"caption\":\"De specialiteiten van Vend\u00e9e\"},{\"@type\":\"BreadcrumbList\",\"@id\":\"https:\/\/www.chausseliere.com\/nl\/actualites\/specialiteit-vendee\/#breadcrumb\",\"itemListElement\":[{\"@type\":\"ListItem\",\"position\":1,\"name\":\"Camping Puy du Fou\",\"item\":\"https:\/\/www.chausseliere.com\/nl\/\"},{\"@type\":\"ListItem\",\"position\":2,\"name\":\"Nieuws\",\"item\":\"https:\/\/www.chausseliere.com\/nl\/actualites\/\"},{\"@type\":\"ListItem\",\"position\":3,\"name\":\"Ontdek de Vend\u00e9e-specialiteiten\"}]},{\"@type\":\"WebSite\",\"@id\":\"https:\/\/www.chausseliere.com\/nl\/#website\",\"url\":\"https:\/\/www.chausseliere.com\/nl\/\",\"name\":\"Camping du Lac de la Chausseli\u00e8re\",\"description\":\"\",\"publisher\":{\"@id\":\"https:\/\/www.chausseliere.com\/nl\/#organization\"},\"potentialAction\":[{\"@type\":\"SearchAction\",\"target\":{\"@type\":\"EntryPoint\",\"urlTemplate\":\"https:\/\/www.chausseliere.com\/nl\/?s={search_term_string}\"},\"query-input\":{\"@type\":\"PropertyValueSpecification\",\"valueRequired\":true,\"valueName\":\"search_term_string\"}}],\"inLanguage\":\"nl-NL\"},{\"@type\":\"Organization\",\"@id\":\"https:\/\/www.chausseliere.com\/nl\/#organization\",\"name\":\"Camping du Lac de la Chausseli\u00e8re\",\"url\":\"https:\/\/www.chausseliere.com\/nl\/\",\"logo\":{\"@type\":\"ImageObject\",\"inLanguage\":\"nl-NL\",\"@id\":\"https:\/\/www.chausseliere.com\/nl\/#\/schema\/logo\/image\/\",\"url\":\"https:\/\/www.chausseliere.com\/wp-content\/uploads\/2023\/04\/Logo_Chausseliere_4Etoiles_blanc_HD_resultat.webp\",\"contentUrl\":\"https:\/\/www.chausseliere.com\/wp-content\/uploads\/2023\/04\/Logo_Chausseliere_4Etoiles_blanc_HD_resultat.webp\",\"width\":640,\"height\":406,\"caption\":\"Camping du Lac de la Chausseli\u00e8re\"},\"image\":{\"@id\":\"https:\/\/www.chausseliere.com\/nl\/#\/schema\/logo\/image\/\"}}]}<\/script>\n<!-- \/ Yoast SEO plugin. -->","yoast_head_json":{"title":"Vend\u00e9e specialiteiten: smaken en typische producten van de Vend\u00e9e","description":"Ontdek de specialiteiten van de Vend\u00e9e: brioche, ham, zeevruchten en lokale snoepjes. Een gastronomisch terroir tussen zee en bocage.","robots":{"index":"index","follow":"follow","max-snippet":"max-snippet:-1","max-image-preview":"max-image-preview:large","max-video-preview":"max-video-preview:-1"},"canonical":"https:\/\/www.chausseliere.com\/nl\/actualites\/specialiteit-vendee\/","og_locale":"nl_NL","og_type":"article","og_title":"Vend\u00e9e specialiteiten: smaken en typische producten van de Vend\u00e9e","og_description":"Ontdek de specialiteiten van de Vend\u00e9e: brioche, ham, zeevruchten en lokale snoepjes. Een gastronomisch terroir tussen zee en bocage.","og_url":"https:\/\/www.chausseliere.com\/nl\/actualites\/specialiteit-vendee\/","og_site_name":"Camping du Lac de la Chausseli\u00e8re","og_image":[{"width":1000,"height":666,"url":"https:\/\/www.chausseliere.com\/wp-content\/uploads\/2025\/09\/salt-marshes.webp","type":"image\/webp"}],"twitter_card":"summary_large_image","twitter_misc":{"Geschatte leestijd":"4 minuten"},"schema":{"@context":"https:\/\/schema.org","@graph":[{"@type":"WebPage","@id":"https:\/\/www.chausseliere.com\/nl\/actualites\/specialiteit-vendee\/","url":"https:\/\/www.chausseliere.com\/nl\/actualites\/specialiteit-vendee\/","name":"Vend\u00e9e specialiteiten: smaken en typische producten van de Vend\u00e9e","isPartOf":{"@id":"https:\/\/www.chausseliere.com\/nl\/#website"},"primaryImageOfPage":{"@id":"https:\/\/www.chausseliere.com\/nl\/actualites\/specialiteit-vendee\/#primaryimage"},"image":{"@id":"https:\/\/www.chausseliere.com\/nl\/actualites\/specialiteit-vendee\/#primaryimage"},"thumbnailUrl":"https:\/\/www.chausseliere.com\/wp-content\/uploads\/2025\/09\/salt-marshes.webp","datePublished":"2025-11-06T11:11:29+00:00","description":"Ontdek de specialiteiten van de Vend\u00e9e: brioche, ham, zeevruchten en lokale snoepjes. Een gastronomisch terroir tussen zee en bocage.","breadcrumb":{"@id":"https:\/\/www.chausseliere.com\/nl\/actualites\/specialiteit-vendee\/#breadcrumb"},"inLanguage":"nl-NL","potentialAction":[{"@type":"ReadAction","target":["https:\/\/www.chausseliere.com\/nl\/actualites\/specialiteit-vendee\/"]}]},{"@type":"ImageObject","inLanguage":"nl-NL","@id":"https:\/\/www.chausseliere.com\/nl\/actualites\/specialiteit-vendee\/#primaryimage","url":"https:\/\/www.chausseliere.com\/wp-content\/uploads\/2025\/09\/salt-marshes.webp","contentUrl":"https:\/\/www.chausseliere.com\/wp-content\/uploads\/2025\/09\/salt-marshes.webp","width":1000,"height":666,"caption":"De specialiteiten van Vend\u00e9e"},{"@type":"BreadcrumbList","@id":"https:\/\/www.chausseliere.com\/nl\/actualites\/specialiteit-vendee\/#breadcrumb","itemListElement":[{"@type":"ListItem","position":1,"name":"Camping Puy du Fou","item":"https:\/\/www.chausseliere.com\/nl\/"},{"@type":"ListItem","position":2,"name":"Nieuws","item":"https:\/\/www.chausseliere.com\/nl\/actualites\/"},{"@type":"ListItem","position":3,"name":"Ontdek de Vend\u00e9e-specialiteiten"}]},{"@type":"WebSite","@id":"https:\/\/www.chausseliere.com\/nl\/#website","url":"https:\/\/www.chausseliere.com\/nl\/","name":"Camping du Lac de la Chausseli\u00e8re","description":"","publisher":{"@id":"https:\/\/www.chausseliere.com\/nl\/#organization"},"potentialAction":[{"@type":"SearchAction","target":{"@type":"EntryPoint","urlTemplate":"https:\/\/www.chausseliere.com\/nl\/?s={search_term_string}"},"query-input":{"@type":"PropertyValueSpecification","valueRequired":true,"valueName":"search_term_string"}}],"inLanguage":"nl-NL"},{"@type":"Organization","@id":"https:\/\/www.chausseliere.com\/nl\/#organization","name":"Camping du Lac de la Chausseli\u00e8re","url":"https:\/\/www.chausseliere.com\/nl\/","logo":{"@type":"ImageObject","inLanguage":"nl-NL","@id":"https:\/\/www.chausseliere.com\/nl\/#\/schema\/logo\/image\/","url":"https:\/\/www.chausseliere.com\/wp-content\/uploads\/2023\/04\/Logo_Chausseliere_4Etoiles_blanc_HD_resultat.webp","contentUrl":"https:\/\/www.chausseliere.com\/wp-content\/uploads\/2023\/04\/Logo_Chausseliere_4Etoiles_blanc_HD_resultat.webp","width":640,"height":406,"caption":"Camping du Lac de la Chausseli\u00e8re"},"image":{"@id":"https:\/\/www.chausseliere.com\/nl\/#\/schema\/logo\/image\/"}}]}},"_links":{"self":[{"href":"https:\/\/www.chausseliere.com\/nl\/wp-json\/wp\/v2\/pages\/48451","targetHints":{"allow":["GET"]}}],"collection":[{"href":"https:\/\/www.chausseliere.com\/nl\/wp-json\/wp\/v2\/pages"}],"about":[{"href":"https:\/\/www.chausseliere.com\/nl\/wp-json\/wp\/v2\/types\/page"}],"author":[{"embeddable":true,"href":"https:\/\/www.chausseliere.com\/nl\/wp-json\/wp\/v2\/users\/1"}],"replies":[{"embeddable":true,"href":"https:\/\/www.chausseliere.com\/nl\/wp-json\/wp\/v2\/comments?post=48451"}],"version-history":[{"count":1,"href":"https:\/\/www.chausseliere.com\/nl\/wp-json\/wp\/v2\/pages\/48451\/revisions"}],"predecessor-version":[{"id":48452,"href":"https:\/\/www.chausseliere.com\/nl\/wp-json\/wp\/v2\/pages\/48451\/revisions\/48452"}],"up":[{"embeddable":true,"href":"https:\/\/www.chausseliere.com\/nl\/wp-json\/wp\/v2\/pages\/44704"}],"wp:featuredmedia":[{"embeddable":true,"href":"https:\/\/www.chausseliere.com\/nl\/wp-json\/wp\/v2\/media\/47299"}],"wp:attachment":[{"href":"https:\/\/www.chausseliere.com\/nl\/wp-json\/wp\/v2\/media?parent=48451"}],"wp:term":[{"taxonomy":"sujet","embeddable":true,"href":"https:\/\/www.chausseliere.com\/nl\/wp-json\/wp\/v2\/sujet?post=48451"}],"curies":[{"name":"wp","href":"https:\/\/api.w.org\/{rel}","templated":true}]}}