{"id":48449,"date":"2025-11-06T11:51:30","date_gmt":"2025-11-06T10:51:30","guid":{"rendered":"https:\/\/www.chausseliere.com\/actualites\/lac-de-la-bultiere\/"},"modified":"2025-11-06T11:51:30","modified_gmt":"2025-11-06T10:51:30","slug":"lac-de-la-bultiere","status":"publish","type":"page","link":"https:\/\/www.chausseliere.com\/nl\/actualites\/lac-de-la-bultiere\/","title":{"rendered":"Lac de la Bulti\u00e8re:"},"content":{"rendered":"<section id=\"ls-section-block_07618f6128de2d213f51dd6eb9416604\" class=\"ls-section \" >\r\n        <div class=\"container \">\r\n        \n\n<h1 class=\"ls__heading wp-block-heading has-text-align-center\">Lac de la Bulti\u00e8re:<\/h1>\n\n\n\n<p class=\"ls-paragraph\">Lake Bulti\u00e8re, gelegen in de Vend\u00e9e, is een waterreservoir van meer dan 72 hectare, bekend om zowel de bewaarde landschappen als om buitenactiviteiten zoals vissen en kano\u00ebn. Echt ecologisch reservoir, het levert drinkwater aan bijna 45.000 inwoners, waardoor het zowel een strategische plek is als een plek om te ontspannen. Mis het niet te ontdekken tijdens uw verblijf op onze <a href=\"https:\/\/www.chausseliere.com\/nl\/\">camping bij Puy du Fou.<\/a>  <br\/><\/p>\n\n\n\n<h2 class=\"ls__heading wp-block-heading\"><strong>Algemene presentatie van het meer van de Bulti\u00e8re<\/strong><\/h2>\n\n\n\n<h3 class=\"ls__heading wp-block-heading\"><strong>Oorsprong en hydrologische kenmerken<\/strong><\/h3>\n\n\n\n<p class=\"ls-paragraph\"><strong>Het meer van La Bulti\u00e8re <\/strong>is een kunstreservoir in de gemeente Chavagnes-en-Paillers, in de Vend\u00e9e. Gemaakt door de gelijknamige dam, gebouwd aan de Grande Maine-rivier, vormt het een strategisch reservoir voor de levering van drinkwater aan bijna 45.000 inwoners van het grondgebied. De constructie werd eind jaren tachtig in gebruik genomen en is ongeveer 25 meter hoog en bevat een volume van enkele miljoenen m3 water.<br\/>Het meer strekt zich uit <strong>over meer dan 72 hectare,<\/strong> met bijna 7 km toegankelijke oevers, waardoor het een ideale plek is voor vissen, wandelen en wateractiviteiten.  <\/p>\n\n\n\n<h3 class=\"ls__heading wp-block-heading\"><strong>Natuurlijke omgeving en biodiversiteit<\/strong><\/h3>\n\n\n\n<p class=\"ls-paragraph\">Het meer is omgeven door een rijke omgeving: weiden, wetlands en bossen cre\u00ebren een moza\u00efek van ecosystemen die bevorderlijk zijn voor de lokale fauna en flora. De aquatische biodiversiteit is opmerkelijk, met een gevarieerde ichthyofauna inclusief brasem, ross, huidschilfers, baars, snoek en karpers.<br\/>Regelmatige monitoring maakt het mogelijk om de kwaliteit van water te bewaken, wat essentieel is voor zowel de biodiversiteit als voor haar rol bij het leveren van drinkwater. De site blijft gevoelig voor de omringende landbouwdruk, die een zorgvuldig beheer en milieuvriendelijke praktijken vereist.  <\/p>\n\n\n<div class=\"wp-block-image\">\n<figure class=\"aligncenter size-full\"><img loading=\"lazy\" decoding=\"async\" width=\"750\" height=\"350\" src=\"https:\/\/www.chausseliere.com\/wp-content\/uploads\/2025\/10\/Kayac-Lac-de-la-Bultiere-_.webp\" alt=\"Kayac Lac de la Bulti&#xE8;re\" class=\"wp-image-47671\" srcset=\"https:\/\/www.chausseliere.com\/wp-content\/uploads\/2025\/10\/Kayac-Lac-de-la-Bultiere-_.webp 750w, https:\/\/www.chausseliere.com\/wp-content\/uploads\/2025\/10\/Kayac-Lac-de-la-Bultiere-_-300x140.webp 300w\" sizes=\"auto, (max-width: 750px) 100vw, 750px\" \/><\/figure>\n<\/div>\n\n\n<h2 class=\"ls__heading wp-block-heading\"><strong>Vissen aan het meer van La Bulti\u00e8re: praktische informatie<\/strong><\/h2>\n\n\n\n<h3 class=\"ls__heading wp-block-heading\"><strong>Visserijroutes en voorschriften<\/strong><\/h3>\n\n\n\n<p class=\"ls-paragraph\"><strong>Het meer van La Bulti\u00e8re <\/strong>is een openbare viscursus die openstaat voor alle houders van een viskaart. Verschillende sectoren maken het mogelijk om zowel amateurs als enthousiastelingen te verwelkomen, met gebieden die zijn aangepast aan het spel, karpervissen of zelfs carnivoren.<br\/>De meest gewilde vissen zijn gevarieerd: overvloedige brasem en rotengles voor beginnende vissers, maar ook snoek, huidschilfers en baars voor sensatiezoekers. Zeevissers zullen de gebieden waarderen die zijn gewijd aan nachtvissen, georganiseerd in specifieke sectoren.<br\/>De regelgeving vereist uiteraard naleving van wettelijke maten, quota en sluitingstermijnen. Lokale vissersverenigingen houden toezicht op de activiteit en organiseren regelmatig activiteiten of wedstrijden.   <\/p>\n\n\n\n<h3 class=\"ls__heading wp-block-heading\"><strong>Beste periodes en tips om te vissen<\/strong><\/h3>\n\n\n\n<p class=\"ls-paragraph\">Vissen is het hele jaar door mogelijk, maar sommige seizoenen zijn gunstiger. Lente en herfst bieden geweldige kansen voor de vleeseter, terwijl de zomer bevoorrecht blijft voor witte vis en karpers.<br\/>De beste tijden van de dag zijn bij zonsopgang en zonsondergang, periodes waarin vissen actiever zijn.<br\/>Om te slagen, geeft u prioriteit aan de aangepaste technieken: blaasvissen of vissen met grote staven op cypriniden, zacht kunstaasvissen op huidschilfers of baars en haarassemblage voor karpers. <\/p>\n\n\n\n<h2 class=\"ls__heading wp-block-heading\"><strong>Wateractiviteiten aan het meer: kano\u00ebn, peddelen, watersporten<\/strong><\/h2>\n\n\n\n<p class=\"ls-paragraph\">Naast vissen wordt de site gewaardeerd om zijn watersporten. <strong>La Base Nautique de la Bulti\u00e8re <\/strong>biedt verhuur van kano\u00ebn, kajakken en stand-up paddles. Er worden ook initiaties en begeleide wandelingen georganiseerd om het meer vanuit een andere hoek te ontdekken.<br\/>De tarieven blijven toegankelijk, met verhuur per uur of een halve dag, geschikt voor gezinnen en groepen. De praktijk staat onder toezicht en is veilig, met verplichte reddingsvesten en persoonlijk advies. Een prachtige manier om te genieten van de rust van dit ongerepte meer.    <\/p>\n\n\n<div class=\"wp-block-image\">\n<figure class=\"aligncenter size-full\"><img loading=\"lazy\" decoding=\"async\" width=\"750\" height=\"350\" src=\"https:\/\/www.chausseliere.com\/wp-content\/uploads\/2025\/10\/activite-autour-du-lac-de-la-Bultiere-en-Vendee.webp\" alt=\"activiteit rond het meer van Bulti&#xE8;re in de Vend&#xE9;e\" class=\"wp-image-47680\" srcset=\"https:\/\/www.chausseliere.com\/wp-content\/uploads\/2025\/10\/activite-autour-du-lac-de-la-Bultiere-en-Vendee.webp 750w, https:\/\/www.chausseliere.com\/wp-content\/uploads\/2025\/10\/activite-autour-du-lac-de-la-Bultiere-en-Vendee-300x140.webp 300w\" sizes=\"auto, (max-width: 750px) 100vw, 750px\" \/><\/figure>\n<\/div>\n\n\n<h2 class=\"ls__heading wp-block-heading\"><strong>Toegang, uitrusting en faciliteiten rond het meer<\/strong><\/h2>\n\n\n\n<h3 class=\"ls__heading wp-block-heading\"><strong>Hoe kom je bij het meer van La Bulti\u00e8re<\/strong><\/h3>\n\n\n\n<p class=\"ls-paragraph\">Het meer ligt in Chavagnes-en-Paillers, in het hart van de Vend\u00e9e-bocage. Het is gemakkelijk bereikbaar met de auto en ligt op ongeveer dertig minuten van La Roche-sur-Yon en op minder dan een uur van Nantes. In de buurt worden parkeerplaatsen aangelegd om de ontvangst van bezoekers te vergemakkelijken.  <\/p>\n\n\n\n<h3 class=\"ls__heading wp-block-heading\"><strong>Nuttige infrastructuur en apparatuur<\/strong><\/h3>\n\n\n\n<p class=\"ls-paragraph\">Met een wandelpad kun je rond het meer gaan en biedt je een prachtig uitzicht op de dam en de bocage-landschappen. De aangelegde banken herbergen rustruimten met banken en picknicktafels, ideaal voor een gezinsvakantie. Er zijn ook enkele water- en sanitaire punten in de buurt van de drukste gebieden.  <\/p>\n\n\n\n<p class=\"ls-paragraph\"><strong>Praktisch advies en voorzorgsmaatregelen voor de bezoeker<\/strong><\/p>\n\n\n\n<p class=\"ls-paragraph\">Om optimaal van de site te genieten, is het belangrijk om bepaalde eenvoudige regels te volgen:<\/p>\n\n\n\n<ul class=\"ls-list ls-list-undefined wp-block-list\">\n<li>Laat geen afval achter en blijf op de paden om de biodiversiteit te behouden.<br\/><\/li>\n\n\n\n<li>Informeer uzelf over lokale regelgeving, met name met betrekking tot visserij- of nautische activiteiten.<br\/><\/li>\n\n\n\n<li>Bereid uw apparatuur voor volgens de geplande activiteit: suikerriet, lokvogels of reddingsvest.<br\/><\/li>\n\n\n\n<li>Controleer het weer en het waterpeil voordat u vertrekt, vooral als u een boottocht plant.<br\/><\/li>\n<\/ul>\n\n\n\n<p class=\"ls-paragraph\"><strong>Het meer van La Bulti\u00e8re<\/strong> is veel meer dan een eenvoudig waterreservoir: het is een plek waar openbaar nut, biodiversiteit en openluchtrecreatie zich vermengen. Of u nu een visser, watersportliefhebber of gewoon op zoek bent naar de natuur, deze Vend\u00e9e-site biedt een bevoorrechte omgeving. Een leuk idee om uitje te ontdekken tijdens een verblijf in de regio.  <\/p>\n\n\r\n    <\/div>\r\n<\/section>","protected":false},"excerpt":{"rendered":"","protected":false},"author":4,"featured_media":47676,"parent":44704,"menu_order":0,"comment_status":"closed","ping_status":"closed","template":"","meta":{"_acf_changed":false,"footnotes":""},"sujet":[195],"class_list":["post-48449","page","type-page","status-publish","has-post-thumbnail","hentry","sujet-visites"],"acf":[],"yoast_head":"<!-- This site is optimized with the Yoast SEO plugin v25.3 - https:\/\/yoast.com\/wordpress\/plugins\/seo\/ -->\n<title>Lac de la Bulti\u00e8re in de Vend\u00e9e: vissen, watersporten en ongerepte natuur<\/title>\n<meta name=\"description\" content=\"Ontdek het meer van Bulti\u00e8re in de Vend\u00e9e: vissen, kano\u00ebn, peddelen, wandelen en biodiversiteit. Een natuurlijke plek ideaal voor een uitje of een kampeerverblijf.\" \/>\n<meta name=\"robots\" content=\"index, follow, max-snippet:-1, max-image-preview:large, max-video-preview:-1\" \/>\n<link rel=\"canonical\" href=\"https:\/\/www.chausseliere.com\/nl\/actualites\/lac-de-la-bultiere\/\" \/>\n<meta property=\"og:locale\" content=\"nl_NL\" \/>\n<meta property=\"og:type\" content=\"article\" \/>\n<meta property=\"og:title\" content=\"Lac de la Bulti\u00e8re in de Vend\u00e9e: vissen, watersporten en ongerepte natuur\" \/>\n<meta property=\"og:description\" content=\"Ontdek het meer van Bulti\u00e8re in de Vend\u00e9e: vissen, kano\u00ebn, peddelen, wandelen en biodiversiteit. Een natuurlijke plek ideaal voor een uitje of een kampeerverblijf.\" \/>\n<meta property=\"og:url\" content=\"https:\/\/www.chausseliere.com\/nl\/actualites\/lac-de-la-bultiere\/\" \/>\n<meta property=\"og:site_name\" content=\"Camping du Lac de la Chausseli\u00e8re\" \/>\n<meta property=\"og:image\" content=\"https:\/\/www.chausseliere.com\/wp-content\/uploads\/2025\/10\/Lac-de-la-Bultiere.jpg\" \/>\n\t<meta property=\"og:image:width\" content=\"1280\" \/>\n\t<meta property=\"og:image:height\" content=\"733\" \/>\n\t<meta property=\"og:image:type\" content=\"image\/jpeg\" \/>\n<meta name=\"twitter:card\" content=\"summary_large_image\" \/>\n<meta name=\"twitter:label1\" content=\"Geschatte leestijd\" \/>\n\t<meta name=\"twitter:data1\" content=\"4 minuten\" \/>\n<script type=\"application\/ld+json\" class=\"yoast-schema-graph\">{\"@context\":\"https:\/\/schema.org\",\"@graph\":[{\"@type\":\"WebPage\",\"@id\":\"https:\/\/www.chausseliere.com\/nl\/actualites\/lac-de-la-bultiere\/\",\"url\":\"https:\/\/www.chausseliere.com\/nl\/actualites\/lac-de-la-bultiere\/\",\"name\":\"Lac de la Bulti\u00e8re in de Vend\u00e9e: vissen, watersporten en ongerepte natuur\",\"isPartOf\":{\"@id\":\"https:\/\/www.chausseliere.com\/nl\/#website\"},\"primaryImageOfPage\":{\"@id\":\"https:\/\/www.chausseliere.com\/nl\/actualites\/lac-de-la-bultiere\/#primaryimage\"},\"image\":{\"@id\":\"https:\/\/www.chausseliere.com\/nl\/actualites\/lac-de-la-bultiere\/#primaryimage\"},\"thumbnailUrl\":\"https:\/\/www.chausseliere.com\/wp-content\/uploads\/2025\/10\/Lac-de-la-Bultiere.jpg\",\"datePublished\":\"2025-11-06T10:51:30+00:00\",\"description\":\"Ontdek het meer van Bulti\u00e8re in de Vend\u00e9e: vissen, kano\u00ebn, peddelen, wandelen en biodiversiteit. Een natuurlijke plek ideaal voor een uitje of een kampeerverblijf.\",\"breadcrumb\":{\"@id\":\"https:\/\/www.chausseliere.com\/nl\/actualites\/lac-de-la-bultiere\/#breadcrumb\"},\"inLanguage\":\"nl-NL\",\"potentialAction\":[{\"@type\":\"ReadAction\",\"target\":[\"https:\/\/www.chausseliere.com\/nl\/actualites\/lac-de-la-bultiere\/\"]}]},{\"@type\":\"ImageObject\",\"inLanguage\":\"nl-NL\",\"@id\":\"https:\/\/www.chausseliere.com\/nl\/actualites\/lac-de-la-bultiere\/#primaryimage\",\"url\":\"https:\/\/www.chausseliere.com\/wp-content\/uploads\/2025\/10\/Lac-de-la-Bultiere.jpg\",\"contentUrl\":\"https:\/\/www.chausseliere.com\/wp-content\/uploads\/2025\/10\/Lac-de-la-Bultiere.jpg\",\"width\":1280,\"height\":733,\"caption\":\"Lac de la Bulti\u00e8re\"},{\"@type\":\"BreadcrumbList\",\"@id\":\"https:\/\/www.chausseliere.com\/nl\/actualites\/lac-de-la-bultiere\/#breadcrumb\",\"itemListElement\":[{\"@type\":\"ListItem\",\"position\":1,\"name\":\"Camping Puy du Fou\",\"item\":\"https:\/\/www.chausseliere.com\/nl\/\"},{\"@type\":\"ListItem\",\"position\":2,\"name\":\"Nieuws\",\"item\":\"https:\/\/www.chausseliere.com\/nl\/actualites\/\"},{\"@type\":\"ListItem\",\"position\":3,\"name\":\"Lac de la Bulti\u00e8re in de Vend\u00e9e\"}]},{\"@type\":\"WebSite\",\"@id\":\"https:\/\/www.chausseliere.com\/nl\/#website\",\"url\":\"https:\/\/www.chausseliere.com\/nl\/\",\"name\":\"Camping du Lac de la Chausseli\u00e8re\",\"description\":\"\",\"publisher\":{\"@id\":\"https:\/\/www.chausseliere.com\/nl\/#organization\"},\"potentialAction\":[{\"@type\":\"SearchAction\",\"target\":{\"@type\":\"EntryPoint\",\"urlTemplate\":\"https:\/\/www.chausseliere.com\/nl\/?s={search_term_string}\"},\"query-input\":{\"@type\":\"PropertyValueSpecification\",\"valueRequired\":true,\"valueName\":\"search_term_string\"}}],\"inLanguage\":\"nl-NL\"},{\"@type\":\"Organization\",\"@id\":\"https:\/\/www.chausseliere.com\/nl\/#organization\",\"name\":\"Camping du Lac de la Chausseli\u00e8re\",\"url\":\"https:\/\/www.chausseliere.com\/nl\/\",\"logo\":{\"@type\":\"ImageObject\",\"inLanguage\":\"nl-NL\",\"@id\":\"https:\/\/www.chausseliere.com\/nl\/#\/schema\/logo\/image\/\",\"url\":\"https:\/\/www.chausseliere.com\/wp-content\/uploads\/2023\/04\/Logo_Chausseliere_4Etoiles_blanc_HD_resultat.webp\",\"contentUrl\":\"https:\/\/www.chausseliere.com\/wp-content\/uploads\/2023\/04\/Logo_Chausseliere_4Etoiles_blanc_HD_resultat.webp\",\"width\":640,\"height\":406,\"caption\":\"Camping du Lac de la Chausseli\u00e8re\"},\"image\":{\"@id\":\"https:\/\/www.chausseliere.com\/nl\/#\/schema\/logo\/image\/\"}}]}<\/script>\n<!-- \/ Yoast SEO plugin. -->","yoast_head_json":{"title":"Lac de la Bulti\u00e8re in de Vend\u00e9e: vissen, watersporten en ongerepte natuur","description":"Ontdek het meer van Bulti\u00e8re in de Vend\u00e9e: vissen, kano\u00ebn, peddelen, wandelen en biodiversiteit. Een natuurlijke plek ideaal voor een uitje of een kampeerverblijf.","robots":{"index":"index","follow":"follow","max-snippet":"max-snippet:-1","max-image-preview":"max-image-preview:large","max-video-preview":"max-video-preview:-1"},"canonical":"https:\/\/www.chausseliere.com\/nl\/actualites\/lac-de-la-bultiere\/","og_locale":"nl_NL","og_type":"article","og_title":"Lac de la Bulti\u00e8re in de Vend\u00e9e: vissen, watersporten en ongerepte natuur","og_description":"Ontdek het meer van Bulti\u00e8re in de Vend\u00e9e: vissen, kano\u00ebn, peddelen, wandelen en biodiversiteit. Een natuurlijke plek ideaal voor een uitje of een kampeerverblijf.","og_url":"https:\/\/www.chausseliere.com\/nl\/actualites\/lac-de-la-bultiere\/","og_site_name":"Camping du Lac de la Chausseli\u00e8re","og_image":[{"width":1280,"height":733,"url":"https:\/\/www.chausseliere.com\/wp-content\/uploads\/2025\/10\/Lac-de-la-Bultiere.jpg","type":"image\/jpeg"}],"twitter_card":"summary_large_image","twitter_misc":{"Geschatte leestijd":"4 minuten"},"schema":{"@context":"https:\/\/schema.org","@graph":[{"@type":"WebPage","@id":"https:\/\/www.chausseliere.com\/nl\/actualites\/lac-de-la-bultiere\/","url":"https:\/\/www.chausseliere.com\/nl\/actualites\/lac-de-la-bultiere\/","name":"Lac de la Bulti\u00e8re in de Vend\u00e9e: vissen, watersporten en ongerepte natuur","isPartOf":{"@id":"https:\/\/www.chausseliere.com\/nl\/#website"},"primaryImageOfPage":{"@id":"https:\/\/www.chausseliere.com\/nl\/actualites\/lac-de-la-bultiere\/#primaryimage"},"image":{"@id":"https:\/\/www.chausseliere.com\/nl\/actualites\/lac-de-la-bultiere\/#primaryimage"},"thumbnailUrl":"https:\/\/www.chausseliere.com\/wp-content\/uploads\/2025\/10\/Lac-de-la-Bultiere.jpg","datePublished":"2025-11-06T10:51:30+00:00","description":"Ontdek het meer van Bulti\u00e8re in de Vend\u00e9e: vissen, kano\u00ebn, peddelen, wandelen en biodiversiteit. Een natuurlijke plek ideaal voor een uitje of een kampeerverblijf.","breadcrumb":{"@id":"https:\/\/www.chausseliere.com\/nl\/actualites\/lac-de-la-bultiere\/#breadcrumb"},"inLanguage":"nl-NL","potentialAction":[{"@type":"ReadAction","target":["https:\/\/www.chausseliere.com\/nl\/actualites\/lac-de-la-bultiere\/"]}]},{"@type":"ImageObject","inLanguage":"nl-NL","@id":"https:\/\/www.chausseliere.com\/nl\/actualites\/lac-de-la-bultiere\/#primaryimage","url":"https:\/\/www.chausseliere.com\/wp-content\/uploads\/2025\/10\/Lac-de-la-Bultiere.jpg","contentUrl":"https:\/\/www.chausseliere.com\/wp-content\/uploads\/2025\/10\/Lac-de-la-Bultiere.jpg","width":1280,"height":733,"caption":"Lac de la Bulti\u00e8re"},{"@type":"BreadcrumbList","@id":"https:\/\/www.chausseliere.com\/nl\/actualites\/lac-de-la-bultiere\/#breadcrumb","itemListElement":[{"@type":"ListItem","position":1,"name":"Camping Puy du Fou","item":"https:\/\/www.chausseliere.com\/nl\/"},{"@type":"ListItem","position":2,"name":"Nieuws","item":"https:\/\/www.chausseliere.com\/nl\/actualites\/"},{"@type":"ListItem","position":3,"name":"Lac de la Bulti\u00e8re in de Vend\u00e9e"}]},{"@type":"WebSite","@id":"https:\/\/www.chausseliere.com\/nl\/#website","url":"https:\/\/www.chausseliere.com\/nl\/","name":"Camping du Lac de la Chausseli\u00e8re","description":"","publisher":{"@id":"https:\/\/www.chausseliere.com\/nl\/#organization"},"potentialAction":[{"@type":"SearchAction","target":{"@type":"EntryPoint","urlTemplate":"https:\/\/www.chausseliere.com\/nl\/?s={search_term_string}"},"query-input":{"@type":"PropertyValueSpecification","valueRequired":true,"valueName":"search_term_string"}}],"inLanguage":"nl-NL"},{"@type":"Organization","@id":"https:\/\/www.chausseliere.com\/nl\/#organization","name":"Camping du Lac de la Chausseli\u00e8re","url":"https:\/\/www.chausseliere.com\/nl\/","logo":{"@type":"ImageObject","inLanguage":"nl-NL","@id":"https:\/\/www.chausseliere.com\/nl\/#\/schema\/logo\/image\/","url":"https:\/\/www.chausseliere.com\/wp-content\/uploads\/2023\/04\/Logo_Chausseliere_4Etoiles_blanc_HD_resultat.webp","contentUrl":"https:\/\/www.chausseliere.com\/wp-content\/uploads\/2023\/04\/Logo_Chausseliere_4Etoiles_blanc_HD_resultat.webp","width":640,"height":406,"caption":"Camping du Lac de la Chausseli\u00e8re"},"image":{"@id":"https:\/\/www.chausseliere.com\/nl\/#\/schema\/logo\/image\/"}}]}},"_links":{"self":[{"href":"https:\/\/www.chausseliere.com\/nl\/wp-json\/wp\/v2\/pages\/48449","targetHints":{"allow":["GET"]}}],"collection":[{"href":"https:\/\/www.chausseliere.com\/nl\/wp-json\/wp\/v2\/pages"}],"about":[{"href":"https:\/\/www.chausseliere.com\/nl\/wp-json\/wp\/v2\/types\/page"}],"author":[{"embeddable":true,"href":"https:\/\/www.chausseliere.com\/nl\/wp-json\/wp\/v2\/users\/4"}],"replies":[{"embeddable":true,"href":"https:\/\/www.chausseliere.com\/nl\/wp-json\/wp\/v2\/comments?post=48449"}],"version-history":[{"count":1,"href":"https:\/\/www.chausseliere.com\/nl\/wp-json\/wp\/v2\/pages\/48449\/revisions"}],"predecessor-version":[{"id":48450,"href":"https:\/\/www.chausseliere.com\/nl\/wp-json\/wp\/v2\/pages\/48449\/revisions\/48450"}],"up":[{"embeddable":true,"href":"https:\/\/www.chausseliere.com\/nl\/wp-json\/wp\/v2\/pages\/44704"}],"wp:featuredmedia":[{"embeddable":true,"href":"https:\/\/www.chausseliere.com\/nl\/wp-json\/wp\/v2\/media\/47676"}],"wp:attachment":[{"href":"https:\/\/www.chausseliere.com\/nl\/wp-json\/wp\/v2\/media?parent=48449"}],"wp:term":[{"taxonomy":"sujet","embeddable":true,"href":"https:\/\/www.chausseliere.com\/nl\/wp-json\/wp\/v2\/sujet?post=48449"}],"curies":[{"name":"wp","href":"https:\/\/api.w.org\/{rel}","templated":true}]}}