{"id":44704,"date":"2024-01-16T09:27:51","date_gmt":"2024-01-16T08:27:51","guid":{"rendered":"https:\/\/www.chausseliere.com\/actualites\/"},"modified":"2025-11-07T14:06:21","modified_gmt":"2025-11-07T13:06:21","slug":"actualites","status":"publish","type":"page","link":"https:\/\/www.chausseliere.com\/nl\/actualites\/","title":{"rendered":"Nieuws"},"content":{"rendered":"<section id=\"ls-section-block_780b707efbf0ae9c817aff7aefc92711\" class=\"ls-section  home-first page-title insta-cta has-p-b p-b-5\" >\r\n        <div class=\"container container--wide\">\r\n        \n\n<h1 class=\"ls__heading wp-block-heading has-text-align-center\">Nieuws<\/h1>\n\n\n\n<p class=\"ls-paragraph has-text-align-center\"><strong>LES DERNI\u00c8RES NOUVELLES DU CAMPING DU LAC DE LA CHAUSSELI\u00c8RE !<\/strong><\/p>\n\n\n\n<p class=\"ls-paragraph has-text-align-center\">Au Lac de la Chausseli\u00e8re****, <a href=\"\/\">camping proche du Puy du Fou<\/a>, chaque saison, il y a des \u00e9volutions et des nouveaut\u00e9s pour vous surprendre et faire de votre s\u00e9jour en Vend\u00e9e soit une vraie r\u00e9ussite ! Vind hieronder al het nieuws van de camping van de Guyonniere en aarzel niet om ze te delen.<\/p>\n\n\n<div id=\"ls-maillage-block_f5219535a106570acd919041645f4d32\" class=\"ls-maillage cta-style-normal\" data-rows=\"4\">\r\n    <div class=\"cat-list\"><button class=\"cat-list_item is-checked\" style=\"order: 1\" data-slug=\"*\">Alle artikelen<\/button><button class=\"cat-list_item\" style=\"order: 2\" data-slug=\"visites\"> Visites<\/button><\/div><div class=\"les-actus\"><div class=\"ls-cta visites\" data-slug=\" visites\">\n\n<a href=\"https:\/\/www.chausseliere.com\/nl\/actualites\/plus-beaux-villages-vendee\/\" target=\"\" rel=\"noopener\" class=\"ls-cta__link\">\n\n\t<div class=\"ls-cta__image\"><img decoding=\"async\" src=\"https:\/\/www.chausseliere.com\/wp-content\/uploads\/2025\/11\/apremont.webp\" alt=\"\"><\/div>\n\t<div class=\"ls-cta__title\">\n\t\tTop 5 van de mooiste dorpen in de Vend\u00e9e\t<\/div>\n\n\t\n<\/a><\/div><div class=\"ls-cta visites\" data-slug=\" visites\">\n\n<a href=\"https:\/\/www.chausseliere.com\/nl\/actualites\/brioche-vendeenne\/\" target=\"\" rel=\"noopener\" class=\"ls-cta__link\">\n\n\t<div class=\"ls-cta__image\"><img decoding=\"async\" src=\"https:\/\/www.chausseliere.com\/wp-content\/uploads\/2025\/12\/La-brioche-vendeenne.webp\" alt=\"De Vend\u00e9e brioche\"><\/div>\n\t<div class=\"ls-cta__title\">\n\t\tDe Vend\u00e9e brioche\t<\/div>\n\n\t\n<\/a><\/div><div class=\"ls-cta visites\" data-slug=\" visites\">\n\n<a href=\"https:\/\/www.chausseliere.com\/nl\/actualites\/week%e2%80%91end-en-vendee\/\" target=\"\" rel=\"noopener\" class=\"ls-cta__link\">\n\n\t<div class=\"ls-cta__image\"><img decoding=\"async\" src=\"https:\/\/www.chausseliere.com\/wp-content\/uploads\/2025\/07\/Week\u2011end-en-Vendee-768x345.webp\" alt=\"Weekend in Vend\u00e9e\"><\/div>\n\t<div class=\"ls-cta__title\">\n\t\t Week\u2011end in Vend\u00e9e\t<\/div>\n\n\t\n<\/a><\/div><div class=\"ls-cta visites\" data-slug=\" visites\">\n\n<a href=\"https:\/\/www.chausseliere.com\/nl\/actualites\/chateau-apremont\/\" target=\"\" rel=\"noopener\" class=\"ls-cta__link\">\n\n\t<div class=\"ls-cta__image\"><img decoding=\"async\" src=\"https:\/\/www.chausseliere.com\/wp-content\/uploads\/2025\/07\/Le-chateau-dApremont-768x345.jpg\" alt=\"Ch\u00e2teau d\u2019Apremont\"><\/div>\n\t<div class=\"ls-cta__title\">\n\t\tCh\u00e2teau d\u2019Apremont\t<\/div>\n\n\t\n<\/a><\/div><div class=\"ls-cta visites\" data-slug=\" visites\">\n\n<a href=\"https:\/\/www.chausseliere.com\/nl\/actualites\/specialiteit-vendee\/\" target=\"\" rel=\"noopener\" class=\"ls-cta__link\">\n\n\t<div class=\"ls-cta__image\"><img decoding=\"async\" src=\"https:\/\/www.chausseliere.com\/wp-content\/uploads\/2025\/09\/salt-marshes-768x511.webp\" alt=\"De specialiteiten van Vend\u00e9e\"><\/div>\n\t<div class=\"ls-cta__title\">\n\t\tOntdek de Vend\u00e9e-specialiteiten\t<\/div>\n\n\t\n<\/a><\/div><div class=\"ls-cta visites\" data-slug=\" visites\">\n\n<a href=\"https:\/\/www.chausseliere.com\/nl\/actualites\/lac-de-la-bultiere\/\" target=\"\" rel=\"noopener\" class=\"ls-cta__link\">\n\n\t<div class=\"ls-cta__image\"><img decoding=\"async\" src=\"https:\/\/www.chausseliere.com\/wp-content\/uploads\/2025\/10\/Lac-de-la-Bultiere-768x440.jpg\" alt=\"Lac de la Bulti\u00e8re\"><\/div>\n\t<div class=\"ls-cta__title\">\n\t\tLac de la Bulti\u00e8re in de Vend\u00e9e\t<\/div>\n\n\t\n<\/a><\/div><\/div><\/div>\n\r\n    <\/div>\r\n<\/section>","protected":false},"excerpt":{"rendered":"","protected":false},"author":1,"featured_media":0,"parent":0,"menu_order":0,"comment_status":"closed","ping_status":"closed","template":"","meta":{"_acf_changed":false,"footnotes":""},"sujet":[],"class_list":["post-44704","page","type-page","status-publish","hentry"],"acf":[],"yoast_head":"<!-- This site is optimized with the Yoast SEO plugin v25.3 - https:\/\/yoast.com\/wordpress\/plugins\/seo\/ -->\n<title>Retrouvez toutes les actualit\u00e9s du Camping du Lac de la Chausseli\u00e8re<\/title>\n<meta name=\"description\" content=\"Au camping du Lac de la Chausseli\u00e8re, proche du Puy du Fou, vos journ\u00e9es vont \u00eatre bien remplies. Nous vous proposons des activit\u00e9s et animations en journ\u00e9e et en d\u00e9but de soir\u00e9e (en Juillet et Ao\u00fbt uniquement).\" \/>\n<meta name=\"robots\" content=\"index, follow, max-snippet:-1, max-image-preview:large, max-video-preview:-1\" \/>\n<link rel=\"canonical\" href=\"https:\/\/www.chausseliere.com\/nl\/actualites\/\" \/>\n<meta property=\"og:locale\" content=\"nl_NL\" \/>\n<meta property=\"og:type\" content=\"article\" \/>\n<meta property=\"og:title\" content=\"Retrouvez toutes les actualit\u00e9s du Camping du Lac de la Chausseli\u00e8re\" \/>\n<meta property=\"og:description\" content=\"Au camping du Lac de la Chausseli\u00e8re, proche du Puy du Fou, vos journ\u00e9es vont \u00eatre bien remplies. Nous vous proposons des activit\u00e9s et animations en journ\u00e9e et en d\u00e9but de soir\u00e9e (en Juillet et Ao\u00fbt uniquement).\" \/>\n<meta property=\"og:url\" content=\"https:\/\/www.chausseliere.com\/nl\/actualites\/\" \/>\n<meta property=\"og:site_name\" content=\"Camping du Lac de la Chausseli\u00e8re\" \/>\n<meta property=\"article:modified_time\" content=\"2025-11-07T13:06:21+00:00\" \/>\n<meta name=\"twitter:card\" content=\"summary_large_image\" \/>\n<meta name=\"twitter:label1\" content=\"Geschatte leestijd\" \/>\n\t<meta name=\"twitter:data1\" content=\"1 minuut\" \/>\n<script type=\"application\/ld+json\" class=\"yoast-schema-graph\">{\"@context\":\"https:\/\/schema.org\",\"@graph\":[{\"@type\":\"WebPage\",\"@id\":\"https:\/\/www.chausseliere.com\/nl\/actualites\/\",\"url\":\"https:\/\/www.chausseliere.com\/nl\/actualites\/\",\"name\":\"Retrouvez toutes les actualit\u00e9s du Camping du Lac de la Chausseli\u00e8re\",\"isPartOf\":{\"@id\":\"https:\/\/www.chausseliere.com\/nl\/#website\"},\"datePublished\":\"2024-01-16T08:27:51+00:00\",\"dateModified\":\"2025-11-07T13:06:21+00:00\",\"description\":\"Au camping du Lac de la Chausseli\u00e8re, proche du Puy du Fou, vos journ\u00e9es vont \u00eatre bien remplies. Nous vous proposons des activit\u00e9s et animations en journ\u00e9e et en d\u00e9but de soir\u00e9e (en Juillet et Ao\u00fbt uniquement).\",\"breadcrumb\":{\"@id\":\"https:\/\/www.chausseliere.com\/nl\/actualites\/#breadcrumb\"},\"inLanguage\":\"nl-NL\",\"potentialAction\":[{\"@type\":\"ReadAction\",\"target\":[\"https:\/\/www.chausseliere.com\/nl\/actualites\/\"]}]},{\"@type\":\"BreadcrumbList\",\"@id\":\"https:\/\/www.chausseliere.com\/nl\/actualites\/#breadcrumb\",\"itemListElement\":[{\"@type\":\"ListItem\",\"position\":1,\"name\":\"Camping Puy du Fou\",\"item\":\"https:\/\/www.chausseliere.com\/nl\/\"},{\"@type\":\"ListItem\",\"position\":2,\"name\":\"Nieuws\"}]},{\"@type\":\"WebSite\",\"@id\":\"https:\/\/www.chausseliere.com\/nl\/#website\",\"url\":\"https:\/\/www.chausseliere.com\/nl\/\",\"name\":\"Camping du Lac de la Chausseli\u00e8re\",\"description\":\"\",\"publisher\":{\"@id\":\"https:\/\/www.chausseliere.com\/nl\/#organization\"},\"potentialAction\":[{\"@type\":\"SearchAction\",\"target\":{\"@type\":\"EntryPoint\",\"urlTemplate\":\"https:\/\/www.chausseliere.com\/nl\/?s={search_term_string}\"},\"query-input\":{\"@type\":\"PropertyValueSpecification\",\"valueRequired\":true,\"valueName\":\"search_term_string\"}}],\"inLanguage\":\"nl-NL\"},{\"@type\":\"Organization\",\"@id\":\"https:\/\/www.chausseliere.com\/nl\/#organization\",\"name\":\"Camping du Lac de la Chausseli\u00e8re\",\"url\":\"https:\/\/www.chausseliere.com\/nl\/\",\"logo\":{\"@type\":\"ImageObject\",\"inLanguage\":\"nl-NL\",\"@id\":\"https:\/\/www.chausseliere.com\/nl\/#\/schema\/logo\/image\/\",\"url\":\"https:\/\/www.chausseliere.com\/wp-content\/uploads\/2023\/04\/Logo_Chausseliere_4Etoiles_blanc_HD_resultat.webp\",\"contentUrl\":\"https:\/\/www.chausseliere.com\/wp-content\/uploads\/2023\/04\/Logo_Chausseliere_4Etoiles_blanc_HD_resultat.webp\",\"width\":640,\"height\":406,\"caption\":\"Camping du Lac de la Chausseli\u00e8re\"},\"image\":{\"@id\":\"https:\/\/www.chausseliere.com\/nl\/#\/schema\/logo\/image\/\"}}]}<\/script>\n<!-- \/ Yoast SEO plugin. -->","yoast_head_json":{"title":"Retrouvez toutes les actualit\u00e9s du Camping du Lac de la Chausseli\u00e8re","description":"Au camping du Lac de la Chausseli\u00e8re, proche du Puy du Fou, vos journ\u00e9es vont \u00eatre bien remplies. Nous vous proposons des activit\u00e9s et animations en journ\u00e9e et en d\u00e9but de soir\u00e9e (en Juillet et Ao\u00fbt uniquement).","robots":{"index":"index","follow":"follow","max-snippet":"max-snippet:-1","max-image-preview":"max-image-preview:large","max-video-preview":"max-video-preview:-1"},"canonical":"https:\/\/www.chausseliere.com\/nl\/actualites\/","og_locale":"nl_NL","og_type":"article","og_title":"Retrouvez toutes les actualit\u00e9s du Camping du Lac de la Chausseli\u00e8re","og_description":"Au camping du Lac de la Chausseli\u00e8re, proche du Puy du Fou, vos journ\u00e9es vont \u00eatre bien remplies. Nous vous proposons des activit\u00e9s et animations en journ\u00e9e et en d\u00e9but de soir\u00e9e (en Juillet et Ao\u00fbt uniquement).","og_url":"https:\/\/www.chausseliere.com\/nl\/actualites\/","og_site_name":"Camping du Lac de la Chausseli\u00e8re","article_modified_time":"2025-11-07T13:06:21+00:00","twitter_card":"summary_large_image","twitter_misc":{"Geschatte leestijd":"1 minuut"},"schema":{"@context":"https:\/\/schema.org","@graph":[{"@type":"WebPage","@id":"https:\/\/www.chausseliere.com\/nl\/actualites\/","url":"https:\/\/www.chausseliere.com\/nl\/actualites\/","name":"Retrouvez toutes les actualit\u00e9s du Camping du Lac de la Chausseli\u00e8re","isPartOf":{"@id":"https:\/\/www.chausseliere.com\/nl\/#website"},"datePublished":"2024-01-16T08:27:51+00:00","dateModified":"2025-11-07T13:06:21+00:00","description":"Au camping du Lac de la Chausseli\u00e8re, proche du Puy du Fou, vos journ\u00e9es vont \u00eatre bien remplies. Nous vous proposons des activit\u00e9s et animations en journ\u00e9e et en d\u00e9but de soir\u00e9e (en Juillet et Ao\u00fbt uniquement).","breadcrumb":{"@id":"https:\/\/www.chausseliere.com\/nl\/actualites\/#breadcrumb"},"inLanguage":"nl-NL","potentialAction":[{"@type":"ReadAction","target":["https:\/\/www.chausseliere.com\/nl\/actualites\/"]}]},{"@type":"BreadcrumbList","@id":"https:\/\/www.chausseliere.com\/nl\/actualites\/#breadcrumb","itemListElement":[{"@type":"ListItem","position":1,"name":"Camping Puy du Fou","item":"https:\/\/www.chausseliere.com\/nl\/"},{"@type":"ListItem","position":2,"name":"Nieuws"}]},{"@type":"WebSite","@id":"https:\/\/www.chausseliere.com\/nl\/#website","url":"https:\/\/www.chausseliere.com\/nl\/","name":"Camping du Lac de la Chausseli\u00e8re","description":"","publisher":{"@id":"https:\/\/www.chausseliere.com\/nl\/#organization"},"potentialAction":[{"@type":"SearchAction","target":{"@type":"EntryPoint","urlTemplate":"https:\/\/www.chausseliere.com\/nl\/?s={search_term_string}"},"query-input":{"@type":"PropertyValueSpecification","valueRequired":true,"valueName":"search_term_string"}}],"inLanguage":"nl-NL"},{"@type":"Organization","@id":"https:\/\/www.chausseliere.com\/nl\/#organization","name":"Camping du Lac de la Chausseli\u00e8re","url":"https:\/\/www.chausseliere.com\/nl\/","logo":{"@type":"ImageObject","inLanguage":"nl-NL","@id":"https:\/\/www.chausseliere.com\/nl\/#\/schema\/logo\/image\/","url":"https:\/\/www.chausseliere.com\/wp-content\/uploads\/2023\/04\/Logo_Chausseliere_4Etoiles_blanc_HD_resultat.webp","contentUrl":"https:\/\/www.chausseliere.com\/wp-content\/uploads\/2023\/04\/Logo_Chausseliere_4Etoiles_blanc_HD_resultat.webp","width":640,"height":406,"caption":"Camping du Lac de la Chausseli\u00e8re"},"image":{"@id":"https:\/\/www.chausseliere.com\/nl\/#\/schema\/logo\/image\/"}}]}},"_links":{"self":[{"href":"https:\/\/www.chausseliere.com\/nl\/wp-json\/wp\/v2\/pages\/44704","targetHints":{"allow":["GET"]}}],"collection":[{"href":"https:\/\/www.chausseliere.com\/nl\/wp-json\/wp\/v2\/pages"}],"about":[{"href":"https:\/\/www.chausseliere.com\/nl\/wp-json\/wp\/v2\/types\/page"}],"author":[{"embeddable":true,"href":"https:\/\/www.chausseliere.com\/nl\/wp-json\/wp\/v2\/users\/1"}],"replies":[{"embeddable":true,"href":"https:\/\/www.chausseliere.com\/nl\/wp-json\/wp\/v2\/comments?post=44704"}],"version-history":[{"count":7,"href":"https:\/\/www.chausseliere.com\/nl\/wp-json\/wp\/v2\/pages\/44704\/revisions"}],"predecessor-version":[{"id":48557,"href":"https:\/\/www.chausseliere.com\/nl\/wp-json\/wp\/v2\/pages\/44704\/revisions\/48557"}],"wp:attachment":[{"href":"https:\/\/www.chausseliere.com\/nl\/wp-json\/wp\/v2\/media?parent=44704"}],"wp:term":[{"taxonomy":"sujet","embeddable":true,"href":"https:\/\/www.chausseliere.com\/nl\/wp-json\/wp\/v2\/sujet?post=44704"}],"curies":[{"name":"wp","href":"https:\/\/api.w.org\/{rel}","templated":true}]}}