{"id":39129,"date":"2023-04-04T14:13:57","date_gmt":"2023-04-04T12:13:57","guid":{"rendered":"https:\/\/www.chausseliere.com\/weekend-insolite-verkoop\/"},"modified":"2023-04-05T16:26:45","modified_gmt":"2023-04-05T14:26:45","slug":"weekend-insolite-verkoop","status":"publish","type":"page","link":"https:\/\/www.chausseliere.com\/nl\/weekend-insolite-verkoop\/","title":{"rendered":"Huur uw eigen weekend in de Vend\u00e9e"},"content":{"rendered":"<section id=\"ls-section-block_89f0b665de04191247079603dd591d39\" class=\"ls-section  home-first page-one has-p-b p-b-10\" >\r\n        <div class=\"container container--wide\">\r\n        \n\n<h1 class=\"ls__heading wp-block-heading has-text-align-center\">Huur uw eigen weekend in de Vend\u00e9e<\/h1>\n\n\n\n<div class=\"wp-block-columns m-t-10 is-layout-flex wp-container-core-columns-is-layout-9d6595d7 wp-block-columns-is-layout-flex\">\n<div class=\"wp-block-column is-vertically-aligned-center is-layout-flow wp-block-column-is-layout-flow\">\n<p class=\"ls-paragraph\">De combinatie van prachtige stranden en een charmant landschap maakt het perfect voor een familievakantie tijdens een <strong>ongewoon weekend in de Vendee<\/strong>.<\/p>\n\n\n\n<p class=\"ls-paragraph\">De prachtige kustlijn heeft enorme zandstranden met veilig zwemmen, afgelegen rotsachtige baaien en ook goede surfplekken.<\/p>\n\n\n\n<p class=\"ls-paragraph\">De prachtige badplaats Les Sables d&#8217;Olonne biedt een geweldige vakantiebestemming voor het hele gezin.<\/p>\n\n\n\n<p class=\"ls-paragraph\">De beroemde wijk &#8216;Groen Veneti\u00eb&#8217; biedt een unieke attractie, waar u een dag kunt doorbrengen met het verkennen van het netwerk van met bomen omzoomde kanalen per boot of kano.<\/p>\n\n\n\n<p class=\"ls-paragraph\">De Vend\u00e9e heeft ook een van de beste themaparken ter wereld, Le Puy du Fou.<\/p>\n\n\n\n<p class=\"ls-paragraph\">Een enorme site die een onvergetelijke reis door verschillende historische periodes biedt, met behulp van de meest geavanceerde weergavetechnologie\u00ebn en met een ongelooflijke cast van acteurs, stuntmannen en dierentrainers. Als er \u00e9\u00e9n bezoek is dat je niet mag missen, dan is het dit wel!<\/p>\n<\/div>\n\n\n\n<div class=\"wp-block-column is-vertically-aligned-center is-layout-flow wp-block-column-is-layout-flow\">\n<figure class=\"wp-block-gallery aligncenter has-nested-images columns-2 is-cropped wp-block-gallery-1 is-layout-flex wp-block-gallery-is-layout-flex\">\n<figure class=\"wp-block-image size-full\"><img loading=\"lazy\" decoding=\"async\" width=\"920\" height=\"600\" data-id=\"515\" src=\"https:\/\/www.chausseliere.com\/wp-content\/uploads\/2022\/12\/terrain-multisport-enfants-camping-du-lac-de-la-chausseliere.jpg\" alt=\"Multisportterrein voor kinderen Camping du Lac de La Chausseli\u00e8re\" class=\"wp-image-515\" srcset=\"https:\/\/www.chausseliere.com\/wp-content\/uploads\/2022\/12\/terrain-multisport-enfants-camping-du-lac-de-la-chausseliere.jpg 920w, https:\/\/www.chausseliere.com\/wp-content\/uploads\/2022\/12\/terrain-multisport-enfants-camping-du-lac-de-la-chausseliere-300x196.jpg 300w, https:\/\/www.chausseliere.com\/wp-content\/uploads\/2022\/12\/terrain-multisport-enfants-camping-du-lac-de-la-chausseliere-768x501.jpg 768w\" sizes=\"auto, (max-width: 920px) 100vw, 920px\" \/><\/figure>\n<\/figure>\n<\/div>\n<\/div>\n\n\r\n    <\/div>\r\n<\/section>\n\n<section id=\"ls-section-block_dba5d37590a693f64b8200f7f7fceb41\" class=\"ls-section  home-seventh page-four no-illustration has-background has-color-4-background-color has-p-t p-t-15 has-p-b p-b-15\" >\r\n        <div class=\"container container--wide\">\r\n        \n\n<div class=\"wp-block-columns are-vertically-aligned-center is-layout-flex wp-container-core-columns-is-layout-9d6595d7 wp-block-columns-is-layout-flex\">\n<div class=\"wp-block-column is-vertically-aligned-center is-layout-flow wp-block-column-is-layout-flow\" style=\"flex-basis:100%\">\n<h2 class=\"ls__heading wp-block-heading\"><strong>Geniet van een unieke ervaring in de Vend\u00e9e voor 1 of 2 nachten<\/strong><\/h2>\n\n\n\n<p class=\"ls-paragraph\">Of u nu op zoek bent naar een romantische plek om te ontsnappen voor een <strong>ongewoon weekend in de Vend\u00e9e<\/strong> of een uitzonderlijke bestemming om met uw kinderen te ontdekken, u zult snel een ongewone accommodatie vinden die u volledig tevreden zal stellen.<\/p>\n\n\n\n<p class=\"ls-paragraph\">De <a href=\"https:\/\/www.chausseliere.com\/nl\/\">camping in de Vend\u00e9e<\/a> biedt het hele jaar door een ruime keuze aan vakantieverblijven.<\/p>\n\n\n\n<p class=\"ls-paragraph\">Van traditionele huizen tot traditionele lodges, u zult keuze te over hebben voor een uniek verblijf!<\/p>\n\n\n\n<p class=\"ls-paragraph\">Hier vindt u echt ongewone accommodatieoplossingen.<\/p>\n<\/div>\n<\/div>\n\n\r\n    <\/div>\r\n<\/section>\n\n<section id=\"ls-section-block_89f0b665de04191247079603dd591d39\" class=\"ls-section  home-first page-one has-p-b p-b-10\" >\r\n        <div class=\"container container--wide\">\r\n        \n\n<div class=\"wp-block-columns m-t-10 is-layout-flex wp-container-core-columns-is-layout-9d6595d7 wp-block-columns-is-layout-flex\">\n<div class=\"wp-block-column is-vertically-aligned-center is-layout-flow wp-block-column-is-layout-flow\">\n<figure class=\"wp-block-gallery aligncenter has-nested-images columns-2 is-cropped wp-block-gallery-2 is-layout-flex wp-block-gallery-is-layout-flex\">\n<figure class=\"wp-block-image size-large\"><img loading=\"lazy\" decoding=\"async\" width=\"1024\" height=\"683\" data-id=\"29093\" src=\"https:\/\/www.chausseliere.com\/wp-content\/uploads\/2023\/01\/Cabane-vue-cote_resultat-1024x683.webp\" alt=\"Cabine aanzicht zijde\" class=\"wp-image-29093\" srcset=\"https:\/\/www.chausseliere.com\/wp-content\/uploads\/2023\/01\/Cabane-vue-cote_resultat-1024x683.webp 1024w, https:\/\/www.chausseliere.com\/wp-content\/uploads\/2023\/01\/Cabane-vue-cote_resultat-300x200.webp 300w, https:\/\/www.chausseliere.com\/wp-content\/uploads\/2023\/01\/Cabane-vue-cote_resultat-768x512.webp 768w, https:\/\/www.chausseliere.com\/wp-content\/uploads\/2023\/01\/Cabane-vue-cote_resultat-1536x1024.webp 1536w, https:\/\/www.chausseliere.com\/wp-content\/uploads\/2023\/01\/Cabane-vue-cote_resultat.webp 1575w\" sizes=\"auto, (max-width: 1024px) 100vw, 1024px\" \/><\/figure>\n<\/figure>\n<\/div>\n\n\n\n<div class=\"wp-block-column is-vertically-aligned-center is-layout-flow wp-block-column-is-layout-flow\">\n<h2 class=\"ls__heading wp-block-heading\"><strong>Ongewone accommodatie in de Vend\u00e9e<\/strong><\/h2>\n\n\n\n<p class=\"ls-paragraph\">Op zoek naar een<strong> ongewoon weekend<\/strong> in de Vend\u00e9e? Bijvoorbeeld een kleurrijke caravan, een tipi of een coconhuis met een ongewone vorm?<br>Laat u verleiden tot een ongewone nacht in de Vend\u00e9e in coco sweet, zelf gelegen aan de rand van het meer.<\/p>\n\n\n\n<p class=\"ls-paragraph\">Kies een comfortabel ingerichte accommodatie en ontdek een weekend lang de geneugten van het rivierleven.<\/p>\n\n\n\n<p class=\"ls-paragraph\">Ontdek met het coco model deze afgeronde stacaravan bedekt met een doek.<\/p>\n\n\n\n<p class=\"ls-paragraph\">Met bijzonder stijve en ge\u00efsoleerde muren, is de voordeur afsluitbaar. Een huis dat natuur ademt! Bent u op zoek naar<strong> een ongewone huurwoning in de Vend\u00e9e<\/strong> voor uw volgende vakantie in Frankrijk in de Pays de la Loire?<\/p>\n\n\n\n<p class=\"ls-paragraph\">Deel met uw familie of vrienden <strong>kwaliteitsaccommodatie<\/strong>, geniet van uw vakantie in de Vend\u00e9e tegen de beste prijs. Boek nu uw vakantie in de bijzondere Vendee.<\/p>\n<\/div>\n<\/div>\n\n\r\n    <\/div>\r\n<\/section>\n\n<section id=\"ls-section-block_dba5d37590a693f64b8200f7f7fceb41\" class=\"ls-section  home-seventh page-four no-illustration has-background has-color-4-background-color has-p-t p-t-15 has-p-b p-b-15\" >\r\n        <div class=\"container container--wide\">\r\n        \n\n<div class=\"wp-block-columns are-vertically-aligned-center is-layout-flex wp-container-core-columns-is-layout-9d6595d7 wp-block-columns-is-layout-flex\">\n<div class=\"wp-block-column is-vertically-aligned-center is-layout-flow wp-block-column-is-layout-flow\" style=\"flex-basis:100%\">\n<h2 class=\"ls__heading wp-block-heading has-text-align-center\"><strong>Trakteer uzelf op een ongewoon weekend<\/strong><\/h2>\n\n\n\n<p class=\"ls-paragraph has-text-align-center\">De Vend\u00e9e heeft voor elk wat wils&#8230; Gelegen aan de westkust van Frankrijk tussen Nantes in het noorden en La Rochelle in het zuiden, is de Vend\u00e9e een van de populairste vakantiebestemmingen van Frankrijk.<\/p>\n\n\n\n<p class=\"ls-paragraph has-text-align-center\">Gun uzelf een weekend met uw partner of gezin op een bijzondere locatie in de Vend\u00e9e. Nu zijn de grote gridders wereldwijd gegaan, tipi&#8217;s die ook cool zijn, hiernaast En omdat de meeste een gat hebben (dat afgedekt kan worden) in de top, kun je tijdens je ongewone weekend in de Vendee onder de sterren slapen.<\/p>\n<\/div>\n<\/div>\n\n\r\n    <\/div>\r\n<\/section>\n\n<section id=\"ls-section-block_bccfe2d2ef10b10d4eb0a5a12acd5fe3\" class=\"ls-section  page-fourth has-m-t m-t-0\" >\r\n        <div class=\"container container--wide\">\r\n        \n\n<div id=\"ls-heading ls-titre-div-block_1ff0235a5e243163b958c2b822a1319f\" class=\"ls-titre-div aligncenter h2-like\" >\n    <strong>Ontdek<\/strong> de Vend\u00e9e<\/div>\n\n\n<div id=\"ls-maillage-block_20e45e7b420c2399c59a704835f558f2\" class=\"ls-maillage cta-style-normal\" data-rows=\"3\">\r\n    <div class=\"wp-block-columns\"><div class=\"wp-block-column\"><div class=\"ls-cta\">\n\n<a href=\"https:\/\/www.chausseliere.com\/tourisme\/memorial-de-vendee\/\" target=\"\" rel=\"noopener\" class=\"ls-cta__link\">\n\n\t<div class=\"ls-cta__image\"><img decoding=\"async\" src=\"https:\/\/www.chausseliere.com\/wp-content\/uploads\/2023\/01\/memorial-vendee-visite-5-768x512.webp\" alt=\"memorial vendee visite \"><\/div>\n\t<div class=\"ls-cta__title\">\n\t\tHistorial de la Vend\u00e9e\t<\/div>\n\n\t\n<\/a><\/div><\/div><div class=\"wp-block-column\"><div class=\"ls-cta\">\n\n<a href=\"https:\/\/www.chausseliere.com\/tourisme\/la-chabotterie\/\" target=\"\" rel=\"noopener\" class=\"ls-cta__link\">\n\n\t<div class=\"ls-cta__image\"><img decoding=\"async\" src=\"https:\/\/www.chausseliere.com\/wp-content\/uploads\/2023\/01\/Logis-chabotterie-vendee-4-768x512.webp\" alt=\"visiter logis chabotterie\"><\/div>\n\t<div class=\"ls-cta__title\">\n\t\tLogis de la Chabotterie\t<\/div>\n\n\t\n<\/a><\/div><\/div><div class=\"wp-block-column\"><div class=\"ls-cta\">\n\n<a href=\"https:\/\/www.chausseliere.com\/tourisme\/la-cite-des-oiseaux\/\" target=\"\" rel=\"noopener\" class=\"ls-cta__link\">\n\n\t<div class=\"ls-cta__image\"><img decoding=\"async\" src=\"https:\/\/www.chausseliere.com\/wp-content\/uploads\/2023\/01\/visite-vendee-cite-oiseau.jpg\" alt=\"visite cit\u00e9 oiseaux\"><\/div>\n\t<div class=\"ls-cta__title\">\n\t\tLa cit\u00e9 des oiseaux\t<\/div>\n\n\t\n<\/a><\/div><\/div><\/div><\/div>\n\r\n    <\/div>\r\n<\/section>","protected":false},"excerpt":{"rendered":"","protected":false},"author":1,"featured_media":0,"parent":0,"menu_order":0,"comment_status":"closed","ping_status":"closed","template":"","meta":{"_acf_changed":false,"footnotes":""},"sujet":[],"class_list":["post-39129","page","type-page","status-publish","hentry"],"acf":[],"yoast_head":"<!-- This site is optimized with the Yoast SEO plugin v25.3 - https:\/\/yoast.com\/wordpress\/plugins\/seo\/ -->\n<title>Ongewoon weekend in de Vend\u00e9e | Kort verblijf en weekendaanbiedingen in de Vend\u00e9e<\/title>\n<meta name=\"robots\" content=\"index, follow, max-snippet:-1, max-image-preview:large, max-video-preview:-1\" \/>\n<link rel=\"canonical\" href=\"https:\/\/www.chausseliere.com\/nl\/weekend-insolite-verkoop\/\" \/>\n<meta property=\"og:locale\" content=\"nl_NL\" \/>\n<meta property=\"og:type\" content=\"article\" \/>\n<meta property=\"og:title\" content=\"Ongewoon weekend in de Vend\u00e9e | Kort verblijf en weekendaanbiedingen in de Vend\u00e9e\" \/>\n<meta property=\"og:url\" content=\"https:\/\/www.chausseliere.com\/nl\/weekend-insolite-verkoop\/\" \/>\n<meta property=\"og:site_name\" content=\"Camping du Lac de la Chausseli\u00e8re\" \/>\n<meta property=\"article:modified_time\" content=\"2023-04-05T14:26:45+00:00\" \/>\n<meta property=\"og:image\" content=\"https:\/\/www.chausseliere.com\/wp-content\/uploads\/2022\/12\/terrain-multisport-enfants-camping-du-lac-de-la-chausseliere.jpg\" \/>\n<meta name=\"twitter:card\" content=\"summary_large_image\" \/>\n<meta name=\"twitter:label1\" content=\"Geschatte leestijd\" \/>\n\t<meta name=\"twitter:data1\" content=\"3 minuten\" \/>\n<script type=\"application\/ld+json\" class=\"yoast-schema-graph\">{\"@context\":\"https:\/\/schema.org\",\"@graph\":[{\"@type\":\"WebPage\",\"@id\":\"https:\/\/www.chausseliere.com\/nl\/weekend-insolite-verkoop\/\",\"url\":\"https:\/\/www.chausseliere.com\/nl\/weekend-insolite-verkoop\/\",\"name\":\"Ongewoon weekend in de Vend\u00e9e | Kort verblijf en weekendaanbiedingen in de Vend\u00e9e\",\"isPartOf\":{\"@id\":\"https:\/\/www.chausseliere.com\/nl\/#website\"},\"primaryImageOfPage\":{\"@id\":\"https:\/\/www.chausseliere.com\/nl\/weekend-insolite-verkoop\/#primaryimage\"},\"image\":{\"@id\":\"https:\/\/www.chausseliere.com\/nl\/weekend-insolite-verkoop\/#primaryimage\"},\"thumbnailUrl\":\"https:\/\/www.chausseliere.com\/wp-content\/uploads\/2022\/12\/terrain-multisport-enfants-camping-du-lac-de-la-chausseliere.jpg\",\"datePublished\":\"2023-04-04T12:13:57+00:00\",\"dateModified\":\"2023-04-05T14:26:45+00:00\",\"breadcrumb\":{\"@id\":\"https:\/\/www.chausseliere.com\/nl\/weekend-insolite-verkoop\/#breadcrumb\"},\"inLanguage\":\"nl-NL\",\"potentialAction\":[{\"@type\":\"ReadAction\",\"target\":[\"https:\/\/www.chausseliere.com\/nl\/weekend-insolite-verkoop\/\"]}]},{\"@type\":\"ImageObject\",\"inLanguage\":\"nl-NL\",\"@id\":\"https:\/\/www.chausseliere.com\/nl\/weekend-insolite-verkoop\/#primaryimage\",\"url\":\"https:\/\/www.chausseliere.com\/wp-content\/uploads\/2022\/12\/terrain-multisport-enfants-camping-du-lac-de-la-chausseliere.jpg\",\"contentUrl\":\"https:\/\/www.chausseliere.com\/wp-content\/uploads\/2022\/12\/terrain-multisport-enfants-camping-du-lac-de-la-chausseliere.jpg\"},{\"@type\":\"BreadcrumbList\",\"@id\":\"https:\/\/www.chausseliere.com\/nl\/weekend-insolite-verkoop\/#breadcrumb\",\"itemListElement\":[{\"@type\":\"ListItem\",\"position\":1,\"name\":\"Camping Puy du Fou\",\"item\":\"https:\/\/www.chausseliere.com\/nl\/\"},{\"@type\":\"ListItem\",\"position\":2,\"name\":\"Ongewoon weekend in de Vend\u00e9e\"}]},{\"@type\":\"WebSite\",\"@id\":\"https:\/\/www.chausseliere.com\/nl\/#website\",\"url\":\"https:\/\/www.chausseliere.com\/nl\/\",\"name\":\"Camping du Lac de la Chausseli\u00e8re\",\"description\":\"\",\"publisher\":{\"@id\":\"https:\/\/www.chausseliere.com\/nl\/#organization\"},\"potentialAction\":[{\"@type\":\"SearchAction\",\"target\":{\"@type\":\"EntryPoint\",\"urlTemplate\":\"https:\/\/www.chausseliere.com\/nl\/?s={search_term_string}\"},\"query-input\":{\"@type\":\"PropertyValueSpecification\",\"valueRequired\":true,\"valueName\":\"search_term_string\"}}],\"inLanguage\":\"nl-NL\"},{\"@type\":\"Organization\",\"@id\":\"https:\/\/www.chausseliere.com\/nl\/#organization\",\"name\":\"Camping du Lac de la Chausseli\u00e8re\",\"url\":\"https:\/\/www.chausseliere.com\/nl\/\",\"logo\":{\"@type\":\"ImageObject\",\"inLanguage\":\"nl-NL\",\"@id\":\"https:\/\/www.chausseliere.com\/nl\/#\/schema\/logo\/image\/\",\"url\":\"https:\/\/www.chausseliere.com\/wp-content\/uploads\/2023\/04\/Logo_Chausseliere_4Etoiles_blanc_HD_resultat.webp\",\"contentUrl\":\"https:\/\/www.chausseliere.com\/wp-content\/uploads\/2023\/04\/Logo_Chausseliere_4Etoiles_blanc_HD_resultat.webp\",\"width\":640,\"height\":406,\"caption\":\"Camping du Lac de la Chausseli\u00e8re\"},\"image\":{\"@id\":\"https:\/\/www.chausseliere.com\/nl\/#\/schema\/logo\/image\/\"}}]}<\/script>\n<!-- \/ Yoast SEO plugin. -->","yoast_head_json":{"title":"Ongewoon weekend in de Vend\u00e9e | Kort verblijf en weekendaanbiedingen in de Vend\u00e9e","robots":{"index":"index","follow":"follow","max-snippet":"max-snippet:-1","max-image-preview":"max-image-preview:large","max-video-preview":"max-video-preview:-1"},"canonical":"https:\/\/www.chausseliere.com\/nl\/weekend-insolite-verkoop\/","og_locale":"nl_NL","og_type":"article","og_title":"Ongewoon weekend in de Vend\u00e9e | Kort verblijf en weekendaanbiedingen in de Vend\u00e9e","og_url":"https:\/\/www.chausseliere.com\/nl\/weekend-insolite-verkoop\/","og_site_name":"Camping du Lac de la Chausseli\u00e8re","article_modified_time":"2023-04-05T14:26:45+00:00","og_image":[{"url":"https:\/\/www.chausseliere.com\/wp-content\/uploads\/2022\/12\/terrain-multisport-enfants-camping-du-lac-de-la-chausseliere.jpg","type":"","width":"","height":""}],"twitter_card":"summary_large_image","twitter_misc":{"Geschatte leestijd":"3 minuten"},"schema":{"@context":"https:\/\/schema.org","@graph":[{"@type":"WebPage","@id":"https:\/\/www.chausseliere.com\/nl\/weekend-insolite-verkoop\/","url":"https:\/\/www.chausseliere.com\/nl\/weekend-insolite-verkoop\/","name":"Ongewoon weekend in de Vend\u00e9e | Kort verblijf en weekendaanbiedingen in de Vend\u00e9e","isPartOf":{"@id":"https:\/\/www.chausseliere.com\/nl\/#website"},"primaryImageOfPage":{"@id":"https:\/\/www.chausseliere.com\/nl\/weekend-insolite-verkoop\/#primaryimage"},"image":{"@id":"https:\/\/www.chausseliere.com\/nl\/weekend-insolite-verkoop\/#primaryimage"},"thumbnailUrl":"https:\/\/www.chausseliere.com\/wp-content\/uploads\/2022\/12\/terrain-multisport-enfants-camping-du-lac-de-la-chausseliere.jpg","datePublished":"2023-04-04T12:13:57+00:00","dateModified":"2023-04-05T14:26:45+00:00","breadcrumb":{"@id":"https:\/\/www.chausseliere.com\/nl\/weekend-insolite-verkoop\/#breadcrumb"},"inLanguage":"nl-NL","potentialAction":[{"@type":"ReadAction","target":["https:\/\/www.chausseliere.com\/nl\/weekend-insolite-verkoop\/"]}]},{"@type":"ImageObject","inLanguage":"nl-NL","@id":"https:\/\/www.chausseliere.com\/nl\/weekend-insolite-verkoop\/#primaryimage","url":"https:\/\/www.chausseliere.com\/wp-content\/uploads\/2022\/12\/terrain-multisport-enfants-camping-du-lac-de-la-chausseliere.jpg","contentUrl":"https:\/\/www.chausseliere.com\/wp-content\/uploads\/2022\/12\/terrain-multisport-enfants-camping-du-lac-de-la-chausseliere.jpg"},{"@type":"BreadcrumbList","@id":"https:\/\/www.chausseliere.com\/nl\/weekend-insolite-verkoop\/#breadcrumb","itemListElement":[{"@type":"ListItem","position":1,"name":"Camping Puy du Fou","item":"https:\/\/www.chausseliere.com\/nl\/"},{"@type":"ListItem","position":2,"name":"Ongewoon weekend in de Vend\u00e9e"}]},{"@type":"WebSite","@id":"https:\/\/www.chausseliere.com\/nl\/#website","url":"https:\/\/www.chausseliere.com\/nl\/","name":"Camping du Lac de la Chausseli\u00e8re","description":"","publisher":{"@id":"https:\/\/www.chausseliere.com\/nl\/#organization"},"potentialAction":[{"@type":"SearchAction","target":{"@type":"EntryPoint","urlTemplate":"https:\/\/www.chausseliere.com\/nl\/?s={search_term_string}"},"query-input":{"@type":"PropertyValueSpecification","valueRequired":true,"valueName":"search_term_string"}}],"inLanguage":"nl-NL"},{"@type":"Organization","@id":"https:\/\/www.chausseliere.com\/nl\/#organization","name":"Camping du Lac de la Chausseli\u00e8re","url":"https:\/\/www.chausseliere.com\/nl\/","logo":{"@type":"ImageObject","inLanguage":"nl-NL","@id":"https:\/\/www.chausseliere.com\/nl\/#\/schema\/logo\/image\/","url":"https:\/\/www.chausseliere.com\/wp-content\/uploads\/2023\/04\/Logo_Chausseliere_4Etoiles_blanc_HD_resultat.webp","contentUrl":"https:\/\/www.chausseliere.com\/wp-content\/uploads\/2023\/04\/Logo_Chausseliere_4Etoiles_blanc_HD_resultat.webp","width":640,"height":406,"caption":"Camping du Lac de la Chausseli\u00e8re"},"image":{"@id":"https:\/\/www.chausseliere.com\/nl\/#\/schema\/logo\/image\/"}}]}},"_links":{"self":[{"href":"https:\/\/www.chausseliere.com\/nl\/wp-json\/wp\/v2\/pages\/39129","targetHints":{"allow":["GET"]}}],"collection":[{"href":"https:\/\/www.chausseliere.com\/nl\/wp-json\/wp\/v2\/pages"}],"about":[{"href":"https:\/\/www.chausseliere.com\/nl\/wp-json\/wp\/v2\/types\/page"}],"author":[{"embeddable":true,"href":"https:\/\/www.chausseliere.com\/nl\/wp-json\/wp\/v2\/users\/1"}],"replies":[{"embeddable":true,"href":"https:\/\/www.chausseliere.com\/nl\/wp-json\/wp\/v2\/comments?post=39129"}],"version-history":[{"count":5,"href":"https:\/\/www.chausseliere.com\/nl\/wp-json\/wp\/v2\/pages\/39129\/revisions"}],"predecessor-version":[{"id":43924,"href":"https:\/\/www.chausseliere.com\/nl\/wp-json\/wp\/v2\/pages\/39129\/revisions\/43924"}],"wp:attachment":[{"href":"https:\/\/www.chausseliere.com\/nl\/wp-json\/wp\/v2\/media?parent=39129"}],"wp:term":[{"taxonomy":"sujet","embeddable":true,"href":"https:\/\/www.chausseliere.com\/nl\/wp-json\/wp\/v2\/sujet?post=39129"}],"curies":[{"name":"wp","href":"https:\/\/api.w.org\/{rel}","templated":true}]}}