{"id":39050,"date":"2023-04-04T13:56:57","date_gmt":"2023-04-04T11:56:57","guid":{"rendered":"https:\/\/www.chausseliere.com\/locatie-premium\/"},"modified":"2026-04-21T14:21:20","modified_gmt":"2026-04-21T12:21:20","slug":"locatie-premium","status":"publish","type":"page","link":"https:\/\/www.chausseliere.com\/nl\/locaties\/locatie-premium\/","title":{"rendered":"Premium locaties"},"content":{"rendered":"<section id=\"ls-section-block_b768b6e84ba92f09da23c8ac0f69f71a\" class=\"ls-section  home-first page-one has-p-b p-b-10\" >\r\n        <div class=\"container container--wide\">\r\n        \n\n<h1 class=\"ls__heading wp-block-heading has-text-align-center\">Premium locatie met priv\u00e9 sanitair<\/h1>\n\n\n\n<div class=\"wp-block-columns m-t-10 is-layout-flex wp-container-core-columns-is-layout-9d6595d7 wp-block-columns-is-layout-flex\">\n<div class=\"wp-block-column is-vertically-aligned-center is-layout-flow wp-block-column-is-layout-flow\">\n<div id=\"ls-heading ls-titre-numblock_afe080b351743e72f456b8c5ad9d7819\" class=\"ls-titre-num\">\n    <div class=\"ls-titre-num__numero\">\n        1    <\/div>\n    <h2 class=\"ls-titre-num__content\">\n                    Eigen hut                            <span>Freecamp Guinguette<\/span>\n            <\/h2>\n<\/div>\n\n\n<p class=\"ls-paragraph\">Klaar om een <strong>ongekende ervaring<\/strong> te beleven op een camping in de Vend\u00e9e met priv\u00e9 sanitair? Ontdek onze nieuwe FREECAMP GUINGUETTE-hutten! <\/p>\n\n\n\n<p class=\"ls-paragraph\">Velen zijn de volgers van <a href=\"\/\">kampeerverblijven in Puy du Fou<\/a> in caravan, tent, camper of busje, daarom innoveert de Flower Camping du Lac de la Chausseli\u00e8re en biedt u nog meer comfort voor uw vakantie, weekend of kort verblijf.<\/p>\n\n\n\n<p class=\"ls-paragraph\"><strong>Deze hutten van de &#8220;nieuwe generatie&#8221;<\/strong>, gelegen op percelen van ongeveer 200 m\u00b2 elk, vormen een aanvulling op uw tent, caravan of camper en garanderen een optimaal comfort. Aangesloten op water en elektriciteit, zult u genieten van :<\/p>\n\n\n\n<ul class=\"ls-list ls-list-undefined wp-block-list\">\n<li>Een keukenhoek met koelkast, gootsteen, magnetron, gasfornuis met 2 pitten.<\/li>\n\n\n\n<li>Een eigen badkamer met douche, wastafel, spiegel en WC.<\/li>\n\n\n\n<li>Een grote woonkamer met een kitchenette en een houten tafel.<\/li>\n<\/ul>\n\n\n\n<p class=\"ls-paragraph addReadMore showlesscontent\">Deze <strong>kampeerplaats met priv\u00e9 sanitair<\/strong> biedt u een echte opening naar de buitenwereld met zijn overdekte en open ruimtes.<\/p>\n\n\n\n<p class=\"ls-paragraph\">Met de <strong>FREECAMP GUINGUETTE<\/strong> kunt u uw verblijf in een tent, caravan of camper origineler, intiemer en gezelliger maken.<\/p>\n\n\n\n<p class=\"ls-paragraph\">In de huidige context is deze nieuwe oplossing voor het kamperen zeer populair bij kampeerders. Inderdaad, na de feedback van onze klanten, kunt u met <strong>deze priv\u00e9-cabines<\/strong> over uw eigen sanitair beschikken en hoeft u niet te wachten en gemeenschappelijke ruimtes te delen. . Wij garanderen u <strong>een veilige en persoonlijke reis<\/strong>.<\/p>\n\n\n\n<p class=\"ls-paragraph\">Boek een van de nieuwe schaduwrijke plaatsen op ons landgoed met<strong> keuken, doucheruimte en priv\u00e9 sanitair <\/strong>in de <strong>freecamp hut<\/strong>!<\/p>\n\n\n\n<p class=\"ls-paragraph\">Door een vakantieverblijf te boeken aan de oevers van het <strong>meer van Chausseliere in de regio Pays de la Loire<\/strong> kunt u profiteren van diensten die de mooiste sterrencampings waardig zijn!<\/p>\n\n\n\n<p class=\"ls-paragraph\">En niet te vergeten <strong>de animatie<\/strong>, de kinderspeelplaats, het<strong>zwemparadijs<\/strong> met zwembad en de snelle toegang tot het meer vanuit al onze accommodaties, inclusief de stacaravans!<\/p>\n\n\n\n<p class=\"ls-paragraph\">Dit nieuwe type kampeerplaats is beschikbaar vanaf 30 euro per nacht, afhankelijk van de gekozen boekingsdata, boek het nu voor uw <strong>volgende familievakantie in La Guyonni\u00e8re<\/strong> in het hart van de Vend\u00e9e, vlakbij Saint Georges de Montaigu en het <strong>Puy du Fou-park<\/strong>, en 1 uur van Les Sables d&#8217;Olonne.<\/p>\n\n\n\n<p class=\"ls-paragraph\">Boek uw <a href=\"https:\/\/www.chausseliere.com\/nl\/locaties\/\" target=\"_blank\" rel=\"noreferrer noopener\">FREECAMP<\/a>. Vanaf nu wacht u op Camping du Lac de la Chausseli\u00e8re een echte belevenis in het hart van de natuur.<\/p>\n<\/div>\n\n\n\n<div class=\"wp-block-column is-layout-flow wp-block-column-is-layout-flow\">\n<figure class=\"wp-block-gallery has-nested-images columns-2 is-cropped wp-block-gallery-1 is-layout-flex wp-block-gallery-is-layout-flex\">\n<figure class=\"wp-block-image size-large\"><a href=\"https:\/\/www.chausseliere.com\/wp-content\/uploads\/2023\/04\/Chausseliere2025alamoureux_D6A5940-_1_-_1_-_2_-_1_-1024x683.webp\"><img loading=\"lazy\" decoding=\"async\" width=\"1024\" height=\"683\" data-id=\"48905\" src=\"https:\/\/www.chausseliere.com\/wp-content\/uploads\/2023\/04\/Chausseliere2025alamoureux_D6A5940-_1_-_1_-_2_-_1_-1024x683.webp\" alt=\"Freecamp Guinguette\" class=\"wp-image-48905\" srcset=\"https:\/\/www.chausseliere.com\/wp-content\/uploads\/2023\/04\/Chausseliere2025alamoureux_D6A5940-_1_-_1_-_2_-_1_-1024x683.webp 1024w, https:\/\/www.chausseliere.com\/wp-content\/uploads\/2023\/04\/Chausseliere2025alamoureux_D6A5940-_1_-_1_-_2_-_1_-300x200.webp 300w, https:\/\/www.chausseliere.com\/wp-content\/uploads\/2023\/04\/Chausseliere2025alamoureux_D6A5940-_1_-_1_-_2_-_1_-768x513.webp 768w, https:\/\/www.chausseliere.com\/wp-content\/uploads\/2023\/04\/Chausseliere2025alamoureux_D6A5940-_1_-_1_-_2_-_1_.webp 1440w\" sizes=\"auto, (max-width: 1024px) 100vw, 1024px\" \/><\/a><\/figure>\n\n\n\n<figure class=\"wp-block-image size-large\"><a href=\"https:\/\/www.chausseliere.com\/wp-content\/uploads\/2025\/10\/Chausseliere2025@alamoureux_D6A5927-1024x683.jpg\"><img loading=\"lazy\" decoding=\"async\" width=\"1024\" height=\"683\" data-id=\"47898\" src=\"https:\/\/www.chausseliere.com\/wp-content\/uploads\/2025\/10\/Chausseliere2025@alamoureux_D6A5927-1024x683.jpg\" alt=\"Interieur Freecamp Guinguette\" class=\"wp-image-47898\" srcset=\"https:\/\/www.chausseliere.com\/wp-content\/uploads\/2025\/10\/Chausseliere2025@alamoureux_D6A5927-1024x683.jpg 1024w, https:\/\/www.chausseliere.com\/wp-content\/uploads\/2025\/10\/Chausseliere2025@alamoureux_D6A5927-300x200.jpg 300w, https:\/\/www.chausseliere.com\/wp-content\/uploads\/2025\/10\/Chausseliere2025@alamoureux_D6A5927-768x512.jpg 768w, https:\/\/www.chausseliere.com\/wp-content\/uploads\/2025\/10\/Chausseliere2025@alamoureux_D6A5927-1536x1025.jpg 1536w, https:\/\/www.chausseliere.com\/wp-content\/uploads\/2025\/10\/Chausseliere2025@alamoureux_D6A5927.jpg 1920w\" sizes=\"auto, (max-width: 1024px) 100vw, 1024px\" \/><\/a><\/figure>\n\n\n\n<figure class=\"wp-block-image size-large\"><a href=\"https:\/\/www.chausseliere.com\/wp-content\/uploads\/2023\/04\/Freecamp-guinguette-en-pleine-nature-1024x683.jpg\"><img loading=\"lazy\" decoding=\"async\" width=\"1024\" height=\"683\" data-id=\"48939\" src=\"https:\/\/www.chausseliere.com\/wp-content\/uploads\/2023\/04\/Freecamp-guinguette-en-pleine-nature-1024x683.jpg\" alt=\"\" class=\"wp-image-48939\" srcset=\"https:\/\/www.chausseliere.com\/wp-content\/uploads\/2023\/04\/Freecamp-guinguette-en-pleine-nature-1024x683.jpg 1024w, https:\/\/www.chausseliere.com\/wp-content\/uploads\/2023\/04\/Freecamp-guinguette-en-pleine-nature-300x200.jpg 300w, https:\/\/www.chausseliere.com\/wp-content\/uploads\/2023\/04\/Freecamp-guinguette-en-pleine-nature-768x513.jpg 768w, https:\/\/www.chausseliere.com\/wp-content\/uploads\/2023\/04\/Freecamp-guinguette-en-pleine-nature.jpg 1440w\" sizes=\"auto, (max-width: 1024px) 100vw, 1024px\" \/><\/a><\/figure>\n<\/figure>\n<\/div>\n<\/div>\n\n\r\n    <\/div>\r\n<\/section>\n\n<section id=\"ls-section-block_d9a831b53915220236b66b98f3cc745f\" class=\"ls-section  home-seventh page-four no-illustration has-background has-color-4-background-color has-p-t p-t-15 has-p-b p-b-15\" >\r\n        <div class=\"container \">\r\n        \n\n<div class=\"wp-block-columns are-vertically-aligned-center is-layout-flex wp-container-core-columns-is-layout-9d6595d7 wp-block-columns-is-layout-flex\">\n<div class=\"wp-block-column is-vertically-aligned-center is-layout-flow wp-block-column-is-layout-flow\" style=\"flex-basis:100%\">\n<div id=\"ls-heading ls-titre-numblock_d502950c7d48c0f737b160cc8ce1bb72\" class=\"ls-titre-num aligncenter\">\n    <div class=\"ls-titre-num__numero\">\n        2    <\/div>\n    <h2 class=\"ls-titre-num__content\">\n                    TARIEVEN 2026 LOCATIE                            <span>premium Freecamp Guinguette<\/span>\n            <\/h2>\n<\/div>\n\n\n\n\n<a href=\"https:\/\/www.chausseliere.com\/wp-content\/uploads\/2023\/04\/TARIFS-2026.pdf\" id=\"ls-button-block_1fa36907d21288a6ba23fb236eed33c2\" target=\"_blank\" rel=\"noopener\" class=\"ls-button aligncenter has-m-b m-b-4\" >Download de tarieven voor 2026 <span>><\/span><\/a>\n\n\n\n\n<ctv-availability data-product-id=\"106582\" data-background-color=\"#FFFFFF00\"><\/ctv-availability>\n\n\n\n<p class=\"ls-paragraph has-text-align-center\">Toeristenbelasting: 0,65\u20ac\/nacht\/persoon ouder dan 18 jaar<\/p>\n\n\n\n\n\n<a href=\"https:\/\/www.chausseliere.com\/wp-content\/uploads\/2023\/04\/Contrat-de-location-CGV-2026-NL-1.pdf\" id=\"ls-button-block_7b60fa6892ef184fa678f32be3a8df0d\" target=\"_blank\" rel=\"noopener\" class=\"ls-button aligncenter\" >Huurovereenkomst <span>><\/span><\/a>\n\n<\/div>\n<\/div>\n\n\r\n    <\/div>\r\n<\/section>\n\n<section id=\"ls-section-block_db3f9f51cc50198f7f953ad163c1ccbb\" class=\"ls-section  home-tenth page-five\" >\r\n        <div class=\"container \">\r\n        \n\n<div id=\"ls-heading ls-titre-div-numblock_0de64131fd2ae5110b51e3f6fef3b847\" class=\"ls-titre-div-num\">\n    <div class=\"ls-titre-div-num__numero\">\n        3    <\/div>\n    <div class=\"ls-titre-div-num__content\">\n            En onze klanten                            <span>Wat denken ze?<\/span>\n            <\/div>\n<\/div>\n\n<div class=\"avis-page-container\"><div class=\"avis-page\"><div class=\"avis-page-header\"><div class=\"avis-page-img\"><img decoding=\"async\" src=\"https:\/\/www.chausseliere.com\/wp-content\/uploads\/2023\/01\/Calque-13.jpg\" alt=\"zanzoo profiel\" \/><\/div><div class=\"avis-page-etoile-wrapper\"> <span class=\"chausseliere-star\"><\/span> <span class=\"chausseliere-star\"><\/span> <span class=\"chausseliere-star\"><\/span> <span class=\"chausseliere-star\"><\/span> <span class=\"chausseliere-star\"><\/span><div class=\"avis-page-etoile\" style=\"width : calc(100% * 1)\"> <span class=\"chausseliere-star\"><\/span> <span class=\"chausseliere-star\"><\/span> <span class=\"chausseliere-star\"><\/span> <span class=\"chausseliere-star\"><\/span> <span class=\"chausseliere-star\"><\/span> <\/div><\/div><div class=\"avis-page-titre\">We komen terug!<\/div><\/div><div class=\"avis-page-content\"><div class=\"avis-page-text\">Geweldige camping, goed gelegen bij het meer, geweldig en zeer schoon sanitair, grote plaatsen en picknicktafel aanwezig. De manager was aardig, vol goede raad, attent (leende ons zelfs een tancarville). Veel documentatie beschikb<span class='avis-lire-dots'>&#8230;<\/span><span class=\"avis-text-plus\">aar. Bedankt voor alles, we komen zeker terug!<\/span><span class='avis-lire-plus'>Meer lezen<\/span><span class='avis-lire-moins'>Lees minder &#8211;<\/span><\/div><\/div><\/div><div class=\"avis-page\"><div class=\"avis-page-header\"><div class=\"avis-page-img\"><img decoding=\"async\" src=\"https:\/\/www.chausseliere.com\/wp-content\/uploads\/2023\/01\/Calque-12.jpg\" alt=\"profiel\" \/><\/div><div class=\"avis-page-etoile-wrapper\"> <span class=\"chausseliere-star\"><\/span> <span class=\"chausseliere-star\"><\/span> <span class=\"chausseliere-star\"><\/span> <span class=\"chausseliere-star\"><\/span> <span class=\"chausseliere-star\"><\/span><div class=\"avis-page-etoile\" style=\"width : calc(100% * 1)\"> <span class=\"chausseliere-star\"><\/span> <span class=\"chausseliere-star\"><\/span> <span class=\"chausseliere-star\"><\/span> <span class=\"chausseliere-star\"><\/span> <span class=\"chausseliere-star\"><\/span> <\/div><\/div><div class=\"avis-page-titre\">Geweldige camping<\/div><\/div><div class=\"avis-page-content\"><div class=\"avis-page-text\">Super camping, fortement recommand\u00e9.\nBeaux emplacements au bord d\u2019un lac. Zeer schone toiletten en zeer aangenaam personeel&#8230;<\/div><\/div><\/div><div class=\"avis-page\"><div class=\"avis-page-header\"><div class=\"avis-page-img\"><img decoding=\"async\" src=\"https:\/\/www.chausseliere.com\/wp-content\/uploads\/2023\/01\/Calque-11.jpg\" alt=\"profielnaam\" \/><\/div><div class=\"avis-page-etoile-wrapper\"> <span class=\"chausseliere-star\"><\/span> <span class=\"chausseliere-star\"><\/span> <span class=\"chausseliere-star\"><\/span> <span class=\"chausseliere-star\"><\/span> <span class=\"chausseliere-star\"><\/span><div class=\"avis-page-etoile\" style=\"width : calc(100% * 1)\"> <span class=\"chausseliere-star\"><\/span> <span class=\"chausseliere-star\"><\/span> <span class=\"chausseliere-star\"><\/span> <span class=\"chausseliere-star\"><\/span> <span class=\"chausseliere-star\"><\/span> <\/div><\/div><div class=\"avis-page-titre\">Schaduwrijk en perfect gelegen  <\/div><\/div><div class=\"avis-page-content\"><div class=\"avis-page-text\">We brachten 4 dagen door op een goed schaduwrijke en perfect gelegen tussen het zwembad en het meer.\nZeer schone camping, erg aardige eigenaar.\nGeen lawaai &#8217;s nachts.<\/div><\/div><\/div><\/div>\n\r\n    <\/div>\r\n<\/section>\n\n<section id=\"ls-section-block_180b35eaf8a81ac218f18314287ce833\" class=\"ls-section  page-fourth has-m-t m-t-0\" >\r\n        <div class=\"container container--wide\">\r\n        \n\n<div id=\"ls-heading ls-titre-div-block_929e1d98ed72c618433aa1621ff211a2\" class=\"ls-titre-div aligncenter h2-like\" >\n    <strong>Ontdek <\/strong> al onze accommodaties<\/div>\n\n\n<div id=\"ls-maillage-block_084b553677b2c5d9c0c05affa41ed699\" class=\"ls-maillage cta-style-normal\" data-rows=\"3\">\r\n    <div class=\"wp-block-columns\"><div class=\"wp-block-column\"><div class=\"ls-cta\">\n\n<a href=\"https:\/\/www.chausseliere.com\/nl\/huur-insolite-verkoop\/\" target=\"\" rel=\"noopener\" class=\"ls-cta__link\">\n\n\t<div class=\"ls-cta__image\"><img decoding=\"async\" src=\"https:\/\/www.chausseliere.com\/wp-content\/uploads\/2023\/01\/Tipi_resultat-1-768x512.webp\" alt=\"Ongebruikelijke huur Vend\u00e9e\"><\/div>\n\t<div class=\"ls-cta__title\">\n\t\tOnze ongewone verhuur\t<\/div>\n\n\t\n<\/a><\/div><\/div><div class=\"wp-block-column\"><div class=\"ls-cta\">\n\n<a href=\"https:\/\/www.chausseliere.com\/nl\/accommodatie\/\" target=\"\" rel=\"noopener\" class=\"ls-cta__link\">\n\n\t<div class=\"ls-cta__image\"><img decoding=\"async\" src=\"https:\/\/www.chausseliere.com\/wp-content\/uploads\/2023\/01\/Siege-cocon-suspendu_resultat-768x1152.webp\" alt=\"Cocoon zitting opgeschort resultaat\"><\/div>\n\t<div class=\"ls-cta__title\">\n\t\tOnze accommodatie\t<\/div>\n\n\t\n<\/a><\/div><\/div><div class=\"wp-block-column\"><div class=\"ls-cta\">\n\n<a href=\"https:\/\/www.chausseliere.com\/nl\/locaties\/\" target=\"\" rel=\"noopener\" class=\"ls-cta__link\">\n\n\t<div class=\"ls-cta__image\"><img decoding=\"async\" src=\"https:\/\/www.chausseliere.com\/wp-content\/uploads\/2023\/01\/LaChausseliere2020@alamoureux_MG_5151_resultat-768x512.webp\" alt=\"kampeerplaats\"><\/div>\n\t<div class=\"ls-cta__title\">\n\t\tDe locaties\t<\/div>\n\n\t\n<\/a><\/div><\/div><\/div><\/div>\n\r\n    <\/div>\r\n<\/section>","protected":false},"excerpt":{"rendered":"","protected":false},"author":1,"featured_media":48939,"parent":39311,"menu_order":0,"comment_status":"closed","ping_status":"closed","template":"","meta":{"_acf_changed":false,"footnotes":""},"sujet":[],"class_list":["post-39050","page","type-page","status-publish","has-post-thumbnail","hentry"],"acf":[],"yoast_head":"<!-- This site is optimized with the Yoast SEO plugin v25.3 - https:\/\/yoast.com\/wordpress\/plugins\/seo\/ -->\n<title>Kampeerplaats met priv\u00e9 sanitair : verblijf camping Vend\u00e9e<\/title>\n<meta name=\"description\" content=\"Deze camping met priv\u00e9 sanitair in de Vend\u00e9e biedt u een echte opening naar de buitenwereld met zijn overdekte en open ruimtes.\" \/>\n<meta name=\"robots\" content=\"index, follow, max-snippet:-1, max-image-preview:large, max-video-preview:-1\" \/>\n<link rel=\"canonical\" href=\"https:\/\/www.chausseliere.com\/nl\/locaties\/locatie-premium\/\" \/>\n<meta property=\"og:locale\" content=\"nl_NL\" \/>\n<meta property=\"og:type\" content=\"article\" \/>\n<meta property=\"og:title\" content=\"Kampeerplaats met priv\u00e9 sanitair : verblijf camping Vend\u00e9e\" \/>\n<meta property=\"og:description\" content=\"Deze camping met priv\u00e9 sanitair in de Vend\u00e9e biedt u een echte opening naar de buitenwereld met zijn overdekte en open ruimtes.\" \/>\n<meta property=\"og:url\" content=\"https:\/\/www.chausseliere.com\/nl\/locaties\/locatie-premium\/\" \/>\n<meta property=\"og:site_name\" content=\"Camping du Lac de la Chausseli\u00e8re\" \/>\n<meta property=\"article:modified_time\" content=\"2026-04-21T12:21:20+00:00\" \/>\n<meta property=\"og:image\" content=\"https:\/\/www.chausseliere.com\/wp-content\/uploads\/2023\/04\/Freecamp-guinguette-en-pleine-nature.jpg\" \/>\n\t<meta property=\"og:image:width\" content=\"1440\" \/>\n\t<meta property=\"og:image:height\" content=\"961\" \/>\n\t<meta property=\"og:image:type\" content=\"image\/jpeg\" \/>\n<meta name=\"twitter:card\" content=\"summary_large_image\" \/>\n<meta name=\"twitter:label1\" content=\"Geschatte leestijd\" \/>\n\t<meta name=\"twitter:data1\" content=\"3 minuten\" \/>\n<script type=\"application\/ld+json\" class=\"yoast-schema-graph\">{\"@context\":\"https:\/\/schema.org\",\"@graph\":[{\"@type\":\"WebPage\",\"@id\":\"https:\/\/www.chausseliere.com\/nl\/locaties\/locatie-premium\/\",\"url\":\"https:\/\/www.chausseliere.com\/nl\/locaties\/locatie-premium\/\",\"name\":\"Kampeerplaats met priv\u00e9 sanitair : verblijf camping Vend\u00e9e\",\"isPartOf\":{\"@id\":\"https:\/\/www.chausseliere.com\/nl\/#website\"},\"primaryImageOfPage\":{\"@id\":\"https:\/\/www.chausseliere.com\/nl\/locaties\/locatie-premium\/#primaryimage\"},\"image\":{\"@id\":\"https:\/\/www.chausseliere.com\/nl\/locaties\/locatie-premium\/#primaryimage\"},\"thumbnailUrl\":\"https:\/\/www.chausseliere.com\/wp-content\/uploads\/2023\/04\/Freecamp-guinguette-en-pleine-nature.jpg\",\"datePublished\":\"2023-04-04T11:56:57+00:00\",\"dateModified\":\"2026-04-21T12:21:20+00:00\",\"description\":\"Deze camping met priv\u00e9 sanitair in de Vend\u00e9e biedt u een echte opening naar de buitenwereld met zijn overdekte en open ruimtes.\",\"breadcrumb\":{\"@id\":\"https:\/\/www.chausseliere.com\/nl\/locaties\/locatie-premium\/#breadcrumb\"},\"inLanguage\":\"nl-NL\",\"potentialAction\":[{\"@type\":\"ReadAction\",\"target\":[\"https:\/\/www.chausseliere.com\/nl\/locaties\/locatie-premium\/\"]}]},{\"@type\":\"ImageObject\",\"inLanguage\":\"nl-NL\",\"@id\":\"https:\/\/www.chausseliere.com\/nl\/locaties\/locatie-premium\/#primaryimage\",\"url\":\"https:\/\/www.chausseliere.com\/wp-content\/uploads\/2023\/04\/Freecamp-guinguette-en-pleine-nature.jpg\",\"contentUrl\":\"https:\/\/www.chausseliere.com\/wp-content\/uploads\/2023\/04\/Freecamp-guinguette-en-pleine-nature.jpg\",\"width\":1440,\"height\":961},{\"@type\":\"BreadcrumbList\",\"@id\":\"https:\/\/www.chausseliere.com\/nl\/locaties\/locatie-premium\/#breadcrumb\",\"itemListElement\":[{\"@type\":\"ListItem\",\"position\":1,\"name\":\"Camping Puy du Fou\",\"item\":\"https:\/\/www.chausseliere.com\/nl\/\"},{\"@type\":\"ListItem\",\"position\":2,\"name\":\"Kampeerplaatsen\",\"item\":\"https:\/\/www.chausseliere.com\/nl\/locaties\/\"},{\"@type\":\"ListItem\",\"position\":3,\"name\":\"Nieuw: Premium veld met priv\u00e9 sanitair\"}]},{\"@type\":\"WebSite\",\"@id\":\"https:\/\/www.chausseliere.com\/nl\/#website\",\"url\":\"https:\/\/www.chausseliere.com\/nl\/\",\"name\":\"Camping du Lac de la Chausseli\u00e8re\",\"description\":\"\",\"publisher\":{\"@id\":\"https:\/\/www.chausseliere.com\/nl\/#organization\"},\"potentialAction\":[{\"@type\":\"SearchAction\",\"target\":{\"@type\":\"EntryPoint\",\"urlTemplate\":\"https:\/\/www.chausseliere.com\/nl\/?s={search_term_string}\"},\"query-input\":{\"@type\":\"PropertyValueSpecification\",\"valueRequired\":true,\"valueName\":\"search_term_string\"}}],\"inLanguage\":\"nl-NL\"},{\"@type\":\"Organization\",\"@id\":\"https:\/\/www.chausseliere.com\/nl\/#organization\",\"name\":\"Camping du Lac de la Chausseli\u00e8re\",\"url\":\"https:\/\/www.chausseliere.com\/nl\/\",\"logo\":{\"@type\":\"ImageObject\",\"inLanguage\":\"nl-NL\",\"@id\":\"https:\/\/www.chausseliere.com\/nl\/#\/schema\/logo\/image\/\",\"url\":\"https:\/\/www.chausseliere.com\/wp-content\/uploads\/2023\/04\/Logo_Chausseliere_4Etoiles_blanc_HD_resultat.webp\",\"contentUrl\":\"https:\/\/www.chausseliere.com\/wp-content\/uploads\/2023\/04\/Logo_Chausseliere_4Etoiles_blanc_HD_resultat.webp\",\"width\":640,\"height\":406,\"caption\":\"Camping du Lac de la Chausseli\u00e8re\"},\"image\":{\"@id\":\"https:\/\/www.chausseliere.com\/nl\/#\/schema\/logo\/image\/\"}}]}<\/script>\n<!-- \/ Yoast SEO plugin. -->","yoast_head_json":{"title":"Kampeerplaats met priv\u00e9 sanitair : verblijf camping Vend\u00e9e","description":"Deze camping met priv\u00e9 sanitair in de Vend\u00e9e biedt u een echte opening naar de buitenwereld met zijn overdekte en open ruimtes.","robots":{"index":"index","follow":"follow","max-snippet":"max-snippet:-1","max-image-preview":"max-image-preview:large","max-video-preview":"max-video-preview:-1"},"canonical":"https:\/\/www.chausseliere.com\/nl\/locaties\/locatie-premium\/","og_locale":"nl_NL","og_type":"article","og_title":"Kampeerplaats met priv\u00e9 sanitair : verblijf camping Vend\u00e9e","og_description":"Deze camping met priv\u00e9 sanitair in de Vend\u00e9e biedt u een echte opening naar de buitenwereld met zijn overdekte en open ruimtes.","og_url":"https:\/\/www.chausseliere.com\/nl\/locaties\/locatie-premium\/","og_site_name":"Camping du Lac de la Chausseli\u00e8re","article_modified_time":"2026-04-21T12:21:20+00:00","og_image":[{"width":1440,"height":961,"url":"https:\/\/www.chausseliere.com\/wp-content\/uploads\/2023\/04\/Freecamp-guinguette-en-pleine-nature.jpg","type":"image\/jpeg"}],"twitter_card":"summary_large_image","twitter_misc":{"Geschatte leestijd":"3 minuten"},"schema":{"@context":"https:\/\/schema.org","@graph":[{"@type":"WebPage","@id":"https:\/\/www.chausseliere.com\/nl\/locaties\/locatie-premium\/","url":"https:\/\/www.chausseliere.com\/nl\/locaties\/locatie-premium\/","name":"Kampeerplaats met priv\u00e9 sanitair : verblijf camping Vend\u00e9e","isPartOf":{"@id":"https:\/\/www.chausseliere.com\/nl\/#website"},"primaryImageOfPage":{"@id":"https:\/\/www.chausseliere.com\/nl\/locaties\/locatie-premium\/#primaryimage"},"image":{"@id":"https:\/\/www.chausseliere.com\/nl\/locaties\/locatie-premium\/#primaryimage"},"thumbnailUrl":"https:\/\/www.chausseliere.com\/wp-content\/uploads\/2023\/04\/Freecamp-guinguette-en-pleine-nature.jpg","datePublished":"2023-04-04T11:56:57+00:00","dateModified":"2026-04-21T12:21:20+00:00","description":"Deze camping met priv\u00e9 sanitair in de Vend\u00e9e biedt u een echte opening naar de buitenwereld met zijn overdekte en open ruimtes.","breadcrumb":{"@id":"https:\/\/www.chausseliere.com\/nl\/locaties\/locatie-premium\/#breadcrumb"},"inLanguage":"nl-NL","potentialAction":[{"@type":"ReadAction","target":["https:\/\/www.chausseliere.com\/nl\/locaties\/locatie-premium\/"]}]},{"@type":"ImageObject","inLanguage":"nl-NL","@id":"https:\/\/www.chausseliere.com\/nl\/locaties\/locatie-premium\/#primaryimage","url":"https:\/\/www.chausseliere.com\/wp-content\/uploads\/2023\/04\/Freecamp-guinguette-en-pleine-nature.jpg","contentUrl":"https:\/\/www.chausseliere.com\/wp-content\/uploads\/2023\/04\/Freecamp-guinguette-en-pleine-nature.jpg","width":1440,"height":961},{"@type":"BreadcrumbList","@id":"https:\/\/www.chausseliere.com\/nl\/locaties\/locatie-premium\/#breadcrumb","itemListElement":[{"@type":"ListItem","position":1,"name":"Camping Puy du Fou","item":"https:\/\/www.chausseliere.com\/nl\/"},{"@type":"ListItem","position":2,"name":"Kampeerplaatsen","item":"https:\/\/www.chausseliere.com\/nl\/locaties\/"},{"@type":"ListItem","position":3,"name":"Nieuw: Premium veld met priv\u00e9 sanitair"}]},{"@type":"WebSite","@id":"https:\/\/www.chausseliere.com\/nl\/#website","url":"https:\/\/www.chausseliere.com\/nl\/","name":"Camping du Lac de la Chausseli\u00e8re","description":"","publisher":{"@id":"https:\/\/www.chausseliere.com\/nl\/#organization"},"potentialAction":[{"@type":"SearchAction","target":{"@type":"EntryPoint","urlTemplate":"https:\/\/www.chausseliere.com\/nl\/?s={search_term_string}"},"query-input":{"@type":"PropertyValueSpecification","valueRequired":true,"valueName":"search_term_string"}}],"inLanguage":"nl-NL"},{"@type":"Organization","@id":"https:\/\/www.chausseliere.com\/nl\/#organization","name":"Camping du Lac de la Chausseli\u00e8re","url":"https:\/\/www.chausseliere.com\/nl\/","logo":{"@type":"ImageObject","inLanguage":"nl-NL","@id":"https:\/\/www.chausseliere.com\/nl\/#\/schema\/logo\/image\/","url":"https:\/\/www.chausseliere.com\/wp-content\/uploads\/2023\/04\/Logo_Chausseliere_4Etoiles_blanc_HD_resultat.webp","contentUrl":"https:\/\/www.chausseliere.com\/wp-content\/uploads\/2023\/04\/Logo_Chausseliere_4Etoiles_blanc_HD_resultat.webp","width":640,"height":406,"caption":"Camping du Lac de la Chausseli\u00e8re"},"image":{"@id":"https:\/\/www.chausseliere.com\/nl\/#\/schema\/logo\/image\/"}}]}},"_links":{"self":[{"href":"https:\/\/www.chausseliere.com\/nl\/wp-json\/wp\/v2\/pages\/39050","targetHints":{"allow":["GET"]}}],"collection":[{"href":"https:\/\/www.chausseliere.com\/nl\/wp-json\/wp\/v2\/pages"}],"about":[{"href":"https:\/\/www.chausseliere.com\/nl\/wp-json\/wp\/v2\/types\/page"}],"author":[{"embeddable":true,"href":"https:\/\/www.chausseliere.com\/nl\/wp-json\/wp\/v2\/users\/1"}],"replies":[{"embeddable":true,"href":"https:\/\/www.chausseliere.com\/nl\/wp-json\/wp\/v2\/comments?post=39050"}],"version-history":[{"count":23,"href":"https:\/\/www.chausseliere.com\/nl\/wp-json\/wp\/v2\/pages\/39050\/revisions"}],"predecessor-version":[{"id":49672,"href":"https:\/\/www.chausseliere.com\/nl\/wp-json\/wp\/v2\/pages\/39050\/revisions\/49672"}],"up":[{"embeddable":true,"href":"https:\/\/www.chausseliere.com\/nl\/wp-json\/wp\/v2\/pages\/39311"}],"wp:featuredmedia":[{"embeddable":true,"href":"https:\/\/www.chausseliere.com\/nl\/wp-json\/wp\/v2\/media\/48939"}],"wp:attachment":[{"href":"https:\/\/www.chausseliere.com\/nl\/wp-json\/wp\/v2\/media?parent=39050"}],"wp:term":[{"taxonomy":"sujet","embeddable":true,"href":"https:\/\/www.chausseliere.com\/nl\/wp-json\/wp\/v2\/sujet?post=39050"}],"curies":[{"name":"wp","href":"https:\/\/api.w.org\/{rel}","templated":true}]}}