{"id":38932,"date":"2023-04-04T11:07:57","date_gmt":"2023-04-04T09:07:57","guid":{"rendered":"https:\/\/www.chausseliere.com\/het-hele-jaar-door-kamperen\/"},"modified":"2025-11-04T17:08:34","modified_gmt":"2025-11-04T16:08:34","slug":"het-hele-jaar-door-kamperen","status":"publish","type":"page","link":"https:\/\/www.chausseliere.com\/nl\/het-hele-jaar-door-kamperen\/","title":{"rendered":"Camping het hele jaar geopend"},"content":{"rendered":"<section id=\"ls-section-block_7d8f790d4a1ebbba33bcd04e4f042cbb\" class=\"ls-section  home-first page-one has-p-b p-b-10\" >\r\n        <div class=\"container container--wide\">\r\n        \n\n<h1 class=\"ls__heading wp-block-heading has-text-align-center\">Camping het hele jaar geopend<\/h1>\n\n\n\n<div class=\"wp-block-columns m-t-10 is-layout-flex wp-container-core-columns-is-layout-9d6595d7 wp-block-columns-is-layout-flex\">\n<div class=\"wp-block-column is-vertically-aligned-center is-layout-flow wp-block-column-is-layout-flow\">\n<div id=\"ls-heading ls-titre-numblock_904dfa03b2fbfbc28d25ca4b2e2311e2\" class=\"ls-titre-num\">\n    <div class=\"ls-titre-num__numero\">\n        1    <\/div>\n    <h2 class=\"ls-titre-num__content\">\n                    Uw camping is open                             <span>het hele jaar door in de Vend\u00e9e<\/span>\n            <\/h2>\n<\/div>\n\n\n<p class=\"ls-paragraph\">De camping Lac de Chausseli\u00e8re, <a href=\"\/\">camping nabij Puy du Fou<\/a> en ideaal gelegen aan de rand van een nautische basis in de Vend\u00e9e, <strong>verwelkomt u het hele jaar door<\/strong> voor vakanties op maat, ontdekking van de regio of pure zomerontspanning.<\/p>\n\n\n\n<p class=\"ls-paragraph\">Van april tot eind september kunt u uw tent opzetten op een staanplaats, verblijven in een camper of kiezen voor een andere omgeving met een van <a href=\"https:\/\/www.chausseliere.com\/nl\/huur-insolite-verkoop\/\">onze<\/a> <a href=\"https:\/\/www.chausseliere.com\/nl\/huur-insolite-verkoop\/\">ongewone<\/a> <a href=\"https:\/\/www.chausseliere.com\/nl\/huur-insolite-verkoop\/\">accommodaties<\/a> (chalet, stacaravan, lodge, bungalow) voor 4 tot 5 personen.<\/p>\n\n\n\n<p class=\"ls-paragraph\">Tot eind oktober kunt u ook kiezen voor het comfort van een stacaravan <a href=\"https:\/\/www.chausseliere.com\/nl\/kamperen-met-mobilhome\/\">voor 2 tot 8 personen<\/a> voor een welverdiende week vakantie!<\/p>\n\n\n\n<p class=\"ls-paragraph\">Zin in een kort verblijf in de Vend\u00e9e buiten het hoogseizoen en op zoek naar een huuraccommodatie voor de winter?<br\/><a href=\"https:\/\/www.chausseliere.com\/nl\/camping-met-huisjes\/\">De houten chalets<\/a> van Camping du Lac de la Chausseli\u00e8re zijn het hele jaar door te huur!<\/p>\n\n\n\n<p class=\"ls-paragraph addReadMore showlesscontent\">Van 18 tot 46 m2, dit zijn moderne en perfect uitgeruste vakantiewoningen voor een verblijf van 4 seizoenen. Meubilair van hoge kwaliteit, hightech keuken, verwarming, televisie, wifi, u vindt er alle comfort voor uw verblijf, zelfs als u in de winter naar <strong>de camping komt.<\/strong><\/p>\n\n\n\n<p class=\"ls-paragraph\">Wilt u de Vend\u00e9e een week ontdekken tijdens de Toussaint-vakantie of voor een weekend <a href=\"https:\/\/www.chausseliere.com\/camping-pont-de-mai\/\">tijdens de meivakantie<\/a>? Wat als we je vertellen dat je zelfs kunt zwemmen? Onze camping is het hele jaar geopend en heeft een o<strong>verdekt verwarmd zwembad van 29 \u00b0 dat toegankelijk is van begin april tot eind september,<\/strong> om u zowel in het voorjaar als in het najaar aangenaam te laten zwemmen!<\/p>\n\n\n\n<p class=\"ls-paragraph\">In het hart van een uitzonderlijke natuurlijke omgeving vindt u <strong>een snackbar en een bar die in de zomer geopend zijn.<\/strong> Zout of zoet, onze snackbar biedt u een meeneemservice om in uw stacaravan op te eten. De bar biedt een verfrissende pauze tussen activiteiten of sightseeing met een ruime keuze aan cocktails, frisdranken en bieren.<\/p>\n\n\n\n<p class=\"ls-paragraph\">De kinderclub is alleen tijdens de zomermaanden geopend en biedt kinderen leuke, sportieve en artistieke activiteiten onder begeleiding van een animator. Een kaart staat tot uw beschikking om u te kunnen lokaliseren in 30 hectare hout.<br\/>Als u uw verblijf op onze sterrencamping in het Pays de la Loire boekt, kunt u <strong>profiteren van promotionele aanbiedingen <\/strong>voor uw vakantie van een week.<\/p>\n<\/div>\n\n\n\n<div class=\"wp-block-column is-layout-flow wp-block-column-is-layout-flow\">\n<figure class=\"wp-block-gallery has-nested-images columns-2 is-cropped wp-block-gallery-1 is-layout-flex wp-block-gallery-is-layout-flex\">\n<figure class=\"wp-block-image size-large\"><a href=\"https:\/\/www.chausseliere.com\/wp-content\/uploads\/2023\/01\/LaRochesurYon13_1800_1200-1-1024x683.webp\"><img loading=\"lazy\" decoding=\"async\" width=\"1024\" height=\"683\" data-id=\"28596\" src=\"https:\/\/www.chausseliere.com\/wp-content\/uploads\/2023\/01\/LaRochesurYon13_1800_1200-1-1024x683.webp\" alt=\"LaRochesurYon\" class=\"wp-image-28596\" srcset=\"https:\/\/www.chausseliere.com\/wp-content\/uploads\/2023\/01\/LaRochesurYon13_1800_1200-1-1024x683.webp 1024w, https:\/\/www.chausseliere.com\/wp-content\/uploads\/2023\/01\/LaRochesurYon13_1800_1200-1-300x200.webp 300w, https:\/\/www.chausseliere.com\/wp-content\/uploads\/2023\/01\/LaRochesurYon13_1800_1200-1-768x512.webp 768w, https:\/\/www.chausseliere.com\/wp-content\/uploads\/2023\/01\/LaRochesurYon13_1800_1200-1-1536x1024.webp 1536w, https:\/\/www.chausseliere.com\/wp-content\/uploads\/2023\/01\/LaRochesurYon13_1800_1200-1.webp 1800w\" sizes=\"auto, (max-width: 1024px) 100vw, 1024px\" \/><\/a><\/figure>\n\n\n\n<figure class=\"wp-block-image size-large\"><a href=\"https:\/\/www.chausseliere.com\/wp-content\/uploads\/2023\/01\/cyclist-3202481_1920_resultat-1024x683.webp\"><img loading=\"lazy\" decoding=\"async\" width=\"1024\" height=\"683\" data-id=\"28584\" src=\"https:\/\/www.chausseliere.com\/wp-content\/uploads\/2023\/01\/cyclist-3202481_1920_resultat-1024x683.webp\" alt=\"resultaat fietser\" class=\"wp-image-28584\" srcset=\"https:\/\/www.chausseliere.com\/wp-content\/uploads\/2023\/01\/cyclist-3202481_1920_resultat-1024x683.webp 1024w, https:\/\/www.chausseliere.com\/wp-content\/uploads\/2023\/01\/cyclist-3202481_1920_resultat-300x200.webp 300w, https:\/\/www.chausseliere.com\/wp-content\/uploads\/2023\/01\/cyclist-3202481_1920_resultat-768x512.webp 768w, https:\/\/www.chausseliere.com\/wp-content\/uploads\/2023\/01\/cyclist-3202481_1920_resultat-1536x1024.webp 1536w, https:\/\/www.chausseliere.com\/wp-content\/uploads\/2023\/01\/cyclist-3202481_1920_resultat.webp 1800w\" sizes=\"auto, (max-width: 1024px) 100vw, 1024px\" \/><\/a><\/figure>\n\n\n\n<figure class=\"wp-block-image size-large\"><a href=\"https:\/\/www.chausseliere.com\/wp-content\/uploads\/2023\/02\/amis-dejeunent-au-resturant-en-vendee-1024x683.webp\"><img loading=\"lazy\" decoding=\"async\" width=\"1024\" height=\"683\" data-id=\"36616\" src=\"https:\/\/www.chausseliere.com\/wp-content\/uploads\/2023\/02\/amis-dejeunent-au-resturant-en-vendee-1024x683.webp\" alt=\"vrienden lunchen in een restaurant in de Vend&#xE9;e\" class=\"wp-image-36616\" srcset=\"https:\/\/www.chausseliere.com\/wp-content\/uploads\/2023\/02\/amis-dejeunent-au-resturant-en-vendee-1024x683.webp 1024w, https:\/\/www.chausseliere.com\/wp-content\/uploads\/2023\/02\/amis-dejeunent-au-resturant-en-vendee-300x200.webp 300w, https:\/\/www.chausseliere.com\/wp-content\/uploads\/2023\/02\/amis-dejeunent-au-resturant-en-vendee-768x512.webp 768w, https:\/\/www.chausseliere.com\/wp-content\/uploads\/2023\/02\/amis-dejeunent-au-resturant-en-vendee.webp 1200w\" sizes=\"auto, (max-width: 1024px) 100vw, 1024px\" \/><\/a><\/figure>\n<\/figure>\n<\/div>\n<\/div>\n\n\r\n    <\/div>\r\n<\/section><section id=\"ls-section-block_8afd5172a210f221e32c334314018a59\" class=\"ls-section  home-seventh page-four no-illustration has-background has-color-4-background-color has-p-t p-t-15 has-p-b p-b-5\" >\r\n        <div class=\"container container--wide\">\r\n        \n\n<div class=\"wp-block-columns are-vertically-aligned-center is-layout-flex wp-container-core-columns-is-layout-9d6595d7 wp-block-columns-is-layout-flex\">\n<div class=\"wp-block-column is-vertically-aligned-center is-layout-flow wp-block-column-is-layout-flow\" style=\"flex-basis:100%\">\n<div id=\"ls-heading ls-titre-numblock_a258de94f2d9519b6e3d054d5d7cb0fc\" class=\"ls-titre-num\">\n    <div class=\"ls-titre-num__numero\">\n        2    <\/div>\n    <h2 class=\"ls-titre-num__content\">\n                    4 goede redenen om te gaan kamperen                             <span>op elk moment van het jaar behalve de zomer<\/span>\n            <\/h2>\n<\/div>\n\n\n<h3 class=\"ls__heading wp-block-heading\">1. Kosteneffectieve verblijven<\/h3>\n\n\n\n<p class=\"ls-paragraph\">Buiten het hoogseizoen gaan is de beste manier om een goedkope vakantie in Frankrijk te krijgen. <strong>Als je geen kinderen hebt of als<\/strong> ze niet naar school gaan, mis dan niet!<\/p>\n\n\n\n<p class=\"ls-paragraph\">Vermijd <strong>het hoogseizoen van de schoolvakanties en profiteer van lage prijzen<\/strong>, zowel voor uw stacaravan als voor uw toeristische bezoeken!<\/p>\n\n\n\n<h3 class=\"ls__heading wp-block-heading\">2. Een rustige vakantie<\/h3>\n\n\n\n<p class=\"ls-paragraph\"><strong>Er zijn geen drukte buiten het seizoen<\/strong> en het is echt een pluspunt als je van een ontspannen vakantie houdt.<br\/>Vermijd <strong>de lijnen op toeristische sites<\/strong>, geniet zelf van het zwembad, ontdek de stranden van de Vend\u00e9e in een nieuw licht en <strong>neem een langzaam tempo aan!<\/strong><\/p>\n\n\n\n<h3 class=\"ls__heading wp-block-heading\">3. Meer Instagrammable souvenirfoto&#8217;s<\/h3>\n\n\n\n<p class=\"ls-paragraph\"><strong>De mooiste foto&#8217;s<\/strong> van de plekken die je doen dromen zijn buiten <strong>het seizoen genomen in onze mooie regio van Frankrijk, in de Vend\u00e9e<\/strong>.<\/p>\n\n\n\n<p class=\"ls-paragraph\">Liefhebbers van weidse ruimtes, wildernis en paradijselijke stranden, het laagseizoen is voor u.<br\/><strong>Toeristen hebben het gebied verlaten of zijn er nog niet<\/strong>, zodat de voorjaars- en herfstvakantiegangers een puur landschap wordt geboden. De camping beschikt over wifi (tegen betaling), zodat u uw mooiste foto\u2019s en video\u2019s kunt delen.<\/p>\n\n\n\n<h3 class=\"ls__heading wp-block-heading\">4. Authentieke verblijven<\/h3>\n\n\n\n<p class=\"ls-paragraph\">Buiten <strong>het seizoen is iedereen relaxter.<\/strong> Op toeristische bestemmingen is dit het moment om de tijd te nemen om met de plaatselijke <strong>bevolking te praten, die geduldiger en meer beschikbaar is.<\/strong> <\/p>\n\n\n\n<p class=\"ls-paragraph\">Dan krijg je waarschijnlijk te horen waar het geheime strandje aan het meer is, of de paddenstoelenpoel, of het goede lokale restaurant dat je niet mag missen. Een kostbaar voorrecht!<\/p>\n<\/div>\n<\/div>\n\n\r\n    <\/div>\r\n<\/section><section id=\"ls-section-block_f8289c1ec9e7779c9b6fcdf2320f0db3\" class=\"ls-section  home-seventh page-two no-illustration m-b-0 p-b-0\" >\r\n        <div class=\"container container--wide\">\r\n        \n\n<div class=\"wp-block-columns are-vertically-aligned-center is-layout-flex wp-container-core-columns-is-layout-9d6595d7 wp-block-columns-is-layout-flex\">\n<div class=\"wp-block-column is-vertically-aligned-center is-layout-flow wp-block-column-is-layout-flow\" style=\"flex-basis:50%\">\n<figure class=\"wp-block-image size-large animated fadeInLeft slow\"><a href=\"https:\/\/www.chausseliere.com\/wp-content\/uploads\/2023\/01\/canoe-kayak-base-de-loisirs-la-chausseliere-vendee-1210x730-2-1024x618.jpg\"><img loading=\"lazy\" decoding=\"async\" width=\"1024\" height=\"618\" src=\"https:\/\/www.chausseliere.com\/wp-content\/uploads\/2023\/01\/canoe-kayak-base-de-loisirs-la-chausseliere-vendee-1210x730-2-1024x618.jpg\" alt=\"kano kajak basis de loisirs la chausseliere vendee x\" class=\"wp-image-28574\" srcset=\"https:\/\/www.chausseliere.com\/wp-content\/uploads\/2023\/01\/canoe-kayak-base-de-loisirs-la-chausseliere-vendee-1210x730-2-1024x618.jpg 1024w, https:\/\/www.chausseliere.com\/wp-content\/uploads\/2023\/01\/canoe-kayak-base-de-loisirs-la-chausseliere-vendee-1210x730-2-300x181.jpg 300w, https:\/\/www.chausseliere.com\/wp-content\/uploads\/2023\/01\/canoe-kayak-base-de-loisirs-la-chausseliere-vendee-1210x730-2-768x463.jpg 768w, https:\/\/www.chausseliere.com\/wp-content\/uploads\/2023\/01\/canoe-kayak-base-de-loisirs-la-chausseliere-vendee-1210x730-2.jpg 1210w\" sizes=\"auto, (max-width: 1024px) 100vw, 1024px\" \/><\/a><\/figure>\n<\/div>\n\n\n\n<div class=\"wp-block-column is-vertically-aligned-center is-layout-flow wp-block-column-is-layout-flow\" style=\"flex-basis:50%\">\n<div id=\"ls-heading ls-titre-numblock_6860108d4cf74aa7e3438904c7d2c907\" class=\"ls-titre-num\">\n    <div class=\"ls-titre-num__numero\">\n        3    <\/div>\n    <h2 class=\"ls-titre-num__content\">\n                    Uw camping in de buurt van de sites                            <span>toerisme in de Loirestreek<\/span>\n            <\/h2>\n<\/div>\n\n\n<p class=\"ls-paragraph\">Camping La Chausseli\u00e8re ligt <strong>vlakbij het meer van Chausseli\u00e8re.<\/strong> Dit recreatiegebied verwelkomt u tijdens het seizoen, met familie of vrienden. Tijdens de zomermaanden kunt u genieten van buiten- en wateractiviteiten, ontspannen aan de oevers van de vijver of er een wandeling omheen maken.<\/p>\n\n\n\n<p class=\"ls-paragraph\">Een van de bekendste toeristische plaatsen in de Pays de la Loire is <strong>het park Puy du Fou.<\/strong> Het park ligt op slechts 30 minuten afstand van de camping en is gemakkelijk bereikbaar. Dit is een gelegenheid om er een dag door te brengen. D\u00e9couvrez ses magnifiques spectacles \u00e0 proximit\u00e9 de notre camping \u00e9toil\u00e9.<\/p>\n\n\n\n<p class=\"ls-paragraph\">Voor een uitzonderlijke vakantie in de Pays de la Loire bent u het aan uzelf verplicht Nantes te bezoeken, op 30 minuten van de camping. Neem de tijd om de kathedraal en de steegjes van de Japanse tuin te bezoeken. Ontdek La Rochelle binnen een paar uur, en rij naar het strand aan de Atlantische kust voor een zonsondergang aan het water.<\/p>\n<\/div>\n<\/div>\n\n\r\n    <\/div>\r\n<\/section><section id=\"ls-section-block_866e696fd0c9da86a92a7c89a4de351c\" class=\"ls-section  page-fourth has-m-t m-t-0\" >\r\n        <div class=\"container container--wide\">\r\n        \n\n<div id=\"ls-heading ls-titre-div-block_1dbdef108f53e62e5df9658a4bbccbb1\" class=\"ls-titre-div aligncenter h2-like\" >\n    <strong>Meer<\/strong> over onze camping<\/div>\n\n\n<div id=\"ls-maillage-block_55c49935b7264497f1bbd6fc5dd1537d\" class=\"ls-maillage cta-style-normal\" data-rows=\"3\">\r\n    <div class=\"wp-block-columns\"><div class=\"wp-block-column\"><div class=\"ls-cta\">\n\n<a href=\"https:\/\/www.chausseliere.com\/nl\/camping-bloem-verkoper\/\" target=\"\" rel=\"noopener\" class=\"ls-cta__link\">\n\n\t<div class=\"ls-cta__image\"><img decoding=\"async\" src=\"https:\/\/www.chausseliere.com\/wp-content\/uploads\/2023\/01\/logo-flower-camping-768x548.jpg\" alt=\"logo bloemencamping\"><\/div>\n\t<div class=\"ls-cta__title\">\n\t\tFlower campings\t<\/div>\n\n\t\n<\/a><\/div><\/div><div class=\"wp-block-column\"><div class=\"ls-cta\">\n\n<a href=\"https:\/\/www.chausseliere.com\/nl\/biedt\/\" target=\"\" rel=\"noopener\" class=\"ls-cta__link\">\n\n\t<div class=\"ls-cta__image\"><img decoding=\"async\" src=\"https:\/\/www.chausseliere.com\/wp-content\/uploads\/2023\/01\/pexels-fauxels-3183127_resultat-768x512.webp\" alt=\"speciale aanbiedingen boeken\"><\/div>\n\t<div class=\"ls-cta__title\">\n\t\tSpeciale aanbiedingen\t<\/div>\n\n\t\n<\/a><\/div><\/div><div class=\"wp-block-column\"><div class=\"ls-cta\">\n\n<a href=\"https:\/\/www.chausseliere.com\/nl\/puy-du-fou\/\" target=\"\" rel=\"noopener\" class=\"ls-cta__link\">\n\n\t<div class=\"ls-cta__image\"><img decoding=\"async\" src=\"https:\/\/www.chausseliere.com\/wp-content\/uploads\/2022\/12\/vue-aerienne-cote-nature-camping-du-lac-de-la-chausseliere-768x432.jpg\" alt=\"Luchtfoto van de natuur Camping du Lac de La Chausseli\u00e8re\"><\/div>\n\t<div class=\"ls-cta__title\">\n\t\tPuy du Fou: ontdek het beste van het park\t<\/div>\n\n\t\n<\/a><\/div><\/div><\/div><\/div>\n\r\n    <\/div>\r\n<\/section>","protected":false},"excerpt":{"rendered":"","protected":false},"author":1,"featured_media":28611,"parent":0,"menu_order":0,"comment_status":"closed","ping_status":"closed","template":"","meta":{"_acf_changed":false,"footnotes":""},"sujet":[],"class_list":["post-38932","page","type-page","status-publish","has-post-thumbnail","hentry"],"acf":[],"yoast_head":"<!-- This site is optimized with the Yoast SEO plugin v25.3 - https:\/\/yoast.com\/wordpress\/plugins\/seo\/ -->\n<title>Camping het hele jaar geopend in de Vend\u00e9e, in de winter en in de zomer!<\/title>\n<meta name=\"description\" content=\"Zoekt u een camping die open is in de winter of een camping die het hele jaar open is? Welkom op het meer van Chausseli\u00e8re!\" \/>\n<meta name=\"robots\" content=\"index, follow, max-snippet:-1, max-image-preview:large, max-video-preview:-1\" \/>\n<link rel=\"canonical\" href=\"https:\/\/www.chausseliere.com\/nl\/het-hele-jaar-door-kamperen\/\" \/>\n<meta property=\"og:locale\" content=\"nl_NL\" \/>\n<meta property=\"og:type\" content=\"article\" \/>\n<meta property=\"og:title\" content=\"Camping het hele jaar geopend in de Vend\u00e9e, in de winter en in de zomer!\" \/>\n<meta property=\"og:description\" content=\"Zoekt u een camping die open is in de winter of een camping die het hele jaar open is? Welkom op het meer van Chausseli\u00e8re!\" \/>\n<meta property=\"og:url\" content=\"https:\/\/www.chausseliere.com\/nl\/het-hele-jaar-door-kamperen\/\" \/>\n<meta property=\"og:site_name\" content=\"Camping du Lac de la Chausseli\u00e8re\" \/>\n<meta property=\"article:modified_time\" content=\"2025-11-04T16:08:34+00:00\" \/>\n<meta property=\"og:image\" content=\"https:\/\/www.chausseliere.com\/wp-content\/uploads\/2023\/01\/SevreNantaisedansleBocage2_1800_1200-1.webp\" \/>\n\t<meta property=\"og:image:width\" content=\"1800\" \/>\n\t<meta property=\"og:image:height\" content=\"1200\" \/>\n\t<meta property=\"og:image:type\" content=\"image\/webp\" \/>\n<meta name=\"twitter:card\" content=\"summary_large_image\" \/>\n<meta name=\"twitter:label1\" content=\"Geschatte leestijd\" \/>\n\t<meta name=\"twitter:data1\" content=\"4 minuten\" \/>\n<script type=\"application\/ld+json\" class=\"yoast-schema-graph\">{\"@context\":\"https:\/\/schema.org\",\"@graph\":[{\"@type\":\"WebPage\",\"@id\":\"https:\/\/www.chausseliere.com\/nl\/het-hele-jaar-door-kamperen\/\",\"url\":\"https:\/\/www.chausseliere.com\/nl\/het-hele-jaar-door-kamperen\/\",\"name\":\"Camping het hele jaar geopend in de Vend\u00e9e, in de winter en in de zomer!\",\"isPartOf\":{\"@id\":\"https:\/\/www.chausseliere.com\/nl\/#website\"},\"primaryImageOfPage\":{\"@id\":\"https:\/\/www.chausseliere.com\/nl\/het-hele-jaar-door-kamperen\/#primaryimage\"},\"image\":{\"@id\":\"https:\/\/www.chausseliere.com\/nl\/het-hele-jaar-door-kamperen\/#primaryimage\"},\"thumbnailUrl\":\"https:\/\/www.chausseliere.com\/wp-content\/uploads\/2023\/01\/SevreNantaisedansleBocage2_1800_1200-1.webp\",\"datePublished\":\"2023-04-04T09:07:57+00:00\",\"dateModified\":\"2025-11-04T16:08:34+00:00\",\"description\":\"Zoekt u een camping die open is in de winter of een camping die het hele jaar open is? Welkom op het meer van Chausseli\u00e8re!\",\"breadcrumb\":{\"@id\":\"https:\/\/www.chausseliere.com\/nl\/het-hele-jaar-door-kamperen\/#breadcrumb\"},\"inLanguage\":\"nl-NL\",\"potentialAction\":[{\"@type\":\"ReadAction\",\"target\":[\"https:\/\/www.chausseliere.com\/nl\/het-hele-jaar-door-kamperen\/\"]}]},{\"@type\":\"ImageObject\",\"inLanguage\":\"nl-NL\",\"@id\":\"https:\/\/www.chausseliere.com\/nl\/het-hele-jaar-door-kamperen\/#primaryimage\",\"url\":\"https:\/\/www.chausseliere.com\/wp-content\/uploads\/2023\/01\/SevreNantaisedansleBocage2_1800_1200-1.webp\",\"contentUrl\":\"https:\/\/www.chausseliere.com\/wp-content\/uploads\/2023\/01\/SevreNantaisedansleBocage2_1800_1200-1.webp\",\"width\":1800,\"height\":1200,\"caption\":\"SevreNantaisedinBocage\"},{\"@type\":\"BreadcrumbList\",\"@id\":\"https:\/\/www.chausseliere.com\/nl\/het-hele-jaar-door-kamperen\/#breadcrumb\",\"itemListElement\":[{\"@type\":\"ListItem\",\"position\":1,\"name\":\"Camping Puy du Fou\",\"item\":\"https:\/\/www.chausseliere.com\/nl\/\"},{\"@type\":\"ListItem\",\"position\":2,\"name\":\"Kamperen bij het meer\"}]},{\"@type\":\"WebSite\",\"@id\":\"https:\/\/www.chausseliere.com\/nl\/#website\",\"url\":\"https:\/\/www.chausseliere.com\/nl\/\",\"name\":\"Camping du Lac de la Chausseli\u00e8re\",\"description\":\"\",\"publisher\":{\"@id\":\"https:\/\/www.chausseliere.com\/nl\/#organization\"},\"potentialAction\":[{\"@type\":\"SearchAction\",\"target\":{\"@type\":\"EntryPoint\",\"urlTemplate\":\"https:\/\/www.chausseliere.com\/nl\/?s={search_term_string}\"},\"query-input\":{\"@type\":\"PropertyValueSpecification\",\"valueRequired\":true,\"valueName\":\"search_term_string\"}}],\"inLanguage\":\"nl-NL\"},{\"@type\":\"Organization\",\"@id\":\"https:\/\/www.chausseliere.com\/nl\/#organization\",\"name\":\"Camping du Lac de la Chausseli\u00e8re\",\"url\":\"https:\/\/www.chausseliere.com\/nl\/\",\"logo\":{\"@type\":\"ImageObject\",\"inLanguage\":\"nl-NL\",\"@id\":\"https:\/\/www.chausseliere.com\/nl\/#\/schema\/logo\/image\/\",\"url\":\"https:\/\/www.chausseliere.com\/wp-content\/uploads\/2023\/04\/Logo_Chausseliere_4Etoiles_blanc_HD_resultat.webp\",\"contentUrl\":\"https:\/\/www.chausseliere.com\/wp-content\/uploads\/2023\/04\/Logo_Chausseliere_4Etoiles_blanc_HD_resultat.webp\",\"width\":640,\"height\":406,\"caption\":\"Camping du Lac de la Chausseli\u00e8re\"},\"image\":{\"@id\":\"https:\/\/www.chausseliere.com\/nl\/#\/schema\/logo\/image\/\"}}]}<\/script>\n<!-- \/ Yoast SEO plugin. -->","yoast_head_json":{"title":"Camping het hele jaar geopend in de Vend\u00e9e, in de winter en in de zomer!","description":"Zoekt u een camping die open is in de winter of een camping die het hele jaar open is? Welkom op het meer van Chausseli\u00e8re!","robots":{"index":"index","follow":"follow","max-snippet":"max-snippet:-1","max-image-preview":"max-image-preview:large","max-video-preview":"max-video-preview:-1"},"canonical":"https:\/\/www.chausseliere.com\/nl\/het-hele-jaar-door-kamperen\/","og_locale":"nl_NL","og_type":"article","og_title":"Camping het hele jaar geopend in de Vend\u00e9e, in de winter en in de zomer!","og_description":"Zoekt u een camping die open is in de winter of een camping die het hele jaar open is? Welkom op het meer van Chausseli\u00e8re!","og_url":"https:\/\/www.chausseliere.com\/nl\/het-hele-jaar-door-kamperen\/","og_site_name":"Camping du Lac de la Chausseli\u00e8re","article_modified_time":"2025-11-04T16:08:34+00:00","og_image":[{"width":1800,"height":1200,"url":"https:\/\/www.chausseliere.com\/wp-content\/uploads\/2023\/01\/SevreNantaisedansleBocage2_1800_1200-1.webp","type":"image\/webp"}],"twitter_card":"summary_large_image","twitter_misc":{"Geschatte leestijd":"4 minuten"},"schema":{"@context":"https:\/\/schema.org","@graph":[{"@type":"WebPage","@id":"https:\/\/www.chausseliere.com\/nl\/het-hele-jaar-door-kamperen\/","url":"https:\/\/www.chausseliere.com\/nl\/het-hele-jaar-door-kamperen\/","name":"Camping het hele jaar geopend in de Vend\u00e9e, in de winter en in de zomer!","isPartOf":{"@id":"https:\/\/www.chausseliere.com\/nl\/#website"},"primaryImageOfPage":{"@id":"https:\/\/www.chausseliere.com\/nl\/het-hele-jaar-door-kamperen\/#primaryimage"},"image":{"@id":"https:\/\/www.chausseliere.com\/nl\/het-hele-jaar-door-kamperen\/#primaryimage"},"thumbnailUrl":"https:\/\/www.chausseliere.com\/wp-content\/uploads\/2023\/01\/SevreNantaisedansleBocage2_1800_1200-1.webp","datePublished":"2023-04-04T09:07:57+00:00","dateModified":"2025-11-04T16:08:34+00:00","description":"Zoekt u een camping die open is in de winter of een camping die het hele jaar open is? Welkom op het meer van Chausseli\u00e8re!","breadcrumb":{"@id":"https:\/\/www.chausseliere.com\/nl\/het-hele-jaar-door-kamperen\/#breadcrumb"},"inLanguage":"nl-NL","potentialAction":[{"@type":"ReadAction","target":["https:\/\/www.chausseliere.com\/nl\/het-hele-jaar-door-kamperen\/"]}]},{"@type":"ImageObject","inLanguage":"nl-NL","@id":"https:\/\/www.chausseliere.com\/nl\/het-hele-jaar-door-kamperen\/#primaryimage","url":"https:\/\/www.chausseliere.com\/wp-content\/uploads\/2023\/01\/SevreNantaisedansleBocage2_1800_1200-1.webp","contentUrl":"https:\/\/www.chausseliere.com\/wp-content\/uploads\/2023\/01\/SevreNantaisedansleBocage2_1800_1200-1.webp","width":1800,"height":1200,"caption":"SevreNantaisedinBocage"},{"@type":"BreadcrumbList","@id":"https:\/\/www.chausseliere.com\/nl\/het-hele-jaar-door-kamperen\/#breadcrumb","itemListElement":[{"@type":"ListItem","position":1,"name":"Camping Puy du Fou","item":"https:\/\/www.chausseliere.com\/nl\/"},{"@type":"ListItem","position":2,"name":"Kamperen bij het meer"}]},{"@type":"WebSite","@id":"https:\/\/www.chausseliere.com\/nl\/#website","url":"https:\/\/www.chausseliere.com\/nl\/","name":"Camping du Lac de la Chausseli\u00e8re","description":"","publisher":{"@id":"https:\/\/www.chausseliere.com\/nl\/#organization"},"potentialAction":[{"@type":"SearchAction","target":{"@type":"EntryPoint","urlTemplate":"https:\/\/www.chausseliere.com\/nl\/?s={search_term_string}"},"query-input":{"@type":"PropertyValueSpecification","valueRequired":true,"valueName":"search_term_string"}}],"inLanguage":"nl-NL"},{"@type":"Organization","@id":"https:\/\/www.chausseliere.com\/nl\/#organization","name":"Camping du Lac de la Chausseli\u00e8re","url":"https:\/\/www.chausseliere.com\/nl\/","logo":{"@type":"ImageObject","inLanguage":"nl-NL","@id":"https:\/\/www.chausseliere.com\/nl\/#\/schema\/logo\/image\/","url":"https:\/\/www.chausseliere.com\/wp-content\/uploads\/2023\/04\/Logo_Chausseliere_4Etoiles_blanc_HD_resultat.webp","contentUrl":"https:\/\/www.chausseliere.com\/wp-content\/uploads\/2023\/04\/Logo_Chausseliere_4Etoiles_blanc_HD_resultat.webp","width":640,"height":406,"caption":"Camping du Lac de la Chausseli\u00e8re"},"image":{"@id":"https:\/\/www.chausseliere.com\/nl\/#\/schema\/logo\/image\/"}}]}},"_links":{"self":[{"href":"https:\/\/www.chausseliere.com\/nl\/wp-json\/wp\/v2\/pages\/38932","targetHints":{"allow":["GET"]}}],"collection":[{"href":"https:\/\/www.chausseliere.com\/nl\/wp-json\/wp\/v2\/pages"}],"about":[{"href":"https:\/\/www.chausseliere.com\/nl\/wp-json\/wp\/v2\/types\/page"}],"author":[{"embeddable":true,"href":"https:\/\/www.chausseliere.com\/nl\/wp-json\/wp\/v2\/users\/1"}],"replies":[{"embeddable":true,"href":"https:\/\/www.chausseliere.com\/nl\/wp-json\/wp\/v2\/comments?post=38932"}],"version-history":[{"count":13,"href":"https:\/\/www.chausseliere.com\/nl\/wp-json\/wp\/v2\/pages\/38932\/revisions"}],"predecessor-version":[{"id":48440,"href":"https:\/\/www.chausseliere.com\/nl\/wp-json\/wp\/v2\/pages\/38932\/revisions\/48440"}],"wp:featuredmedia":[{"embeddable":true,"href":"https:\/\/www.chausseliere.com\/nl\/wp-json\/wp\/v2\/media\/28611"}],"wp:attachment":[{"href":"https:\/\/www.chausseliere.com\/nl\/wp-json\/wp\/v2\/media?parent=38932"}],"wp:term":[{"taxonomy":"sujet","embeddable":true,"href":"https:\/\/www.chausseliere.com\/nl\/wp-json\/wp\/v2\/sujet?post=38932"}],"curies":[{"name":"wp","href":"https:\/\/api.w.org\/{rel}","templated":true}]}}