{"id":38903,"date":"2023-04-03T16:13:12","date_gmt":"2023-04-03T14:13:12","guid":{"rendered":"https:\/\/www.chausseliere.com\/bericht\/"},"modified":"2025-10-28T17:18:56","modified_gmt":"2025-10-28T16:18:56","slug":"bericht","status":"publish","type":"page","link":"https:\/\/www.chausseliere.com\/nl\/bericht\/","title":{"rendered":"OPINIE"},"content":{"rendered":"<section id=\"ls-section-block_8e4e28fd5b92a0f170227bcb876a4a4d\" class=\"ls-section  avis-widget\" >\r\n        <div class=\"container container--full\">\r\n        \n\n<h1 class=\"ls__heading wp-block-heading has-text-align-center\">Beoordelingen van camping du Lac de la Chausseli\u00e8re<\/h1>\n\n\n\n<p class=\"ls-paragraph has-text-align-center\">Lees de beoordelingen van onze <a href=\"\/\">camping in de buurt van Puy du Fou<\/a><\/p>\n\n\n<section id=\"ls-section-block_5181acc5de172c2e3ddfb22b05a2e527\" class=\"ls-section \" >\r\n        <div class=\"container container--wide\">\r\n        \n\n<div class=\"wp-block-columns is-layout-flex wp-container-core-columns-is-layout-9d6595d7 wp-block-columns-is-layout-flex\">\n<div class=\"wp-block-column is-layout-flow wp-block-column-is-layout-flow\">\n<ctv-reviews-list><\/ctv-reviews-list>\n<\/div>\n<\/div>\n\n\n\n<iframe loading=\"lazy\" width=\"100%\" height=\"1800\" src=\"https:\/\/reviews.customer-alliance.com\/camping\/camping-du-lac-de-la-chausseliere-la-guyonniere-d82267767d57df03.html?_locale=fr\" style=\"padding-bottom: 50px; background-color: #f4f3f9;\"><\/iframe>\n\n\r\n    <\/div>\r\n<\/section>\n\r\n    <\/div>\r\n<\/section>","protected":false},"excerpt":{"rendered":"","protected":false},"author":1,"featured_media":0,"parent":0,"menu_order":0,"comment_status":"closed","ping_status":"closed","template":"","meta":{"_acf_changed":false,"footnotes":""},"sujet":[],"class_list":["post-38903","page","type-page","status-publish","hentry"],"acf":[],"yoast_head":"<!-- This site is optimized with the Yoast SEO plugin v25.3 - https:\/\/yoast.com\/wordpress\/plugins\/seo\/ -->\n<title>Lees de reviews van de camping Lac de la Chausseli\u00e8re in Vend\u00e9e<\/title>\n<meta name=\"description\" content=\"Lees de verschillende meningen van de klanten van Camping du Lac de la Chausseli\u00e8re om te weten wat de vakantiegangers die op Lac de la Chausseli\u00e8re kwamen uitrusten wel en niet leuk vonden.\" \/>\n<meta name=\"robots\" content=\"index, follow, max-snippet:-1, max-image-preview:large, max-video-preview:-1\" \/>\n<link rel=\"canonical\" href=\"https:\/\/www.chausseliere.com\/nl\/bericht\/\" \/>\n<meta property=\"og:locale\" content=\"nl_NL\" \/>\n<meta property=\"og:type\" content=\"article\" \/>\n<meta property=\"og:title\" content=\"Lees de reviews van de camping Lac de la Chausseli\u00e8re in Vend\u00e9e\" \/>\n<meta property=\"og:description\" content=\"Lees de verschillende meningen van de klanten van Camping du Lac de la Chausseli\u00e8re om te weten wat de vakantiegangers die op Lac de la Chausseli\u00e8re kwamen uitrusten wel en niet leuk vonden.\" \/>\n<meta property=\"og:url\" content=\"https:\/\/www.chausseliere.com\/nl\/bericht\/\" \/>\n<meta property=\"og:site_name\" content=\"Camping du Lac de la Chausseli\u00e8re\" \/>\n<meta property=\"article:modified_time\" content=\"2025-10-28T16:18:56+00:00\" \/>\n<meta name=\"twitter:card\" content=\"summary_large_image\" \/>\n<script type=\"application\/ld+json\" class=\"yoast-schema-graph\">{\"@context\":\"https:\/\/schema.org\",\"@graph\":[{\"@type\":\"WebPage\",\"@id\":\"https:\/\/www.chausseliere.com\/nl\/bericht\/\",\"url\":\"https:\/\/www.chausseliere.com\/nl\/bericht\/\",\"name\":\"Lees de reviews van de camping Lac de la Chausseli\u00e8re in Vend\u00e9e\",\"isPartOf\":{\"@id\":\"https:\/\/www.chausseliere.com\/nl\/#website\"},\"datePublished\":\"2023-04-03T14:13:12+00:00\",\"dateModified\":\"2025-10-28T16:18:56+00:00\",\"description\":\"Lees de verschillende meningen van de klanten van Camping du Lac de la Chausseli\u00e8re om te weten wat de vakantiegangers die op Lac de la Chausseli\u00e8re kwamen uitrusten wel en niet leuk vonden.\",\"breadcrumb\":{\"@id\":\"https:\/\/www.chausseliere.com\/nl\/bericht\/#breadcrumb\"},\"inLanguage\":\"nl-NL\",\"potentialAction\":[{\"@type\":\"ReadAction\",\"target\":[\"https:\/\/www.chausseliere.com\/nl\/bericht\/\"]}]},{\"@type\":\"BreadcrumbList\",\"@id\":\"https:\/\/www.chausseliere.com\/nl\/bericht\/#breadcrumb\",\"itemListElement\":[{\"@type\":\"ListItem\",\"position\":1,\"name\":\"Camping Puy du Fou\",\"item\":\"https:\/\/www.chausseliere.com\/nl\/\"},{\"@type\":\"ListItem\",\"position\":2,\"name\":\"OPINIE\"}]},{\"@type\":\"WebSite\",\"@id\":\"https:\/\/www.chausseliere.com\/nl\/#website\",\"url\":\"https:\/\/www.chausseliere.com\/nl\/\",\"name\":\"Camping du Lac de la Chausseli\u00e8re\",\"description\":\"\",\"publisher\":{\"@id\":\"https:\/\/www.chausseliere.com\/nl\/#organization\"},\"potentialAction\":[{\"@type\":\"SearchAction\",\"target\":{\"@type\":\"EntryPoint\",\"urlTemplate\":\"https:\/\/www.chausseliere.com\/nl\/?s={search_term_string}\"},\"query-input\":{\"@type\":\"PropertyValueSpecification\",\"valueRequired\":true,\"valueName\":\"search_term_string\"}}],\"inLanguage\":\"nl-NL\"},{\"@type\":\"Organization\",\"@id\":\"https:\/\/www.chausseliere.com\/nl\/#organization\",\"name\":\"Camping du Lac de la Chausseli\u00e8re\",\"url\":\"https:\/\/www.chausseliere.com\/nl\/\",\"logo\":{\"@type\":\"ImageObject\",\"inLanguage\":\"nl-NL\",\"@id\":\"https:\/\/www.chausseliere.com\/nl\/#\/schema\/logo\/image\/\",\"url\":\"https:\/\/www.chausseliere.com\/wp-content\/uploads\/2023\/04\/Logo_Chausseliere_4Etoiles_blanc_HD_resultat.webp\",\"contentUrl\":\"https:\/\/www.chausseliere.com\/wp-content\/uploads\/2023\/04\/Logo_Chausseliere_4Etoiles_blanc_HD_resultat.webp\",\"width\":640,\"height\":406,\"caption\":\"Camping du Lac de la Chausseli\u00e8re\"},\"image\":{\"@id\":\"https:\/\/www.chausseliere.com\/nl\/#\/schema\/logo\/image\/\"}}]}<\/script>\n<!-- \/ Yoast SEO plugin. -->","yoast_head_json":{"title":"Lees de reviews van de camping Lac de la Chausseli\u00e8re in Vend\u00e9e","description":"Lees de verschillende meningen van de klanten van Camping du Lac de la Chausseli\u00e8re om te weten wat de vakantiegangers die op Lac de la Chausseli\u00e8re kwamen uitrusten wel en niet leuk vonden.","robots":{"index":"index","follow":"follow","max-snippet":"max-snippet:-1","max-image-preview":"max-image-preview:large","max-video-preview":"max-video-preview:-1"},"canonical":"https:\/\/www.chausseliere.com\/nl\/bericht\/","og_locale":"nl_NL","og_type":"article","og_title":"Lees de reviews van de camping Lac de la Chausseli\u00e8re in Vend\u00e9e","og_description":"Lees de verschillende meningen van de klanten van Camping du Lac de la Chausseli\u00e8re om te weten wat de vakantiegangers die op Lac de la Chausseli\u00e8re kwamen uitrusten wel en niet leuk vonden.","og_url":"https:\/\/www.chausseliere.com\/nl\/bericht\/","og_site_name":"Camping du Lac de la Chausseli\u00e8re","article_modified_time":"2025-10-28T16:18:56+00:00","twitter_card":"summary_large_image","schema":{"@context":"https:\/\/schema.org","@graph":[{"@type":"WebPage","@id":"https:\/\/www.chausseliere.com\/nl\/bericht\/","url":"https:\/\/www.chausseliere.com\/nl\/bericht\/","name":"Lees de reviews van de camping Lac de la Chausseli\u00e8re in Vend\u00e9e","isPartOf":{"@id":"https:\/\/www.chausseliere.com\/nl\/#website"},"datePublished":"2023-04-03T14:13:12+00:00","dateModified":"2025-10-28T16:18:56+00:00","description":"Lees de verschillende meningen van de klanten van Camping du Lac de la Chausseli\u00e8re om te weten wat de vakantiegangers die op Lac de la Chausseli\u00e8re kwamen uitrusten wel en niet leuk vonden.","breadcrumb":{"@id":"https:\/\/www.chausseliere.com\/nl\/bericht\/#breadcrumb"},"inLanguage":"nl-NL","potentialAction":[{"@type":"ReadAction","target":["https:\/\/www.chausseliere.com\/nl\/bericht\/"]}]},{"@type":"BreadcrumbList","@id":"https:\/\/www.chausseliere.com\/nl\/bericht\/#breadcrumb","itemListElement":[{"@type":"ListItem","position":1,"name":"Camping Puy du Fou","item":"https:\/\/www.chausseliere.com\/nl\/"},{"@type":"ListItem","position":2,"name":"OPINIE"}]},{"@type":"WebSite","@id":"https:\/\/www.chausseliere.com\/nl\/#website","url":"https:\/\/www.chausseliere.com\/nl\/","name":"Camping du Lac de la Chausseli\u00e8re","description":"","publisher":{"@id":"https:\/\/www.chausseliere.com\/nl\/#organization"},"potentialAction":[{"@type":"SearchAction","target":{"@type":"EntryPoint","urlTemplate":"https:\/\/www.chausseliere.com\/nl\/?s={search_term_string}"},"query-input":{"@type":"PropertyValueSpecification","valueRequired":true,"valueName":"search_term_string"}}],"inLanguage":"nl-NL"},{"@type":"Organization","@id":"https:\/\/www.chausseliere.com\/nl\/#organization","name":"Camping du Lac de la Chausseli\u00e8re","url":"https:\/\/www.chausseliere.com\/nl\/","logo":{"@type":"ImageObject","inLanguage":"nl-NL","@id":"https:\/\/www.chausseliere.com\/nl\/#\/schema\/logo\/image\/","url":"https:\/\/www.chausseliere.com\/wp-content\/uploads\/2023\/04\/Logo_Chausseliere_4Etoiles_blanc_HD_resultat.webp","contentUrl":"https:\/\/www.chausseliere.com\/wp-content\/uploads\/2023\/04\/Logo_Chausseliere_4Etoiles_blanc_HD_resultat.webp","width":640,"height":406,"caption":"Camping du Lac de la Chausseli\u00e8re"},"image":{"@id":"https:\/\/www.chausseliere.com\/nl\/#\/schema\/logo\/image\/"}}]}},"_links":{"self":[{"href":"https:\/\/www.chausseliere.com\/nl\/wp-json\/wp\/v2\/pages\/38903","targetHints":{"allow":["GET"]}}],"collection":[{"href":"https:\/\/www.chausseliere.com\/nl\/wp-json\/wp\/v2\/pages"}],"about":[{"href":"https:\/\/www.chausseliere.com\/nl\/wp-json\/wp\/v2\/types\/page"}],"author":[{"embeddable":true,"href":"https:\/\/www.chausseliere.com\/nl\/wp-json\/wp\/v2\/users\/1"}],"replies":[{"embeddable":true,"href":"https:\/\/www.chausseliere.com\/nl\/wp-json\/wp\/v2\/comments?post=38903"}],"version-history":[{"count":3,"href":"https:\/\/www.chausseliere.com\/nl\/wp-json\/wp\/v2\/pages\/38903\/revisions"}],"predecessor-version":[{"id":48200,"href":"https:\/\/www.chausseliere.com\/nl\/wp-json\/wp\/v2\/pages\/38903\/revisions\/48200"}],"wp:attachment":[{"href":"https:\/\/www.chausseliere.com\/nl\/wp-json\/wp\/v2\/media?parent=38903"}],"wp:term":[{"taxonomy":"sujet","embeddable":true,"href":"https:\/\/www.chausseliere.com\/nl\/wp-json\/wp\/v2\/sujet?post=38903"}],"curies":[{"name":"wp","href":"https:\/\/api.w.org\/{rel}","templated":true}]}}