{"id":38891,"date":"2023-04-03T13:52:44","date_gmt":"2023-04-03T11:52:44","guid":{"rendered":"https:\/\/www.chausseliere.com\/les-activites-du-camping\/kamperen-geocaching\/"},"modified":"2024-10-30T16:41:24","modified_gmt":"2024-10-30T15:41:24","slug":"kamperen-geocaching","status":"publish","type":"page","link":"https:\/\/www.chausseliere.com\/nl\/de-activiteiten-van-de-camping\/kamperen-geocaching\/","title":{"rendered":"Geocaching en wandelen"},"content":{"rendered":"<section id=\"ls-section-block_df1677414e3d392a7cfea4e5eb4ea855\" class=\"ls-section  home-first page-one has-p-b p-b-10\" >\r\n        <div class=\"container container--wide\">\r\n        \n\n<h1 class=\"ls__heading wp-block-heading has-text-align-center\">Geocaching camping<\/h1>\n\n\n\n<div class=\"wp-block-columns m-t-10 is-layout-flex wp-container-core-columns-is-layout-9d6595d7 wp-block-columns-is-layout-flex\">\n<div class=\"wp-block-column is-vertically-aligned-center is-layout-flow wp-block-column-is-layout-flow\">\n<div id=\"ls-heading ls-titre-numblock_227d7afac7ca745e8c18ce66334ef9aa\" class=\"ls-titre-num\">\n    <div class=\"ls-titre-num__numero\">\n        1    <\/div>\n    <h2 class=\"ls-titre-num__content\">\n                    Geocaches                             <span>en wandelingen rond het meer<\/span>\n            <\/h2>\n<\/div>\n\n\n<p class=\"ls-paragraph\">In de buurt van de <a href=\"\/nl\/\">camping van La Guyonni\u00e8re<\/a>, het Lac de la Chausseli\u00e8re****, kunt u vanaf de camping <strong>gaan wandelen<\/strong> en ook <strong>geocaching<\/strong> beoefenen, een <strong>soort schattenjacht<\/strong>.<\/p>\n<\/div>\n\n\n\n<div class=\"wp-block-column is-layout-flow wp-block-column-is-layout-flow\">\n<figure class=\"wp-block-gallery has-nested-images columns-2 is-cropped wp-block-gallery-1 is-layout-flex wp-block-gallery-is-layout-flex\">\n<figure class=\"wp-block-image size-large\"><a href=\"https:\/\/www.chausseliere.com\/wp-content\/uploads\/2023\/01\/geocaching-randonnee.jpg\"><img loading=\"lazy\" decoding=\"async\" width=\"800\" height=\"450\" data-id=\"29827\" src=\"https:\/\/www.chausseliere.com\/wp-content\/uploads\/2023\/01\/geocaching-randonnee.jpg\" alt=\"geocaching randonnee\" class=\"wp-image-29827\" srcset=\"https:\/\/www.chausseliere.com\/wp-content\/uploads\/2023\/01\/geocaching-randonnee.jpg 800w, https:\/\/www.chausseliere.com\/wp-content\/uploads\/2023\/01\/geocaching-randonnee-300x169.jpg 300w, https:\/\/www.chausseliere.com\/wp-content\/uploads\/2023\/01\/geocaching-randonnee-768x432.jpg 768w\" sizes=\"auto, (max-width: 800px) 100vw, 800px\" \/><\/a><\/figure>\n\n\n\n<figure class=\"wp-block-image size-large\"><a href=\"https:\/\/www.chausseliere.com\/wp-content\/uploads\/2023\/01\/camping-vendee-chemin-lac-chausseliere-1-1.jpg\"><img loading=\"lazy\" decoding=\"async\" width=\"1024\" height=\"683\" data-id=\"29760\" src=\"https:\/\/www.chausseliere.com\/wp-content\/uploads\/2023\/01\/camping-vendee-chemin-lac-chausseliere-1-1.jpg\" alt=\"camping vendee meerweg chausseliere\" class=\"wp-image-29760\" srcset=\"https:\/\/www.chausseliere.com\/wp-content\/uploads\/2023\/01\/camping-vendee-chemin-lac-chausseliere-1-1.jpg 1024w, https:\/\/www.chausseliere.com\/wp-content\/uploads\/2023\/01\/camping-vendee-chemin-lac-chausseliere-1-1-300x200.jpg 300w, https:\/\/www.chausseliere.com\/wp-content\/uploads\/2023\/01\/camping-vendee-chemin-lac-chausseliere-1-1-768x512.jpg 768w\" sizes=\"auto, (max-width: 1024px) 100vw, 1024px\" \/><\/a><\/figure>\n\n\n\n<figure class=\"wp-block-image size-full\"><a href=\"https:\/\/www.chausseliere.com\/wp-content\/uploads\/2023\/01\/geocaching-vendee.jpg\"><img loading=\"lazy\" decoding=\"async\" width=\"800\" height=\"450\" data-id=\"29817\" src=\"https:\/\/www.chausseliere.com\/wp-content\/uploads\/2023\/01\/geocaching-vendee.jpg\" alt=\"geocaching vendee\" class=\"wp-image-29817\" srcset=\"https:\/\/www.chausseliere.com\/wp-content\/uploads\/2023\/01\/geocaching-vendee.jpg 800w, https:\/\/www.chausseliere.com\/wp-content\/uploads\/2023\/01\/geocaching-vendee-300x169.jpg 300w, https:\/\/www.chausseliere.com\/wp-content\/uploads\/2023\/01\/geocaching-vendee-768x432.jpg 768w\" sizes=\"auto, (max-width: 800px) 100vw, 800px\" \/><\/a><\/figure>\n<\/figure>\n<\/div>\n<\/div>\n\n\r\n    <\/div>\r\n<\/section>\n\n<section id=\"ls-section-block_e3a3387c3ab519cdc480d9dc179de7ad\" class=\"ls-section  home-seventh page-four no-illustration m-t-0 has-background has-color-4-background-color has-p-t p-t-10 has-p-b p-b-10\" >\r\n        <div class=\"container container--wide\">\r\n        \n\n<div class=\"wp-block-columns are-vertically-aligned-center is-layout-flex wp-container-core-columns-is-layout-9d6595d7 wp-block-columns-is-layout-flex\">\n<div class=\"wp-block-column is-vertically-aligned-center is-layout-flow wp-block-column-is-layout-flow\" style=\"flex-basis:100%\">\n<div id=\"ls-heading ls-titre-numblock_6a0643327e1528e51870903c35d8814c\" class=\"ls-titre-num\">\n    <div class=\"ls-titre-num__numero\">\n        2    <\/div>\n    <h2 class=\"ls-titre-num__content\">\n                    Geo                            <span>caching<\/span>\n            <\/h2>\n<\/div>\n\n\n<p class=\"ls-paragraph\">Kom met vrienden of familie wandelen rond het meer van Chausseli\u00e8re. Deze grote open ruimtes bieden u de mogelijkheid om <strong>Geocaching<\/strong> te beoefenen. Neem een <strong>smartphone<\/strong> met <strong>internetverbinding<\/strong> (3G of 4G) mee en speur de omgeving van het meer af naar <strong>caches<\/strong>!<\/p>\n\n\n\n<p class=\"ls-paragraph\">Dit circuit bestaat uit <strong>7<\/strong> <strong>deksels<\/strong>. Neem deel aan deze geweldige schattenjacht! Als je plezier wilt hebben in de buitenlucht, dan is geocaching iets voor jou!<\/p>\n\n\n\n<p class=\"ls-paragraph\">Er valt niets te winnen. Het gaat om het ontdekken van plaatsen, gezelligheid met familie of vrienden en voor de sportievelingen kan de route hardlopend worden afgelegd met een <strong>sportieve uitdaging aan het eind.<\/strong> Er zijn veel geocaching routes in de omgeving.<br><em>Voor meer informatie kunt u terecht op de website van <a href=\"https:\/\/www.geocaching.com\/play\">geocaching<\/a><\/em><\/p>\n<\/div>\n<\/div>\n\n\r\n    <\/div>\r\n<\/section>\n\n<section id=\"ls-section-block_31d70f87a263ec1852aa787e07a0a943\" class=\"ls-section  home-seventh page-two no-illustration m-t-0 p-b-6\" >\r\n        <div class=\"container container--wide\">\r\n        \n\n<div class=\"wp-block-columns are-vertically-aligned-center is-layout-flex wp-container-core-columns-is-layout-9d6595d7 wp-block-columns-is-layout-flex\">\n<div class=\"wp-block-column is-vertically-aligned-center is-layout-flow wp-block-column-is-layout-flow\" style=\"flex-basis:50%\">\n<figure class=\"wp-block-image size-full animated fadeInLeft slow\"><a href=\"https:\/\/www.chausseliere.com\/wp-content\/uploads\/2023\/01\/alamoureux@OTGolfe17_D4_3888.jpg\"><img loading=\"lazy\" decoding=\"async\" width=\"800\" height=\"533\" src=\"https:\/\/www.chausseliere.com\/wp-content\/uploads\/2023\/01\/alamoureux@OTGolfe17_D4_3888.jpg\" alt=\"wandelen in de Vend\u00e9e\" class=\"wp-image-29841\" srcset=\"https:\/\/www.chausseliere.com\/wp-content\/uploads\/2023\/01\/alamoureux@OTGolfe17_D4_3888.jpg 800w, https:\/\/www.chausseliere.com\/wp-content\/uploads\/2023\/01\/alamoureux@OTGolfe17_D4_3888-300x200.jpg 300w, https:\/\/www.chausseliere.com\/wp-content\/uploads\/2023\/01\/alamoureux@OTGolfe17_D4_3888-768x512.jpg 768w\" sizes=\"auto, (max-width: 800px) 100vw, 800px\" \/><\/a><\/figure>\n<\/div>\n\n\n\n<div class=\"wp-block-column is-vertically-aligned-center is-layout-flow wp-block-column-is-layout-flow\" style=\"flex-basis:50%\">\n<div id=\"ls-heading ls-titre-numblock_07d74c96fa53c7b3bc9d40d0477d0854\" class=\"ls-titre-num\">\n    <div class=\"ls-titre-num__numero\">\n        3    <\/div>\n    <h2 class=\"ls-titre-num__content\">\n                    Wandelen                    <\/h2>\n<\/div>\n\n\n<p class=\"ls-paragraph\">Voor natuurliefhebbers biedt het meer van Chausseli\u00e8re de mogelijkheid om te ontsnappen. Het <strong>recreatiecentrum<\/strong> aan het Lac de la Chausseli\u00e8re is een ideaal vertrekpunt voor een wandeling met familie of vrienden. Op het parcours ontdekt u de fauna en flora die representatief zijn voor de Vend\u00e9e.<\/p>\n\n\n\n<p class=\"ls-paragraph\"><strong>De paden:<\/strong><\/p>\n\n\n\n<p class=\"ls-paragraph\">Andere routes zijn ook mogelijk en kunnen allemaal per <a href=\"https:\/\/www.vendee-tourisme.com\/mes-sorties\" target=\"_blank\" rel=\"noreferrer noopener\">fiets worden afgelegd.<\/a><\/p>\n\n\n\n<p class=\"ls-paragraph\">Informatiebladen over de verschillende routes zijn verkrijgbaar bij de receptie van de camping (1,5\u20ac per blad \/ 3\u20ac voor 3).<br>Voor meer informatie kunt u ook terecht bij het <a href=\"https:\/\/www.terresdemontaigu.fr\/\" target=\"_blank\" rel=\"noreferrer noopener\">toeristenbureau van Montaigu.<\/a><\/p>\n<\/div>\n<\/div>\n\n\r\n    <\/div>\r\n<\/section>\n\n<section id=\"ls-section-block_db2b412182d4ff51ab495b0f4bb18571\" class=\"ls-section  page-fourth has-m-t m-t-0\" >\r\n        <div class=\"container container--wide\">\r\n        \n\n<div id=\"ls-heading ls-titre-div-block_fff0d7deef5b2e445c3b8eb6e043579c\" class=\"ls-titre-div aligncenter h2-like\" >\n    <strong>Meer informatie<\/strong> over onze activiteiten<\/div>\n\n\n<div id=\"ls-maillage-block_61637ae31932be62a557fdf8a484326c\" class=\"ls-maillage cta-style-normal\" data-rows=\"3\">\r\n    <div class=\"wp-block-columns\"><div class=\"wp-block-column\"><div class=\"ls-cta\">\n\n<a href=\"https:\/\/www.chausseliere.com\/nl\/de-activiteiten-van-de-camping\/kamperen-met-activiteiten\/\" target=\"\" rel=\"noopener\" class=\"ls-cta__link\">\n\n\t<div class=\"ls-cta__image\"><img decoding=\"async\" src=\"https:\/\/www.chausseliere.com\/wp-content\/uploads\/2022\/12\/Espace-ados-et-terrain-multisports_resultat-768x512.webp\" alt=\"Tienerzone en multisportterrein resultaat\"><\/div>\n\t<div class=\"ls-cta__title\">\n\t\tMultisportterrein\t<\/div>\n\n\t\n<\/a><\/div><\/div><div class=\"wp-block-column\"><div class=\"ls-cta\">\n\n<a href=\"https:\/\/www.chausseliere.com\/nl\/de-activiteiten-van-de-camping\/camping-met-zwembad-open\/\" target=\"\" rel=\"noopener\" class=\"ls-cta__link\">\n\n\t<div class=\"ls-cta__image\"><img decoding=\"async\" src=\"https:\/\/www.chausseliere.com\/wp-content\/uploads\/2023\/04\/Parc-aquatique-du-camping-du-Lac-de-la-Chausseliere-768x513.jpg\" alt=\"Piscine du camping\"><\/div>\n\t<div class=\"ls-cta__title\">\n\t\tOns overdekt zwembad\t<\/div>\n\n\t\n<\/a><\/div><\/div><\/div><\/div>\n\r\n    <\/div>\r\n<\/section>","protected":false},"excerpt":{"rendered":"","protected":false},"author":1,"featured_media":29803,"parent":38819,"menu_order":0,"comment_status":"closed","ping_status":"closed","template":"","meta":{"_acf_changed":false,"footnotes":""},"sujet":[],"class_list":["post-38891","page","type-page","status-publish","has-post-thumbnail","hentry"],"acf":[],"yoast_head":"<!-- This site is optimized with the Yoast SEO plugin v25.3 - https:\/\/yoast.com\/wordpress\/plugins\/seo\/ -->\n<title>Geocaching en wandelcamping | Het meer van Chausseli\u00e8re in de Vend\u00e9e<\/title>\n<meta name=\"description\" content=\"In de buurt van de camping van het Lac de la Chausseli\u00e8re in de Vend\u00e9e kunt u rond het meer wandelen, maar ook geocaching beoefenen, een vrijetijdsbesteding van het type schatzoeken.\" \/>\n<meta name=\"robots\" content=\"index, follow, max-snippet:-1, max-image-preview:large, max-video-preview:-1\" \/>\n<link rel=\"canonical\" href=\"https:\/\/www.chausseliere.com\/nl\/de-activiteiten-van-de-camping\/kamperen-geocaching\/\" \/>\n<meta property=\"og:locale\" content=\"nl_NL\" \/>\n<meta property=\"og:type\" content=\"article\" \/>\n<meta property=\"og:title\" content=\"Geocaching en wandelcamping | Het meer van Chausseli\u00e8re in de Vend\u00e9e\" \/>\n<meta property=\"og:description\" content=\"In de buurt van de camping van het Lac de la Chausseli\u00e8re in de Vend\u00e9e kunt u rond het meer wandelen, maar ook geocaching beoefenen, een vrijetijdsbesteding van het type schatzoeken.\" \/>\n<meta property=\"og:url\" content=\"https:\/\/www.chausseliere.com\/nl\/de-activiteiten-van-de-camping\/kamperen-geocaching\/\" \/>\n<meta property=\"og:site_name\" content=\"Camping du Lac de la Chausseli\u00e8re\" \/>\n<meta property=\"article:modified_time\" content=\"2024-10-30T15:41:24+00:00\" \/>\n<meta property=\"og:image\" content=\"https:\/\/www.chausseliere.com\/wp-content\/uploads\/2023\/01\/LesBrouzils2_1800_1200-1.webp\" \/>\n\t<meta property=\"og:image:width\" content=\"1800\" \/>\n\t<meta property=\"og:image:height\" content=\"1200\" \/>\n\t<meta property=\"og:image:type\" content=\"image\/webp\" \/>\n<meta name=\"twitter:card\" content=\"summary_large_image\" \/>\n<meta name=\"twitter:label1\" content=\"Geschatte leestijd\" \/>\n\t<meta name=\"twitter:data1\" content=\"3 minuten\" \/>\n<script type=\"application\/ld+json\" class=\"yoast-schema-graph\">{\"@context\":\"https:\/\/schema.org\",\"@graph\":[{\"@type\":\"WebPage\",\"@id\":\"https:\/\/www.chausseliere.com\/nl\/de-activiteiten-van-de-camping\/kamperen-geocaching\/\",\"url\":\"https:\/\/www.chausseliere.com\/nl\/de-activiteiten-van-de-camping\/kamperen-geocaching\/\",\"name\":\"Geocaching en wandelcamping | Het meer van Chausseli\u00e8re in de Vend\u00e9e\",\"isPartOf\":{\"@id\":\"https:\/\/www.chausseliere.com\/nl\/#website\"},\"primaryImageOfPage\":{\"@id\":\"https:\/\/www.chausseliere.com\/nl\/de-activiteiten-van-de-camping\/kamperen-geocaching\/#primaryimage\"},\"image\":{\"@id\":\"https:\/\/www.chausseliere.com\/nl\/de-activiteiten-van-de-camping\/kamperen-geocaching\/#primaryimage\"},\"thumbnailUrl\":\"https:\/\/www.chausseliere.com\/wp-content\/uploads\/2023\/01\/LesBrouzils2_1800_1200-1.webp\",\"datePublished\":\"2023-04-03T11:52:44+00:00\",\"dateModified\":\"2024-10-30T15:41:24+00:00\",\"description\":\"In de buurt van de camping van het Lac de la Chausseli\u00e8re in de Vend\u00e9e kunt u rond het meer wandelen, maar ook geocaching beoefenen, een vrijetijdsbesteding van het type schatzoeken.\",\"breadcrumb\":{\"@id\":\"https:\/\/www.chausseliere.com\/nl\/de-activiteiten-van-de-camping\/kamperen-geocaching\/#breadcrumb\"},\"inLanguage\":\"nl-NL\",\"potentialAction\":[{\"@type\":\"ReadAction\",\"target\":[\"https:\/\/www.chausseliere.com\/nl\/de-activiteiten-van-de-camping\/kamperen-geocaching\/\"]}]},{\"@type\":\"ImageObject\",\"inLanguage\":\"nl-NL\",\"@id\":\"https:\/\/www.chausseliere.com\/nl\/de-activiteiten-van-de-camping\/kamperen-geocaching\/#primaryimage\",\"url\":\"https:\/\/www.chausseliere.com\/wp-content\/uploads\/2023\/01\/LesBrouzils2_1800_1200-1.webp\",\"contentUrl\":\"https:\/\/www.chausseliere.com\/wp-content\/uploads\/2023\/01\/LesBrouzils2_1800_1200-1.webp\",\"width\":1800,\"height\":1200,\"caption\":\"randonnee geocaching\"},{\"@type\":\"BreadcrumbList\",\"@id\":\"https:\/\/www.chausseliere.com\/nl\/de-activiteiten-van-de-camping\/kamperen-geocaching\/#breadcrumb\",\"itemListElement\":[{\"@type\":\"ListItem\",\"position\":1,\"name\":\"Camping Puy du Fou\",\"item\":\"https:\/\/www.chausseliere.com\/nl\/\"},{\"@type\":\"ListItem\",\"position\":2,\"name\":\"De activiteiten van de camping\",\"item\":\"https:\/\/www.chausseliere.com\/nl\/de-activiteiten-van-de-camping\/\"},{\"@type\":\"ListItem\",\"position\":3,\"name\":\"Camping activiteiten | Camping geocaching\"}]},{\"@type\":\"WebSite\",\"@id\":\"https:\/\/www.chausseliere.com\/nl\/#website\",\"url\":\"https:\/\/www.chausseliere.com\/nl\/\",\"name\":\"Camping du Lac de la Chausseli\u00e8re\",\"description\":\"\",\"publisher\":{\"@id\":\"https:\/\/www.chausseliere.com\/nl\/#organization\"},\"potentialAction\":[{\"@type\":\"SearchAction\",\"target\":{\"@type\":\"EntryPoint\",\"urlTemplate\":\"https:\/\/www.chausseliere.com\/nl\/?s={search_term_string}\"},\"query-input\":{\"@type\":\"PropertyValueSpecification\",\"valueRequired\":true,\"valueName\":\"search_term_string\"}}],\"inLanguage\":\"nl-NL\"},{\"@type\":\"Organization\",\"@id\":\"https:\/\/www.chausseliere.com\/nl\/#organization\",\"name\":\"Camping du Lac de la Chausseli\u00e8re\",\"url\":\"https:\/\/www.chausseliere.com\/nl\/\",\"logo\":{\"@type\":\"ImageObject\",\"inLanguage\":\"nl-NL\",\"@id\":\"https:\/\/www.chausseliere.com\/nl\/#\/schema\/logo\/image\/\",\"url\":\"https:\/\/www.chausseliere.com\/wp-content\/uploads\/2023\/04\/Logo_Chausseliere_4Etoiles_blanc_HD_resultat.webp\",\"contentUrl\":\"https:\/\/www.chausseliere.com\/wp-content\/uploads\/2023\/04\/Logo_Chausseliere_4Etoiles_blanc_HD_resultat.webp\",\"width\":640,\"height\":406,\"caption\":\"Camping du Lac de la Chausseli\u00e8re\"},\"image\":{\"@id\":\"https:\/\/www.chausseliere.com\/nl\/#\/schema\/logo\/image\/\"}}]}<\/script>\n<!-- \/ Yoast SEO plugin. -->","yoast_head_json":{"title":"Geocaching en wandelcamping | Het meer van Chausseli\u00e8re in de Vend\u00e9e","description":"In de buurt van de camping van het Lac de la Chausseli\u00e8re in de Vend\u00e9e kunt u rond het meer wandelen, maar ook geocaching beoefenen, een vrijetijdsbesteding van het type schatzoeken.","robots":{"index":"index","follow":"follow","max-snippet":"max-snippet:-1","max-image-preview":"max-image-preview:large","max-video-preview":"max-video-preview:-1"},"canonical":"https:\/\/www.chausseliere.com\/nl\/de-activiteiten-van-de-camping\/kamperen-geocaching\/","og_locale":"nl_NL","og_type":"article","og_title":"Geocaching en wandelcamping | Het meer van Chausseli\u00e8re in de Vend\u00e9e","og_description":"In de buurt van de camping van het Lac de la Chausseli\u00e8re in de Vend\u00e9e kunt u rond het meer wandelen, maar ook geocaching beoefenen, een vrijetijdsbesteding van het type schatzoeken.","og_url":"https:\/\/www.chausseliere.com\/nl\/de-activiteiten-van-de-camping\/kamperen-geocaching\/","og_site_name":"Camping du Lac de la Chausseli\u00e8re","article_modified_time":"2024-10-30T15:41:24+00:00","og_image":[{"width":1800,"height":1200,"url":"https:\/\/www.chausseliere.com\/wp-content\/uploads\/2023\/01\/LesBrouzils2_1800_1200-1.webp","type":"image\/webp"}],"twitter_card":"summary_large_image","twitter_misc":{"Geschatte leestijd":"3 minuten"},"schema":{"@context":"https:\/\/schema.org","@graph":[{"@type":"WebPage","@id":"https:\/\/www.chausseliere.com\/nl\/de-activiteiten-van-de-camping\/kamperen-geocaching\/","url":"https:\/\/www.chausseliere.com\/nl\/de-activiteiten-van-de-camping\/kamperen-geocaching\/","name":"Geocaching en wandelcamping | Het meer van Chausseli\u00e8re in de Vend\u00e9e","isPartOf":{"@id":"https:\/\/www.chausseliere.com\/nl\/#website"},"primaryImageOfPage":{"@id":"https:\/\/www.chausseliere.com\/nl\/de-activiteiten-van-de-camping\/kamperen-geocaching\/#primaryimage"},"image":{"@id":"https:\/\/www.chausseliere.com\/nl\/de-activiteiten-van-de-camping\/kamperen-geocaching\/#primaryimage"},"thumbnailUrl":"https:\/\/www.chausseliere.com\/wp-content\/uploads\/2023\/01\/LesBrouzils2_1800_1200-1.webp","datePublished":"2023-04-03T11:52:44+00:00","dateModified":"2024-10-30T15:41:24+00:00","description":"In de buurt van de camping van het Lac de la Chausseli\u00e8re in de Vend\u00e9e kunt u rond het meer wandelen, maar ook geocaching beoefenen, een vrijetijdsbesteding van het type schatzoeken.","breadcrumb":{"@id":"https:\/\/www.chausseliere.com\/nl\/de-activiteiten-van-de-camping\/kamperen-geocaching\/#breadcrumb"},"inLanguage":"nl-NL","potentialAction":[{"@type":"ReadAction","target":["https:\/\/www.chausseliere.com\/nl\/de-activiteiten-van-de-camping\/kamperen-geocaching\/"]}]},{"@type":"ImageObject","inLanguage":"nl-NL","@id":"https:\/\/www.chausseliere.com\/nl\/de-activiteiten-van-de-camping\/kamperen-geocaching\/#primaryimage","url":"https:\/\/www.chausseliere.com\/wp-content\/uploads\/2023\/01\/LesBrouzils2_1800_1200-1.webp","contentUrl":"https:\/\/www.chausseliere.com\/wp-content\/uploads\/2023\/01\/LesBrouzils2_1800_1200-1.webp","width":1800,"height":1200,"caption":"randonnee geocaching"},{"@type":"BreadcrumbList","@id":"https:\/\/www.chausseliere.com\/nl\/de-activiteiten-van-de-camping\/kamperen-geocaching\/#breadcrumb","itemListElement":[{"@type":"ListItem","position":1,"name":"Camping Puy du Fou","item":"https:\/\/www.chausseliere.com\/nl\/"},{"@type":"ListItem","position":2,"name":"De activiteiten van de camping","item":"https:\/\/www.chausseliere.com\/nl\/de-activiteiten-van-de-camping\/"},{"@type":"ListItem","position":3,"name":"Camping activiteiten | Camping geocaching"}]},{"@type":"WebSite","@id":"https:\/\/www.chausseliere.com\/nl\/#website","url":"https:\/\/www.chausseliere.com\/nl\/","name":"Camping du Lac de la Chausseli\u00e8re","description":"","publisher":{"@id":"https:\/\/www.chausseliere.com\/nl\/#organization"},"potentialAction":[{"@type":"SearchAction","target":{"@type":"EntryPoint","urlTemplate":"https:\/\/www.chausseliere.com\/nl\/?s={search_term_string}"},"query-input":{"@type":"PropertyValueSpecification","valueRequired":true,"valueName":"search_term_string"}}],"inLanguage":"nl-NL"},{"@type":"Organization","@id":"https:\/\/www.chausseliere.com\/nl\/#organization","name":"Camping du Lac de la Chausseli\u00e8re","url":"https:\/\/www.chausseliere.com\/nl\/","logo":{"@type":"ImageObject","inLanguage":"nl-NL","@id":"https:\/\/www.chausseliere.com\/nl\/#\/schema\/logo\/image\/","url":"https:\/\/www.chausseliere.com\/wp-content\/uploads\/2023\/04\/Logo_Chausseliere_4Etoiles_blanc_HD_resultat.webp","contentUrl":"https:\/\/www.chausseliere.com\/wp-content\/uploads\/2023\/04\/Logo_Chausseliere_4Etoiles_blanc_HD_resultat.webp","width":640,"height":406,"caption":"Camping du Lac de la Chausseli\u00e8re"},"image":{"@id":"https:\/\/www.chausseliere.com\/nl\/#\/schema\/logo\/image\/"}}]}},"_links":{"self":[{"href":"https:\/\/www.chausseliere.com\/nl\/wp-json\/wp\/v2\/pages\/38891","targetHints":{"allow":["GET"]}}],"collection":[{"href":"https:\/\/www.chausseliere.com\/nl\/wp-json\/wp\/v2\/pages"}],"about":[{"href":"https:\/\/www.chausseliere.com\/nl\/wp-json\/wp\/v2\/types\/page"}],"author":[{"embeddable":true,"href":"https:\/\/www.chausseliere.com\/nl\/wp-json\/wp\/v2\/users\/1"}],"replies":[{"embeddable":true,"href":"https:\/\/www.chausseliere.com\/nl\/wp-json\/wp\/v2\/comments?post=38891"}],"version-history":[{"count":3,"href":"https:\/\/www.chausseliere.com\/nl\/wp-json\/wp\/v2\/pages\/38891\/revisions"}],"predecessor-version":[{"id":46454,"href":"https:\/\/www.chausseliere.com\/nl\/wp-json\/wp\/v2\/pages\/38891\/revisions\/46454"}],"up":[{"embeddable":true,"href":"https:\/\/www.chausseliere.com\/nl\/wp-json\/wp\/v2\/pages\/38819"}],"wp:featuredmedia":[{"embeddable":true,"href":"https:\/\/www.chausseliere.com\/nl\/wp-json\/wp\/v2\/media\/29803"}],"wp:attachment":[{"href":"https:\/\/www.chausseliere.com\/nl\/wp-json\/wp\/v2\/media?parent=38891"}],"wp:term":[{"taxonomy":"sujet","embeddable":true,"href":"https:\/\/www.chausseliere.com\/nl\/wp-json\/wp\/v2\/sujet?post=38891"}],"curies":[{"name":"wp","href":"https:\/\/api.w.org\/{rel}","templated":true}]}}