{"id":39227,"date":"2023-04-04T14:46:36","date_gmt":"2023-04-04T12:46:36","guid":{"rendered":"https:\/\/www.chausseliere.com\/contact\/"},"modified":"2023-04-12T14:47:04","modified_gmt":"2023-04-12T12:47:04","slug":"contact","status":"publish","type":"page","link":"https:\/\/www.chausseliere.com\/en\/contact\/","title":{"rendered":"Contact us"},"content":{"rendered":"<section id=\"ls-section-block_4479d95eaf4849edfc781a730c047977\" class=\"ls-section  m-b-0 m-t-0 has-background has-color-4-background-color has-m-t m-t-3\" >\r\n        <div class=\"container container--wide\">\r\n        \n\n<h1 class=\"ls__heading wp-block-heading has-text-align-center\">Contact us<\/h1>\n\n\n\n<div class=\"wp-block-contact-form-7-contact-form-selector\">\n<div class=\"wpcf7 no-js\" id=\"wpcf7-f39057-o1\" lang=\"en-US\" dir=\"ltr\">\n<div class=\"screen-reader-response\"><p role=\"status\" aria-live=\"polite\" aria-atomic=\"true\"><\/p> <ul><\/ul><\/div>\n<form action=\"\/en\/wp-json\/wp\/v2\/pages\/39227#wpcf7-f39057-o1\" method=\"post\" class=\"wpcf7-form init\" id=\"formulaire-contact\" aria-label=\"Contact form\" novalidate=\"novalidate\" data-status=\"init\">\n<div style=\"display: none;\">\n<input type=\"hidden\" name=\"_wpcf7\" value=\"39057\" \/>\n<input type=\"hidden\" name=\"_wpcf7_version\" value=\"5.9.8\" \/>\n<input type=\"hidden\" name=\"_wpcf7_locale\" value=\"en_US\" \/>\n<input type=\"hidden\" name=\"_wpcf7_unit_tag\" value=\"wpcf7-f39057-o1\" \/>\n<input type=\"hidden\" name=\"_wpcf7_container_post\" value=\"0\" \/>\n<input type=\"hidden\" name=\"_wpcf7_posted_data_hash\" value=\"\" \/>\n<input type=\"hidden\" name=\"_wpcf7_recaptcha_response\" value=\"\" \/>\n<\/div>\n<div class=\"rows-form\">\n\t<p><label> Name<br \/>\n<span class=\"wpcf7-form-control-wrap\" data-name=\"your-name\"><input size=\"40\" maxlength=\"400\" class=\"wpcf7-form-control wpcf7-text wpcf7-validates-as-required\" aria-required=\"true\" aria-invalid=\"false\" value=\"\" type=\"text\" name=\"your-name\" \/><\/span> <\/label>\n\t<\/p>\n\t<p><label> First name<br \/>\n<span class=\"wpcf7-form-control-wrap\" data-name=\"prenom\"><input size=\"40\" maxlength=\"400\" class=\"wpcf7-form-control wpcf7-text wpcf7-validates-as-required\" aria-required=\"true\" aria-invalid=\"false\" value=\"\" type=\"text\" name=\"prenom\" \/><\/span> <\/label>\n\t<\/p>\n<\/div>\n<div class=\"rows-form\">\n\t<p><label> Address<br \/>\n<span class=\"wpcf7-form-control-wrap\" data-name=\"adresse\"><input size=\"40\" maxlength=\"400\" class=\"wpcf7-form-control wpcf7-text wpcf7-validates-as-required\" aria-required=\"true\" aria-invalid=\"false\" value=\"\" type=\"text\" name=\"adresse\" \/><\/span> <\/label>\n\t<\/p>\n\t<p><label> Postal code<br \/>\n<span class=\"wpcf7-form-control-wrap\" data-name=\"cp\"><input size=\"40\" maxlength=\"400\" class=\"wpcf7-form-control wpcf7-text wpcf7-validates-as-required\" aria-required=\"true\" aria-invalid=\"false\" value=\"\" type=\"text\" name=\"cp\" \/><\/span> <\/label>\n\t<\/p>\n<\/div>\n<div class=\"rows-form\">\n\t<p><label> City<br \/>\n<span class=\"wpcf7-form-control-wrap\" data-name=\"ville\"><input size=\"40\" maxlength=\"400\" class=\"wpcf7-form-control wpcf7-text wpcf7-validates-as-required\" aria-required=\"true\" aria-invalid=\"false\" value=\"\" type=\"text\" name=\"ville\" \/><\/span> <\/label>\n\t<\/p>\n\t<p><label> Country<br \/>\n<span class=\"wpcf7-form-control-wrap\" data-name=\"pays\"><input size=\"40\" maxlength=\"400\" class=\"wpcf7-form-control wpcf7-text wpcf7-validates-as-required\" aria-required=\"true\" aria-invalid=\"false\" value=\"\" type=\"text\" name=\"pays\" \/><\/span> <\/label>\n\t<\/p>\n<\/div>\n<div class=\"rows-form\">\n\t<p><label> Phone<br \/>\n<span class=\"wpcf7-form-control-wrap\" data-name=\"tel\"><input size=\"40\" maxlength=\"400\" class=\"wpcf7-form-control wpcf7-text wpcf7-validates-as-required\" aria-required=\"true\" aria-invalid=\"false\" value=\"\" type=\"text\" name=\"tel\" \/><\/span> <\/label>\n\t<\/p>\n\t<p><label> Email<br \/>\n<span class=\"wpcf7-form-control-wrap\" data-name=\"your-email\"><input size=\"40\" maxlength=\"400\" class=\"wpcf7-form-control wpcf7-email wpcf7-validates-as-required wpcf7-text wpcf7-validates-as-email\" aria-required=\"true\" aria-invalid=\"false\" value=\"\" type=\"email\" name=\"your-email\" \/><\/span> <\/label>\n\t<\/p>\n<\/div>\n<p><label> Message<br \/>\n<span class=\"wpcf7-form-control-wrap\" data-name=\"your-message\"><textarea cols=\"40\" rows=\"10\" maxlength=\"2000\" class=\"wpcf7-form-control wpcf7-textarea\" aria-invalid=\"false\" name=\"your-message\"><\/textarea><\/span> <\/label>\n<\/p>\n<p>I agree to receive the monthly campsite newsletter:<br \/>\n<span class=\"wpcf7-form-control-wrap\" data-name=\"newsletter\"><span class=\"wpcf7-form-control wpcf7-radio\"><span class=\"wpcf7-list-item first\"><label><span class=\"wpcf7-list-item-label\">yes<\/span><input type=\"radio\" name=\"newsletter\" value=\"yes\" checked=\"checked\" \/><\/label><\/span><span class=\"wpcf7-list-item last\"><label><span class=\"wpcf7-list-item-label\">no<\/span><input type=\"radio\" name=\"newsletter\" value=\"no\" \/><\/label><\/span><\/span><\/span>\n<\/p>\n<p><span class=\"wpcf7-form-control-wrap\" data-name=\"acceptance-553\"><span class=\"wpcf7-form-control wpcf7-acceptance\"><span class=\"wpcf7-list-item\"><label><input type=\"checkbox\" name=\"acceptance-553\" value=\"1\" aria-invalid=\"false\" \/><span class=\"wpcf7-list-item-label\">By checking this box, I agree to the <a href=\"\/en\/privacy-policy\/\" rel=\"nofollow\" target=\"_blank\">Privacy Policy<\/a> of this site.<\/span><\/label><\/span><\/span><\/span>\n<\/p>\n<p>You can also contact us directly by e-mail:<br \/>\n<a href=\"mailto:camping@chausseliere.fr?subject=email\">camping@chausseliere.fr<\/a>\n<\/p>\n<p><input class=\"wpcf7-form-control wpcf7-submit has-spinner\" type=\"submit\" value=\"Send\" \/>\n<\/p><input type='hidden' class='wpcf7-pum' value='{\"closepopup\":false,\"closedelay\":0,\"openpopup\":false,\"openpopup_id\":0}' \/><div class=\"wpcf7-response-output\" aria-hidden=\"true\"><\/div>\n<\/form>\n<\/div>\n<\/div> \n\n\r\n    <\/div>\r\n<\/section><section id=\"acces\" class=\"ls-section  home-fifth page-three m-t-0 m-b-0 p-b-0\" >\r\n        <div class=\"container container--full\">\r\n        \n\n<iframe class=\"gmap\" src=\"https:\/\/www.google.com\/maps\/embed?pb=!1m18!1m12!1m3!1d51810.058951129875!2d-1.2818937754042177!3d46.96304956656714!2m3!1f0!2f0!3f0!3m2!1i1024!2i768!4f13.1!3m3!1m2!1s0x480679c835c303b5%3A0x12b4e36b815822a9!2sFlower%20Camping%20du%20Lac%20de%20la%20Chausseli%C3%A8re!5e0!3m2!1sfr!2sfr!4v1672146117244!5m2!1sfr!2sfr\" width=\"600\" height=\"450\" style=\"border:0;\" allowfullscreen=\"\" loading=\"lazy\" referrerpolicy=\"no-referrer-when-downgrade\"><\/iframe>\n\n\r\n    <\/div>\r\n<\/section>","protected":false},"excerpt":{"rendered":"","protected":false},"author":1,"featured_media":0,"parent":0,"menu_order":0,"comment_status":"closed","ping_status":"closed","template":"","meta":{"_acf_changed":false,"footnotes":""},"sujet":[],"class_list":["post-39227","page","type-page","status-publish","hentry"],"acf":[],"yoast_head":"<!-- This site is optimized with the Yoast SEO plugin v25.3 - https:\/\/yoast.com\/wordpress\/plugins\/seo\/ -->\n<title>Contact us - Camping du Lac de la Chausseli\u00e8re<\/title>\n<meta name=\"description\" content=\"Contact the Lac de la Chausseli\u00e8re campsite in the Vend\u00e9e via the contact form or by phone and book your stay near the Puy du Fou\" \/>\n<meta name=\"robots\" content=\"index, follow, max-snippet:-1, max-image-preview:large, max-video-preview:-1\" \/>\n<link rel=\"canonical\" href=\"https:\/\/www.chausseliere.com\/en\/contact\/\" \/>\n<meta property=\"og:locale\" content=\"en_US\" \/>\n<meta property=\"og:type\" content=\"article\" \/>\n<meta property=\"og:title\" content=\"Contact us - Camping du Lac de la Chausseli\u00e8re\" \/>\n<meta property=\"og:description\" content=\"Contact the Lac de la Chausseli\u00e8re campsite in the Vend\u00e9e via the contact form or by phone and book your stay near the Puy du Fou\" \/>\n<meta property=\"og:url\" content=\"https:\/\/www.chausseliere.com\/en\/contact\/\" \/>\n<meta property=\"og:site_name\" content=\"Camping du Lac de la Chausseli\u00e8re\" \/>\n<meta property=\"article:modified_time\" content=\"2023-04-12T12:47:04+00:00\" \/>\n<meta name=\"twitter:card\" content=\"summary_large_image\" \/>\n<script type=\"application\/ld+json\" class=\"yoast-schema-graph\">{\"@context\":\"https:\/\/schema.org\",\"@graph\":[{\"@type\":\"WebPage\",\"@id\":\"https:\/\/www.chausseliere.com\/en\/contact\/\",\"url\":\"https:\/\/www.chausseliere.com\/en\/contact\/\",\"name\":\"Contact us - Camping du Lac de la Chausseli\u00e8re\",\"isPartOf\":{\"@id\":\"https:\/\/www.chausseliere.com\/en\/#website\"},\"datePublished\":\"2023-04-04T12:46:36+00:00\",\"dateModified\":\"2023-04-12T12:47:04+00:00\",\"description\":\"Contact the Lac de la Chausseli\u00e8re campsite in the Vend\u00e9e via the contact form or by phone and book your stay near the Puy du Fou\",\"breadcrumb\":{\"@id\":\"https:\/\/www.chausseliere.com\/en\/contact\/#breadcrumb\"},\"inLanguage\":\"en-US\",\"potentialAction\":[{\"@type\":\"ReadAction\",\"target\":[\"https:\/\/www.chausseliere.com\/en\/contact\/\"]}]},{\"@type\":\"BreadcrumbList\",\"@id\":\"https:\/\/www.chausseliere.com\/en\/contact\/#breadcrumb\",\"itemListElement\":[{\"@type\":\"ListItem\",\"position\":1,\"name\":\"Camping Puy du Fou\",\"item\":\"https:\/\/www.chausseliere.com\/en\/\"},{\"@type\":\"ListItem\",\"position\":2,\"name\":\"Contact us\"}]},{\"@type\":\"WebSite\",\"@id\":\"https:\/\/www.chausseliere.com\/en\/#website\",\"url\":\"https:\/\/www.chausseliere.com\/en\/\",\"name\":\"Camping du Lac de la Chausseli\u00e8re\",\"description\":\"\",\"publisher\":{\"@id\":\"https:\/\/www.chausseliere.com\/en\/#organization\"},\"potentialAction\":[{\"@type\":\"SearchAction\",\"target\":{\"@type\":\"EntryPoint\",\"urlTemplate\":\"https:\/\/www.chausseliere.com\/en\/?s={search_term_string}\"},\"query-input\":{\"@type\":\"PropertyValueSpecification\",\"valueRequired\":true,\"valueName\":\"search_term_string\"}}],\"inLanguage\":\"en-US\"},{\"@type\":\"Organization\",\"@id\":\"https:\/\/www.chausseliere.com\/en\/#organization\",\"name\":\"Camping du Lac de la Chausseli\u00e8re\",\"url\":\"https:\/\/www.chausseliere.com\/en\/\",\"logo\":{\"@type\":\"ImageObject\",\"inLanguage\":\"en-US\",\"@id\":\"https:\/\/www.chausseliere.com\/en\/#\/schema\/logo\/image\/\",\"url\":\"https:\/\/www.chausseliere.com\/wp-content\/uploads\/2023\/04\/Logo_Chausseliere_4Etoiles_blanc_HD_resultat.webp\",\"contentUrl\":\"https:\/\/www.chausseliere.com\/wp-content\/uploads\/2023\/04\/Logo_Chausseliere_4Etoiles_blanc_HD_resultat.webp\",\"width\":640,\"height\":406,\"caption\":\"Camping du Lac de la Chausseli\u00e8re\"},\"image\":{\"@id\":\"https:\/\/www.chausseliere.com\/en\/#\/schema\/logo\/image\/\"}}]}<\/script>\n<!-- \/ Yoast SEO plugin. -->","yoast_head_json":{"title":"Contact us - Camping du Lac de la Chausseli\u00e8re","description":"Contact the Lac de la Chausseli\u00e8re campsite in the Vend\u00e9e via the contact form or by phone and book your stay near the Puy du Fou","robots":{"index":"index","follow":"follow","max-snippet":"max-snippet:-1","max-image-preview":"max-image-preview:large","max-video-preview":"max-video-preview:-1"},"canonical":"https:\/\/www.chausseliere.com\/en\/contact\/","og_locale":"en_US","og_type":"article","og_title":"Contact us - Camping du Lac de la Chausseli\u00e8re","og_description":"Contact the Lac de la Chausseli\u00e8re campsite in the Vend\u00e9e via the contact form or by phone and book your stay near the Puy du Fou","og_url":"https:\/\/www.chausseliere.com\/en\/contact\/","og_site_name":"Camping du Lac de la Chausseli\u00e8re","article_modified_time":"2023-04-12T12:47:04+00:00","twitter_card":"summary_large_image","schema":{"@context":"https:\/\/schema.org","@graph":[{"@type":"WebPage","@id":"https:\/\/www.chausseliere.com\/en\/contact\/","url":"https:\/\/www.chausseliere.com\/en\/contact\/","name":"Contact us - Camping du Lac de la Chausseli\u00e8re","isPartOf":{"@id":"https:\/\/www.chausseliere.com\/en\/#website"},"datePublished":"2023-04-04T12:46:36+00:00","dateModified":"2023-04-12T12:47:04+00:00","description":"Contact the Lac de la Chausseli\u00e8re campsite in the Vend\u00e9e via the contact form or by phone and book your stay near the Puy du Fou","breadcrumb":{"@id":"https:\/\/www.chausseliere.com\/en\/contact\/#breadcrumb"},"inLanguage":"en-US","potentialAction":[{"@type":"ReadAction","target":["https:\/\/www.chausseliere.com\/en\/contact\/"]}]},{"@type":"BreadcrumbList","@id":"https:\/\/www.chausseliere.com\/en\/contact\/#breadcrumb","itemListElement":[{"@type":"ListItem","position":1,"name":"Camping Puy du Fou","item":"https:\/\/www.chausseliere.com\/en\/"},{"@type":"ListItem","position":2,"name":"Contact us"}]},{"@type":"WebSite","@id":"https:\/\/www.chausseliere.com\/en\/#website","url":"https:\/\/www.chausseliere.com\/en\/","name":"Camping du Lac de la Chausseli\u00e8re","description":"","publisher":{"@id":"https:\/\/www.chausseliere.com\/en\/#organization"},"potentialAction":[{"@type":"SearchAction","target":{"@type":"EntryPoint","urlTemplate":"https:\/\/www.chausseliere.com\/en\/?s={search_term_string}"},"query-input":{"@type":"PropertyValueSpecification","valueRequired":true,"valueName":"search_term_string"}}],"inLanguage":"en-US"},{"@type":"Organization","@id":"https:\/\/www.chausseliere.com\/en\/#organization","name":"Camping du Lac de la Chausseli\u00e8re","url":"https:\/\/www.chausseliere.com\/en\/","logo":{"@type":"ImageObject","inLanguage":"en-US","@id":"https:\/\/www.chausseliere.com\/en\/#\/schema\/logo\/image\/","url":"https:\/\/www.chausseliere.com\/wp-content\/uploads\/2023\/04\/Logo_Chausseliere_4Etoiles_blanc_HD_resultat.webp","contentUrl":"https:\/\/www.chausseliere.com\/wp-content\/uploads\/2023\/04\/Logo_Chausseliere_4Etoiles_blanc_HD_resultat.webp","width":640,"height":406,"caption":"Camping du Lac de la Chausseli\u00e8re"},"image":{"@id":"https:\/\/www.chausseliere.com\/en\/#\/schema\/logo\/image\/"}}]}},"_links":{"self":[{"href":"https:\/\/www.chausseliere.com\/en\/wp-json\/wp\/v2\/pages\/39227","targetHints":{"allow":["GET"]}}],"collection":[{"href":"https:\/\/www.chausseliere.com\/en\/wp-json\/wp\/v2\/pages"}],"about":[{"href":"https:\/\/www.chausseliere.com\/en\/wp-json\/wp\/v2\/types\/page"}],"author":[{"embeddable":true,"href":"https:\/\/www.chausseliere.com\/en\/wp-json\/wp\/v2\/users\/1"}],"replies":[{"embeddable":true,"href":"https:\/\/www.chausseliere.com\/en\/wp-json\/wp\/v2\/comments?post=39227"}],"version-history":[{"count":5,"href":"https:\/\/www.chausseliere.com\/en\/wp-json\/wp\/v2\/pages\/39227\/revisions"}],"predecessor-version":[{"id":42386,"href":"https:\/\/www.chausseliere.com\/en\/wp-json\/wp\/v2\/pages\/39227\/revisions\/42386"}],"wp:attachment":[{"href":"https:\/\/www.chausseliere.com\/en\/wp-json\/wp\/v2\/media?parent=39227"}],"wp:term":[{"taxonomy":"sujet","embeddable":true,"href":"https:\/\/www.chausseliere.com\/en\/wp-json\/wp\/v2\/sujet?post=39227"}],"curies":[{"name":"wp","href":"https:\/\/api.w.org\/{rel}","templated":true}]}}