{"id":39216,"date":"2023-04-04T14:46:35","date_gmt":"2023-04-04T12:46:35","guid":{"rendered":"https:\/\/www.chausseliere.com\/camping-pmr-vendee\/"},"modified":"2025-10-29T15:43:56","modified_gmt":"2025-10-29T14:43:56","slug":"camping-pmr-vendee","status":"publish","type":"page","link":"https:\/\/www.chausseliere.com\/en\/camping-pmr-vendee\/","title":{"rendered":"Camping PMR"},"content":{"rendered":"<section id=\"ls-section-block_1d184fcfb3b262190876bfe98a7659b6\" class=\"ls-section  home-first page-one has-p-b p-b-10\" >\r\n        <div class=\"container container--wide\">\r\n        \n\n<h1 class=\"ls__heading wp-block-heading has-text-align-center\">Camping disabled access Vend\u00e9e<\/h1>\n\n\n\n<p class=\"ls-paragraph has-text-align-center\">Are you looking for a <strong>PMR campsite in the Vend\u00e9e<\/strong> for your next vacation? Our <strong><a href=\"\/\">campsite near the Puy du Fou<\/a><\/strong> welcomes people with reduced mobility at the Lac de la Chausseli\u00e8re in the heart of an exceptional natural environment!<\/p>\n\n\n\n<div class=\"wp-block-columns m-t-10 is-layout-flex wp-container-core-columns-is-layout-9d6595d7 wp-block-columns-is-layout-flex\">\n<div class=\"wp-block-column is-vertically-aligned-center is-layout-flow wp-block-column-is-layout-flow\">\n<div id=\"ls-heading ls-titre-numblock_5ca572d01221535ca75a88ce0fe179f8\" class=\"ls-titre-num\">\n    <div class=\"ls-titre-num__numero\">\n        1    <\/div>\n    <h2 class=\"ls-titre-num__content\">\n                    Fully accessible campsite                            <span>  for people with reduced mobility<\/span>\n            <\/h2>\n<\/div>\n\n\n<p class=\"ls-paragraph\">The Lac de la Chausseli\u00e8re is an <strong>ideal vacation spot for everyone<\/strong>. To this end, <strong>our campground has modern facilities that are accessible to people with reduced mobility<\/strong>.<\/p>\n\n\n\n<h3 class=\"ls__heading wp-block-heading\"><strong>Welcoming groups of residents from adapted structures<\/strong><\/h3>\n\n\n\n<p class=\"ls-paragraph\">Each year, <strong>we welcome residents from adapted structures<\/strong>. These residents are <strong>supervised by experienced educators <\/strong>who ensure their well-being and safety throughout their stay.<strong> They stay in different types of accommodation<\/strong> specially designed for people with reduced mobility, particularly as part of <strong>a camping trip organized at Puy du Fou.<\/strong> <\/p>\n\n\n\n<p class=\"ls-paragraph addReadMore showlesscontent\">The activities offered allow them to<strong> discover new experiences<\/strong> and <strong>encourage their personal development,<\/strong> under the careful supervision of the educators. It is a great way for them <strong>to grow and feel valued<\/strong>, while enjoying a rewarding, <strong>comfortable and memorable holiday experience<\/strong>.<\/p>\n<\/div>\n\n\n\n<div class=\"wp-block-column is-layout-flow wp-block-column-is-layout-flow\">\n<figure class=\"wp-block-gallery has-nested-images columns-2 is-cropped wp-block-gallery-1 is-layout-flex wp-block-gallery-is-layout-flex\">\n<figure class=\"wp-block-image size-large\"><a href=\"https:\/\/www.chausseliere.com\/wp-content\/uploads\/2023\/01\/acces-pmr-camping.jpg\"><img loading=\"lazy\" decoding=\"async\" width=\"770\" height=\"350\" data-id=\"32426\" src=\"https:\/\/www.chausseliere.com\/wp-content\/uploads\/2023\/01\/acces-pmr-camping.jpg\" alt=\"access pmr camping\" class=\"wp-image-32426\" srcset=\"https:\/\/www.chausseliere.com\/wp-content\/uploads\/2023\/01\/acces-pmr-camping.jpg 770w, https:\/\/www.chausseliere.com\/wp-content\/uploads\/2023\/01\/acces-pmr-camping-300x136.jpg 300w, https:\/\/www.chausseliere.com\/wp-content\/uploads\/2023\/01\/acces-pmr-camping-768x349.jpg 768w\" sizes=\"auto, (max-width: 770px) 100vw, 770px\" \/><\/a><\/figure>\n\n\n\n<figure class=\"wp-block-image size-large\"><a href=\"https:\/\/www.chausseliere.com\/wp-content\/uploads\/2023\/01\/itineraires-de-randonnee-adaptes-pmr.jpg\"><img loading=\"lazy\" decoding=\"async\" width=\"770\" height=\"350\" data-id=\"32436\" src=\"https:\/\/www.chausseliere.com\/wp-content\/uploads\/2023\/01\/itineraires-de-randonnee-adaptes-pmr.jpg\" alt=\"hiking-route-adapted-pmr\" class=\"wp-image-32436\" srcset=\"https:\/\/www.chausseliere.com\/wp-content\/uploads\/2023\/01\/itineraires-de-randonnee-adaptes-pmr.jpg 770w, https:\/\/www.chausseliere.com\/wp-content\/uploads\/2023\/01\/itineraires-de-randonnee-adaptes-pmr-300x136.jpg 300w, https:\/\/www.chausseliere.com\/wp-content\/uploads\/2023\/01\/itineraires-de-randonnee-adaptes-pmr-768x349.jpg 768w\" sizes=\"auto, (max-width: 770px) 100vw, 770px\" \/><\/a><\/figure>\n\n\n\n<figure class=\"wp-block-image size-large\"><a href=\"https:\/\/www.chausseliere.com\/wp-content\/uploads\/2023\/01\/etang-pmr.jpg\"><img loading=\"lazy\" decoding=\"async\" width=\"770\" height=\"350\" data-id=\"32431\" src=\"https:\/\/www.chausseliere.com\/wp-content\/uploads\/2023\/01\/etang-pmr.jpg\" alt=\"etang pmr\" class=\"wp-image-32431\" srcset=\"https:\/\/www.chausseliere.com\/wp-content\/uploads\/2023\/01\/etang-pmr.jpg 770w, https:\/\/www.chausseliere.com\/wp-content\/uploads\/2023\/01\/etang-pmr-300x136.jpg 300w, https:\/\/www.chausseliere.com\/wp-content\/uploads\/2023\/01\/etang-pmr-768x349.jpg 768w\" sizes=\"auto, (max-width: 770px) 100vw, 770px\" \/><\/a><\/figure>\n<\/figure>\n<\/div>\n<\/div>\n\n\r\n    <\/div>\r\n<\/section><section id=\"ls-section-block_7c0edece28399def923b35194e406914\" class=\"ls-section  home-seventh page-four no-illustration has-background has-color-4-background-color has-p-t p-t-15 has-p-b p-b-15\" >\r\n        <div class=\"container container--wide\">\r\n        \n\n<div class=\"wp-block-columns are-vertically-aligned-center is-layout-flex wp-container-core-columns-is-layout-9d6595d7 wp-block-columns-is-layout-flex\">\n<div class=\"wp-block-column is-vertically-aligned-center is-layout-flow wp-block-column-is-layout-flow\" style=\"flex-basis:100%\">\n<div id=\"ls-heading ls-titre-numblock_b448d1daea9d1309411c60049bc62b7d\" class=\"ls-titre-num\">\n    <div class=\"ls-titre-num__numero\">\n        2    <\/div>\n    <h2 class=\"ls-titre-num__content\">\n                    Infrastructures arranged                            <span>for wheelchairs<\/span>\n            <\/h2>\n<\/div>\n\n\n<p class=\"ls-paragraph\"><strong>If you are in a wheelchair<\/strong> and would like to spend a weekend, a week or more at our campsite, <strong>the entire campsite is accessible to you <\/strong>: <\/p>\n\n\n\n<ul class=\"ls-list wp-block-list\">\n<li>the <strong>alleys<\/strong><\/li>\n\n\n\n<li>the <strong>pool and wading pool<\/strong> areas<\/li>\n\n\n\n<li>the<strong>reception<\/strong><\/li>\n\n\n\n<li>the <strong>bar<\/strong><\/li>\n\n\n\n<li>the <strong>playroom<\/strong><\/li>\n<\/ul>\n<\/div>\n<\/div>\n\n\r\n    <\/div>\r\n<\/section><section id=\"ls-section-block_933128e4a4ff16d55901db0433ab31e4\" class=\"ls-section  home-seventh page-two\" >\r\n        <div class=\"container container--wide\">\r\n        \n\n<div class=\"wp-block-columns are-vertically-aligned-center is-layout-flex wp-container-core-columns-is-layout-9d6595d7 wp-block-columns-is-layout-flex\">\n<div class=\"wp-block-column is-vertically-aligned-center is-layout-flow wp-block-column-is-layout-flow\" style=\"flex-basis:50%\">\n<figure class=\"wp-block-image size-large animated fadeInLeft slow\"><a href=\"https:\/\/www.chausseliere.com\/wp-content\/uploads\/2023\/01\/Chalet-24m&#xB2;-PMR_resultat.webp\"><img decoding=\"async\" src=\"https:\/\/www.chausseliere.com\/wp-content\/uploads\/2023\/01\/Chalet-24m&#xB2;-PMR_resultat-1024x627.webp\" alt=\"Chalet 24m&#xB2; PMR\" class=\"wp-image-32407\"\/><\/a><\/figure>\n<\/div>\n\n\n\n<div class=\"wp-block-column is-vertically-aligned-center is-layout-flow wp-block-column-is-layout-flow\" style=\"flex-basis:50%\">\n<div id=\"ls-heading ls-titre-numblock_ee604862e35a3dd476fb8fea2430bf03\" class=\"ls-titre-num\">\n    <div class=\"ls-titre-num__numero\">\n        3    <\/div>\n    <h2 class=\"ls-titre-num__content\">\n                    Our rentals                             <span>PMR in Vend\u00e9e<\/span>\n            <\/h2>\n<\/div>\n\n\n<p class=\"ls-paragraph\">For your next holiday in our <strong>campsite with PRM access in the Vend\u00e9e<\/strong>, we offer you a choice of two modern and <strong>comfortable rentals<\/strong>.<\/p>\n\n\n\n<h3 class=\"ls__heading wp-block-heading\"><strong>Mobile home PMR 36m2<\/strong><\/h3>\n\n\n\n<p class=\"ls-paragraph\">With an area of 36 m 2, our mobile home PMR is as its name suggests equipped and arranged for people with reduced mobility. I<strong>t has an access ramp <\/strong>to reach the wooden terrace and <strong>access to the wheelchair accommodation<\/strong>, and the bathroom is also arranged for this purpose: shower with chair, <strong>WC raised<\/strong>.<\/p>\n\n\n\n<h3 class=\"ls__heading wp-block-heading\"><strong>Chalet PMR 24m2<\/strong><\/h3>\n\n\n\n<p class=\"ls-paragraph\">With a surface area of 24m\u00b2, our PMR chalet is also <strong>specially designed for people with reduced mobility<\/strong> and therefore allows for easy movement in a wheelchair. <strong>It will suit those who prefer wooden accommodation,<\/strong> cosy effect guaranteed!<\/p>\n<\/div>\n<\/div>\n\n\r\n    <\/div>\r\n<\/section><section id=\"ls-section-block_4b49228d3795873bf9a8912e80523e7d\" class=\"ls-section  home-first page-one has-background has-color-4-background-color has-p-t p-t-15 has-p-b p-b-15\" >\r\n        <div class=\"container container--wide\">\r\n        \n\n<div class=\"wp-block-columns is-layout-flex wp-container-core-columns-is-layout-9d6595d7 wp-block-columns-is-layout-flex\">\n<div class=\"wp-block-column is-vertically-aligned-center is-layout-flow wp-block-column-is-layout-flow\">\n<div id=\"ls-heading ls-titre-numblock_35f3a31bff5f05e9a4d2cf1ed498cefe\" class=\"ls-titre-num\">\n    <div class=\"ls-titre-num__numero\">\n        4    <\/div>\n    <h2 class=\"ls-titre-num__content\">\n                    The surroundings of our campsite                              <span>PMR in La Guyonni\u00e8re<\/span>\n            <\/h2>\n<\/div>\n\n\n<p class=\"ls-paragraph\">In front of the campsite,<strong> the banks of the Lac de la Chausseli\u00e8re<\/strong> and <strong>its 18 fishing pontoons are accessible to people with reduced mobility<\/strong>. All the paths around the lake are wheelchair <strong>accessible<\/strong> and will allow you to make beautiful walks during your stay. It is also possible to get to the centre of La Guyonni\u00e8re, 800 metres from the campsite, <strong>in complete safety and without difficulty<\/strong>.<\/p>\n\n\n\n<p class=\"ls-paragraph\">In short, staying in our PMR campsite in the Vend\u00e9e will allow you to <strong>take advantage of adapted infrastructures<\/strong> and an <strong>ideal geographical situation on the edge of the lake and near the Puy du Fou<\/strong> to spend pleasant vacations!<\/p>\n<\/div>\n\n\n\n<div class=\"wp-block-column is-vertically-aligned-center is-layout-flow wp-block-column-is-layout-flow\">\n<figure class=\"wp-block-gallery has-nested-images columns-default is-cropped wp-block-gallery-2 is-layout-flex wp-block-gallery-is-layout-flex\">\n<figure class=\"wp-block-image size-full\"><a href=\"https:\/\/www.chausseliere.com\/wp-content\/uploads\/2023\/01\/camping-chausseliere-ponton-peche-570x372-1.jpg\"><img loading=\"lazy\" decoding=\"async\" width=\"570\" height=\"372\" data-id=\"29750\" src=\"https:\/\/www.chausseliere.com\/wp-content\/uploads\/2023\/01\/camping-chausseliere-ponton-peche-570x372-1.jpg\" alt=\"camping chausseliere fishing pontoon x\" class=\"wp-image-29750\" srcset=\"https:\/\/www.chausseliere.com\/wp-content\/uploads\/2023\/01\/camping-chausseliere-ponton-peche-570x372-1.jpg 570w, https:\/\/www.chausseliere.com\/wp-content\/uploads\/2023\/01\/camping-chausseliere-ponton-peche-570x372-1-300x196.jpg 300w\" sizes=\"auto, (max-width: 570px) 100vw, 570px\" \/><\/a><\/figure>\n<\/figure>\n<\/div>\n<\/div>\n\n\r\n    <\/div>\r\n<\/section><section id=\"ls-section-block_3490a894c8911592f5d5d66c186e4189\" class=\"ls-section  page-fourth has-m-t m-t-0\" >\r\n        <div class=\"container container--wide\">\r\n        \n\n<div id=\"ls-heading ls-titre-div-block_5f28fa39773f0c1fb68ae573a7859e18\" class=\"ls-titre-div aligncenter h2-like\" >\n    <strong>Learn more<\/strong> about our campsite<\/div>\n\n\n<div id=\"ls-maillage-block_02881d4923a92dd5fa5d9df4ceeca8a7\" class=\"ls-maillage cta-style-normal\" data-rows=\"3\">\r\n    <div class=\"wp-block-columns\"><div class=\"wp-block-column\"><div class=\"ls-cta\">\n\n<a href=\"https:\/\/www.chausseliere.com\/en\/rental-rates\/\" target=\"\" rel=\"noopener\" class=\"ls-cta__link\">\n\n\t<div class=\"ls-cta__image\"><img decoding=\"async\" src=\"https:\/\/www.chausseliere.com\/wp-content\/uploads\/2023\/01\/AdobeStock_287570094_resultat-2-768x512.webp\" alt=\"rental rates\"><\/div>\n\t<div class=\"ls-cta__title\">\n\t\tRental rates\t<\/div>\n\n\t\n<\/a><\/div><\/div><div class=\"wp-block-column\"><div class=\"ls-cta\">\n\n<a href=\"https:\/\/www.chausseliere.com\/en\/camping-ecological-vendee\/\" target=\"\" rel=\"noopener\" class=\"ls-cta__link\">\n\n\t<div class=\"ls-cta__image\"><img decoding=\"async\" src=\"https:\/\/www.chausseliere.com\/wp-content\/uploads\/2023\/01\/camping-chausseliere-vacances-768x512.webp\" alt=\"ecology vacation shoes\"><\/div>\n\t<div class=\"ls-cta__title\">\n\t\tEcological camping\t<\/div>\n\n\t\n<\/a><\/div><\/div><div class=\"wp-block-column\"><div class=\"ls-cta\">\n\n<a href=\"https:\/\/www.chausseliere.com\/en\/tourisme\/\" target=\"\" rel=\"noopener\" class=\"ls-cta__link\">\n\n\t<div class=\"ls-cta__image\"><img decoding=\"async\" src=\"https:\/\/www.chausseliere.com\/wp-content\/uploads\/2023\/01\/velo_tiffauges10.jpg_1800_1200-768x512.webp\" alt=\"family bike ride in Vend\u00e9e\"><\/div>\n\t<div class=\"ls-cta__title\">\n\t\tTourism in Vend\u00e9e\t<\/div>\n\n\t\n<\/a><\/div><\/div><\/div><\/div>\n\r\n    <\/div>\r\n<\/section>","protected":false},"excerpt":{"rendered":"","protected":false},"author":1,"featured_media":32422,"parent":0,"menu_order":0,"comment_status":"closed","ping_status":"closed","template":"","meta":{"_acf_changed":false,"footnotes":""},"sujet":[],"class_list":["post-39216","page","type-page","status-publish","has-post-thumbnail","hentry"],"acf":[],"yoast_head":"<!-- This site is optimized with the Yoast SEO plugin v25.3 - https:\/\/yoast.com\/wordpress\/plugins\/seo\/ -->\n<title>Camping disabled access Vend\u00e9e - Mobile home rental PMR Vend\u00e9e<\/title>\n<meta name=\"description\" content=\"Are you looking for a PMR campsite in the Vend\u00e9e? The Lac de la Chausseli\u00e8re campsite offers rentals, infrastructures and services adapted to PMR\" \/>\n<meta name=\"robots\" content=\"index, follow, max-snippet:-1, max-image-preview:large, max-video-preview:-1\" \/>\n<link rel=\"canonical\" href=\"https:\/\/www.chausseliere.com\/en\/camping-pmr-vendee\/\" \/>\n<meta property=\"og:locale\" content=\"en_US\" \/>\n<meta property=\"og:type\" content=\"article\" \/>\n<meta property=\"og:title\" content=\"Camping disabled access Vend\u00e9e - Mobile home rental PMR Vend\u00e9e\" \/>\n<meta property=\"og:description\" content=\"Are you looking for a PMR campsite in the Vend\u00e9e? The Lac de la Chausseli\u00e8re campsite offers rentals, infrastructures and services adapted to PMR\" \/>\n<meta property=\"og:url\" content=\"https:\/\/www.chausseliere.com\/en\/camping-pmr-vendee\/\" \/>\n<meta property=\"og:site_name\" content=\"Camping du Lac de la Chausseli\u00e8re\" \/>\n<meta property=\"article:modified_time\" content=\"2025-10-29T14:43:56+00:00\" \/>\n<meta property=\"og:image\" content=\"https:\/\/www.chausseliere.com\/wp-content\/uploads\/2023\/01\/fauteuil-roulant-camping.jpg\" \/>\n\t<meta property=\"og:image:width\" content=\"1170\" \/>\n\t<meta property=\"og:image:height\" content=\"450\" \/>\n\t<meta property=\"og:image:type\" content=\"image\/jpeg\" \/>\n<meta name=\"twitter:card\" content=\"summary_large_image\" \/>\n<meta name=\"twitter:label1\" content=\"Est. reading time\" \/>\n\t<meta name=\"twitter:data1\" content=\"4 minutes\" \/>\n<script type=\"application\/ld+json\" class=\"yoast-schema-graph\">{\"@context\":\"https:\/\/schema.org\",\"@graph\":[{\"@type\":\"WebPage\",\"@id\":\"https:\/\/www.chausseliere.com\/en\/camping-pmr-vendee\/\",\"url\":\"https:\/\/www.chausseliere.com\/en\/camping-pmr-vendee\/\",\"name\":\"Camping disabled access Vend\u00e9e - Mobile home rental PMR Vend\u00e9e\",\"isPartOf\":{\"@id\":\"https:\/\/www.chausseliere.com\/en\/#website\"},\"primaryImageOfPage\":{\"@id\":\"https:\/\/www.chausseliere.com\/en\/camping-pmr-vendee\/#primaryimage\"},\"image\":{\"@id\":\"https:\/\/www.chausseliere.com\/en\/camping-pmr-vendee\/#primaryimage\"},\"thumbnailUrl\":\"https:\/\/www.chausseliere.com\/wp-content\/uploads\/2023\/01\/fauteuil-roulant-camping.jpg\",\"datePublished\":\"2023-04-04T12:46:35+00:00\",\"dateModified\":\"2025-10-29T14:43:56+00:00\",\"description\":\"Are you looking for a PMR campsite in the Vend\u00e9e? The Lac de la Chausseli\u00e8re campsite offers rentals, infrastructures and services adapted to PMR\",\"breadcrumb\":{\"@id\":\"https:\/\/www.chausseliere.com\/en\/camping-pmr-vendee\/#breadcrumb\"},\"inLanguage\":\"en-US\",\"potentialAction\":[{\"@type\":\"ReadAction\",\"target\":[\"https:\/\/www.chausseliere.com\/en\/camping-pmr-vendee\/\"]}]},{\"@type\":\"ImageObject\",\"inLanguage\":\"en-US\",\"@id\":\"https:\/\/www.chausseliere.com\/en\/camping-pmr-vendee\/#primaryimage\",\"url\":\"https:\/\/www.chausseliere.com\/wp-content\/uploads\/2023\/01\/fauteuil-roulant-camping.jpg\",\"contentUrl\":\"https:\/\/www.chausseliere.com\/wp-content\/uploads\/2023\/01\/fauteuil-roulant-camping.jpg\",\"width\":1170,\"height\":450,\"caption\":\"wheelchair camping\"},{\"@type\":\"BreadcrumbList\",\"@id\":\"https:\/\/www.chausseliere.com\/en\/camping-pmr-vendee\/#breadcrumb\",\"itemListElement\":[{\"@type\":\"ListItem\",\"position\":1,\"name\":\"Camping Puy du Fou\",\"item\":\"https:\/\/www.chausseliere.com\/en\/\"},{\"@type\":\"ListItem\",\"position\":2,\"name\":\"camping disabled access Vend\u00e9e\"}]},{\"@type\":\"WebSite\",\"@id\":\"https:\/\/www.chausseliere.com\/en\/#website\",\"url\":\"https:\/\/www.chausseliere.com\/en\/\",\"name\":\"Camping du Lac de la Chausseli\u00e8re\",\"description\":\"\",\"publisher\":{\"@id\":\"https:\/\/www.chausseliere.com\/en\/#organization\"},\"potentialAction\":[{\"@type\":\"SearchAction\",\"target\":{\"@type\":\"EntryPoint\",\"urlTemplate\":\"https:\/\/www.chausseliere.com\/en\/?s={search_term_string}\"},\"query-input\":{\"@type\":\"PropertyValueSpecification\",\"valueRequired\":true,\"valueName\":\"search_term_string\"}}],\"inLanguage\":\"en-US\"},{\"@type\":\"Organization\",\"@id\":\"https:\/\/www.chausseliere.com\/en\/#organization\",\"name\":\"Camping du Lac de la Chausseli\u00e8re\",\"url\":\"https:\/\/www.chausseliere.com\/en\/\",\"logo\":{\"@type\":\"ImageObject\",\"inLanguage\":\"en-US\",\"@id\":\"https:\/\/www.chausseliere.com\/en\/#\/schema\/logo\/image\/\",\"url\":\"https:\/\/www.chausseliere.com\/wp-content\/uploads\/2023\/04\/Logo_Chausseliere_4Etoiles_blanc_HD_resultat.webp\",\"contentUrl\":\"https:\/\/www.chausseliere.com\/wp-content\/uploads\/2023\/04\/Logo_Chausseliere_4Etoiles_blanc_HD_resultat.webp\",\"width\":640,\"height\":406,\"caption\":\"Camping du Lac de la Chausseli\u00e8re\"},\"image\":{\"@id\":\"https:\/\/www.chausseliere.com\/en\/#\/schema\/logo\/image\/\"}}]}<\/script>\n<!-- \/ Yoast SEO plugin. -->","yoast_head_json":{"title":"Camping disabled access Vend\u00e9e - Mobile home rental PMR Vend\u00e9e","description":"Are you looking for a PMR campsite in the Vend\u00e9e? The Lac de la Chausseli\u00e8re campsite offers rentals, infrastructures and services adapted to PMR","robots":{"index":"index","follow":"follow","max-snippet":"max-snippet:-1","max-image-preview":"max-image-preview:large","max-video-preview":"max-video-preview:-1"},"canonical":"https:\/\/www.chausseliere.com\/en\/camping-pmr-vendee\/","og_locale":"en_US","og_type":"article","og_title":"Camping disabled access Vend\u00e9e - Mobile home rental PMR Vend\u00e9e","og_description":"Are you looking for a PMR campsite in the Vend\u00e9e? The Lac de la Chausseli\u00e8re campsite offers rentals, infrastructures and services adapted to PMR","og_url":"https:\/\/www.chausseliere.com\/en\/camping-pmr-vendee\/","og_site_name":"Camping du Lac de la Chausseli\u00e8re","article_modified_time":"2025-10-29T14:43:56+00:00","og_image":[{"width":1170,"height":450,"url":"https:\/\/www.chausseliere.com\/wp-content\/uploads\/2023\/01\/fauteuil-roulant-camping.jpg","type":"image\/jpeg"}],"twitter_card":"summary_large_image","twitter_misc":{"Est. reading time":"4 minutes"},"schema":{"@context":"https:\/\/schema.org","@graph":[{"@type":"WebPage","@id":"https:\/\/www.chausseliere.com\/en\/camping-pmr-vendee\/","url":"https:\/\/www.chausseliere.com\/en\/camping-pmr-vendee\/","name":"Camping disabled access Vend\u00e9e - Mobile home rental PMR Vend\u00e9e","isPartOf":{"@id":"https:\/\/www.chausseliere.com\/en\/#website"},"primaryImageOfPage":{"@id":"https:\/\/www.chausseliere.com\/en\/camping-pmr-vendee\/#primaryimage"},"image":{"@id":"https:\/\/www.chausseliere.com\/en\/camping-pmr-vendee\/#primaryimage"},"thumbnailUrl":"https:\/\/www.chausseliere.com\/wp-content\/uploads\/2023\/01\/fauteuil-roulant-camping.jpg","datePublished":"2023-04-04T12:46:35+00:00","dateModified":"2025-10-29T14:43:56+00:00","description":"Are you looking for a PMR campsite in the Vend\u00e9e? The Lac de la Chausseli\u00e8re campsite offers rentals, infrastructures and services adapted to PMR","breadcrumb":{"@id":"https:\/\/www.chausseliere.com\/en\/camping-pmr-vendee\/#breadcrumb"},"inLanguage":"en-US","potentialAction":[{"@type":"ReadAction","target":["https:\/\/www.chausseliere.com\/en\/camping-pmr-vendee\/"]}]},{"@type":"ImageObject","inLanguage":"en-US","@id":"https:\/\/www.chausseliere.com\/en\/camping-pmr-vendee\/#primaryimage","url":"https:\/\/www.chausseliere.com\/wp-content\/uploads\/2023\/01\/fauteuil-roulant-camping.jpg","contentUrl":"https:\/\/www.chausseliere.com\/wp-content\/uploads\/2023\/01\/fauteuil-roulant-camping.jpg","width":1170,"height":450,"caption":"wheelchair camping"},{"@type":"BreadcrumbList","@id":"https:\/\/www.chausseliere.com\/en\/camping-pmr-vendee\/#breadcrumb","itemListElement":[{"@type":"ListItem","position":1,"name":"Camping Puy du Fou","item":"https:\/\/www.chausseliere.com\/en\/"},{"@type":"ListItem","position":2,"name":"camping disabled access Vend\u00e9e"}]},{"@type":"WebSite","@id":"https:\/\/www.chausseliere.com\/en\/#website","url":"https:\/\/www.chausseliere.com\/en\/","name":"Camping du Lac de la Chausseli\u00e8re","description":"","publisher":{"@id":"https:\/\/www.chausseliere.com\/en\/#organization"},"potentialAction":[{"@type":"SearchAction","target":{"@type":"EntryPoint","urlTemplate":"https:\/\/www.chausseliere.com\/en\/?s={search_term_string}"},"query-input":{"@type":"PropertyValueSpecification","valueRequired":true,"valueName":"search_term_string"}}],"inLanguage":"en-US"},{"@type":"Organization","@id":"https:\/\/www.chausseliere.com\/en\/#organization","name":"Camping du Lac de la Chausseli\u00e8re","url":"https:\/\/www.chausseliere.com\/en\/","logo":{"@type":"ImageObject","inLanguage":"en-US","@id":"https:\/\/www.chausseliere.com\/en\/#\/schema\/logo\/image\/","url":"https:\/\/www.chausseliere.com\/wp-content\/uploads\/2023\/04\/Logo_Chausseliere_4Etoiles_blanc_HD_resultat.webp","contentUrl":"https:\/\/www.chausseliere.com\/wp-content\/uploads\/2023\/04\/Logo_Chausseliere_4Etoiles_blanc_HD_resultat.webp","width":640,"height":406,"caption":"Camping du Lac de la Chausseli\u00e8re"},"image":{"@id":"https:\/\/www.chausseliere.com\/en\/#\/schema\/logo\/image\/"}}]}},"_links":{"self":[{"href":"https:\/\/www.chausseliere.com\/en\/wp-json\/wp\/v2\/pages\/39216","targetHints":{"allow":["GET"]}}],"collection":[{"href":"https:\/\/www.chausseliere.com\/en\/wp-json\/wp\/v2\/pages"}],"about":[{"href":"https:\/\/www.chausseliere.com\/en\/wp-json\/wp\/v2\/types\/page"}],"author":[{"embeddable":true,"href":"https:\/\/www.chausseliere.com\/en\/wp-json\/wp\/v2\/users\/1"}],"replies":[{"embeddable":true,"href":"https:\/\/www.chausseliere.com\/en\/wp-json\/wp\/v2\/comments?post=39216"}],"version-history":[{"count":7,"href":"https:\/\/www.chausseliere.com\/en\/wp-json\/wp\/v2\/pages\/39216\/revisions"}],"predecessor-version":[{"id":48261,"href":"https:\/\/www.chausseliere.com\/en\/wp-json\/wp\/v2\/pages\/39216\/revisions\/48261"}],"wp:featuredmedia":[{"embeddable":true,"href":"https:\/\/www.chausseliere.com\/en\/wp-json\/wp\/v2\/media\/32422"}],"wp:attachment":[{"href":"https:\/\/www.chausseliere.com\/en\/wp-json\/wp\/v2\/media?parent=39216"}],"wp:term":[{"taxonomy":"sujet","embeddable":true,"href":"https:\/\/www.chausseliere.com\/en\/wp-json\/wp\/v2\/sujet?post=39216"}],"curies":[{"name":"wp","href":"https:\/\/api.w.org\/{rel}","templated":true}]}}