{"id":39210,"date":"2023-04-04T14:46:34","date_gmt":"2023-04-04T12:46:34","guid":{"rendered":"https:\/\/www.chausseliere.com\/hike-walk\/"},"modified":"2025-10-30T18:00:42","modified_gmt":"2025-10-30T17:00:42","slug":"hike-walk","status":"publish","type":"page","link":"https:\/\/www.chausseliere.com\/en\/hike-walk\/","title":{"rendered":"Hiking in the Vend\u00e9e"},"content":{"rendered":"<section id=\"ls-section-block_448ced03148096ff89196f627c9bf1a0\" class=\"ls-section  home-first page-one has-p-b p-b-10\" >\r\n        <div class=\"container container--wide\">\r\n        \n\n<h1 class=\"ls__heading wp-block-heading has-text-align-center\">Our unmissable hikes in the Vend\u00e9e<\/h1>\n\n\n\n<p class=\"ls-paragraph has-text-align-center\">Want<strong> to go hiking in the Vend\u00e9e<\/strong> around the <a href=\"\/\">campsite at Puy du Fou at Lac de la Chausseli\u00e8re?<\/a> You are right! <strong>The Vend\u00e9e is home to many hiking trails<\/strong> that will allow you to discover our beautiful region from another angle.<\/p>\n\n\n\n<p class=\"ls-paragraph has-text-align-center\">On foot, <strong>starting from our campsite in the Vend\u00e9e at La Guyonni\u00e8re<\/strong>, we have selected for you <strong>4 hiking routes ranging from 10 to 25 km<\/strong>.<\/p>\n\n\n\n<div class=\"wp-block-columns m-t-10 is-layout-flex wp-container-core-columns-is-layout-9d6595d7 wp-block-columns-is-layout-flex\">\n<div class=\"wp-block-column is-vertically-aligned-center is-layout-flow wp-block-column-is-layout-flow\">\n<div id=\"ls-heading ls-titre-numblock_f725fef11bfed31c53046f1ac85dccf9\" class=\"ls-titre-num\">\n    <div class=\"ls-titre-num__numero\">\n        1    <\/div>\n    <h2 class=\"ls-titre-num__content\">\n                    The hike                              <span>de La Chausseli\u00e8re<\/span>\n            <\/h2>\n<\/div>\n\n\n<p class=\"ls-paragraph\">This <strong>hiking trail<\/strong> is located in the commune of La Guyonni\u00e8re in Vend\u00e9e. This route of<strong>approximately 9.5 km represents an average of 2h30 of walking <\/strong>.  <\/p>\n\n\n\n<p class=\"ls-paragraph\">This is an <strong>ideal walk for the whole family<\/strong>, just follow the yellow marked route numbered 3 . <strong>The start is on the banks<\/strong> of the Chausseli\u00e8re lake and takes you through various villages: Le Rivage, La Saulnerie, La Grill\u00e8re and La Clairbaudi\u00e8re. You <strong>will also discover on the way the Lake of La Chausseli\u00e8re<\/strong> which extends over an area of 34 hectares and where you will be able to <strong>observe the typical fauna and flora<\/strong> of the Vend\u00e9e bocage. But also,<strong> the Bois Dauphin <\/strong>which extends over nearly 3 hectares and which is the <strong>place of predilection of the sessile oak<\/strong>, the chestnut tree and the cherry tree.  <\/p>\n<\/div>\n\n\n\n<div class=\"wp-block-column is-layout-flow wp-block-column-is-layout-flow\">\n<figure class=\"wp-block-gallery has-nested-images columns-2 is-cropped wp-block-gallery-1 is-layout-flex wp-block-gallery-is-layout-flex\">\n<figure class=\"wp-block-image size-large\"><a href=\"https:\/\/www.chausseliere.com\/wp-content\/uploads\/2023\/01\/randonnee-chausseliere-camping_1200_800-1024x683.webp\"><img loading=\"lazy\" decoding=\"async\" width=\"1024\" height=\"683\" data-id=\"32473\" src=\"https:\/\/www.chausseliere.com\/wp-content\/uploads\/2023\/01\/randonnee-chausseliere-camping_1200_800-1024x683.webp\" alt=\"autumn hiking camping\" class=\"wp-image-32473\" srcset=\"https:\/\/www.chausseliere.com\/wp-content\/uploads\/2023\/01\/randonnee-chausseliere-camping_1200_800-1024x683.webp 1024w, https:\/\/www.chausseliere.com\/wp-content\/uploads\/2023\/01\/randonnee-chausseliere-camping_1200_800-300x200.webp 300w, https:\/\/www.chausseliere.com\/wp-content\/uploads\/2023\/01\/randonnee-chausseliere-camping_1200_800-768x512.webp 768w, https:\/\/www.chausseliere.com\/wp-content\/uploads\/2023\/01\/randonnee-chausseliere-camping_1200_800.webp 1200w\" sizes=\"auto, (max-width: 1024px) 100vw, 1024px\" \/><\/a><\/figure>\n\n\n\n<figure class=\"wp-block-image size-large\"><a href=\"https:\/\/www.chausseliere.com\/wp-content\/uploads\/2023\/01\/randonnee-etand_1200_800-1024x683.webp\"><img loading=\"lazy\" decoding=\"async\" width=\"1024\" height=\"683\" data-id=\"32478\" src=\"https:\/\/www.chausseliere.com\/wp-content\/uploads\/2023\/01\/randonnee-etand_1200_800-1024x683.webp\" alt=\"hiking and camping pond\" class=\"wp-image-32478\" srcset=\"https:\/\/www.chausseliere.com\/wp-content\/uploads\/2023\/01\/randonnee-etand_1200_800-1024x683.webp 1024w, https:\/\/www.chausseliere.com\/wp-content\/uploads\/2023\/01\/randonnee-etand_1200_800-300x200.webp 300w, https:\/\/www.chausseliere.com\/wp-content\/uploads\/2023\/01\/randonnee-etand_1200_800-768x512.webp 768w, https:\/\/www.chausseliere.com\/wp-content\/uploads\/2023\/01\/randonnee-etand_1200_800.webp 1200w\" sizes=\"auto, (max-width: 1024px) 100vw, 1024px\" \/><\/a><\/figure>\n\n\n\n<figure class=\"wp-block-image size-large\"><a href=\"https:\/\/www.chausseliere.com\/wp-content\/uploads\/2023\/01\/randonnee-vendee_1200_800-1024x683.webp\"><img loading=\"lazy\" decoding=\"async\" width=\"1024\" height=\"683\" data-id=\"32463\" src=\"https:\/\/www.chausseliere.com\/wp-content\/uploads\/2023\/01\/randonnee-vendee_1200_800-1024x683.webp\" alt=\"Hiking in the Vend&#xE9;e camping\" class=\"wp-image-32463\" srcset=\"https:\/\/www.chausseliere.com\/wp-content\/uploads\/2023\/01\/randonnee-vendee_1200_800-1024x683.webp 1024w, https:\/\/www.chausseliere.com\/wp-content\/uploads\/2023\/01\/randonnee-vendee_1200_800-300x200.webp 300w, https:\/\/www.chausseliere.com\/wp-content\/uploads\/2023\/01\/randonnee-vendee_1200_800-768x512.webp 768w, https:\/\/www.chausseliere.com\/wp-content\/uploads\/2023\/01\/randonnee-vendee_1200_800.webp 1200w\" sizes=\"auto, (max-width: 1024px) 100vw, 1024px\" \/><\/a><\/figure>\n<\/figure>\n<\/div>\n<\/div>\n\n\r\n    <\/div>\r\n<\/section><section id=\"ls-section-block_ee61fa504a7b3f1404f82d0c046a9e32\" class=\"ls-section  home-seventh page-four no-illustration has-background has-color-4-background-color has-p-t p-t-15 has-p-b p-b-15\" >\r\n        <div class=\"container container--wide\">\r\n        \n\n<div class=\"wp-block-columns are-vertically-aligned-center is-layout-flex wp-container-core-columns-is-layout-9d6595d7 wp-block-columns-is-layout-flex\">\n<div class=\"wp-block-column is-vertically-aligned-center is-layout-flow wp-block-column-is-layout-flow\" style=\"flex-basis:100%\">\n<div id=\"ls-heading ls-titre-numblock_e4ba85ba090c1e9c47384dad12f75a44\" class=\"ls-titre-num\">\n    <div class=\"ls-titre-num__numero\">\n        2    <\/div>\n    <h2 class=\"ls-titre-num__content\">\n                    The hike                              <span>of Meslay<\/span>\n            <\/h2>\n<\/div>\n\n\n<p class=\"ls-paragraph\">This <strong>circuit of Meslay excursion<\/strong> is a course of<strong>approximately 13 km which represents on average 3h15 of walk<\/strong>. This <strong>easy hike <\/strong>is easily done with the family.  <\/p>\n\n\n\n<p class=\"ls-paragraph\">The <strong>starting point is at the Place des Douves<\/strong> in La Guyonni\u00e8re and the route is marked out in yellow.  <\/p>\n\n\n\n<p class=\"ls-paragraph\">This path is<strong> rich in discoveries<\/strong>, indeed you will take full sight with <strong>the religious heritage of Meslay<\/strong>. Indeed, you will be able to observe the Abbey and the Chapel of Meslay built in 1867 by the abbot of Suyrot on<strong> the ruins of a medieval castle<\/strong>. You will not miss <strong>the Grotto of Notre-Dame-de-Lourdes <\/strong>built in 1876 as well as <strong>the Calvary of Father Montfort <\/strong>erected also by the Abbot of Suyrot.<\/p>\n<\/div>\n<\/div>\n\n\r\n    <\/div>\r\n<\/section><section id=\"ls-section-block_7e304f2024483b91fd896cdae799ee35\" class=\"ls-section  home-seventh page-two\" >\r\n        <div class=\"container container--wide\">\r\n        \n\n<div class=\"wp-block-columns are-vertically-aligned-center is-layout-flex wp-container-core-columns-is-layout-9d6595d7 wp-block-columns-is-layout-flex\">\n<div class=\"wp-block-column is-vertically-aligned-center is-layout-flow wp-block-column-is-layout-flow\" style=\"flex-basis:50%\">\n<figure class=\"wp-block-image size-large\"><img loading=\"lazy\" decoding=\"async\" width=\"1024\" height=\"683\" src=\"https:\/\/www.chausseliere.com\/wp-content\/uploads\/2023\/01\/rando-bocage-vendee_1200_800-1024x683.webp\" alt=\"Bocage hike\" class=\"wp-image-32468\" srcset=\"https:\/\/www.chausseliere.com\/wp-content\/uploads\/2023\/01\/rando-bocage-vendee_1200_800-1024x683.webp 1024w, https:\/\/www.chausseliere.com\/wp-content\/uploads\/2023\/01\/rando-bocage-vendee_1200_800-300x200.webp 300w, https:\/\/www.chausseliere.com\/wp-content\/uploads\/2023\/01\/rando-bocage-vendee_1200_800-768x512.webp 768w, https:\/\/www.chausseliere.com\/wp-content\/uploads\/2023\/01\/rando-bocage-vendee_1200_800.webp 1200w\" sizes=\"auto, (max-width: 1024px) 100vw, 1024px\" \/><\/figure>\n<\/div>\n\n\n\n<div class=\"wp-block-column is-vertically-aligned-center is-layout-flow wp-block-column-is-layout-flow\" style=\"flex-basis:50%\">\n<div id=\"ls-heading ls-titre-numblock_99074c509f916f0c46434f3e7816794b\" class=\"ls-titre-num\">\n    <div class=\"ls-titre-num__numero\">\n        3    <\/div>\n    <h2 class=\"ls-titre-num__content\">\n                    The hike                              <span>The Ponds<\/span>\n            <\/h2>\n<\/div>\n\n\n<p class=\"ls-paragraph\">The <strong>hiking trail &#8220;Les Etangs&#8221;<\/strong> is located in the commune of Foussais-Payr\u00e9. During 3 hours of walking on a course of approximately 12 km. <strong>This route, very pleasant, goes along a dozen ponds<\/strong> and connects the Old Pouzauges to the wood of Cibreti\u00e8re. <strong>The departure of the circuit takes place on the banks of the Lake of Chausseli\u00e8re<\/strong>, very close to the camp-site. The itinerary of Les Etangs is <strong>marked in yellow<\/strong> and numbered 6.<\/p>\n<\/div>\n<\/div>\n\n\r\n    <\/div>\r\n<\/section><section id=\"ls-section-block_1a9a267ed4e96cbead00d2d17525ab4c\" class=\"ls-section  home-fifth page-three has-background has-color-4-background-color\" >\r\n        <div class=\"container container--full\">\r\n        \n\n<div class=\"wp-block-columns has-color-4-background-color has-background is-layout-flex wp-container-core-columns-is-layout-9d6595d7 wp-block-columns-is-layout-flex\">\n<div class=\"wp-block-column is-layout-flow wp-block-column-is-layout-flow\">\n<div id=\"ls-heading ls-titre-numblock_acf8ae97719194bb6d781496f773ff6f\" class=\"ls-titre-num m-t-5\">\n    <div class=\"ls-titre-num__numero\">\n        4    <\/div>\n    <h2 class=\"ls-titre-num__content\">\n                    The hike                              <span>Rivers and Abbey<\/span>\n            <\/h2>\n<\/div>\n\n\n<p class=\"ls-paragraph\">This loop, <strong>starting from the place of the Town Hall of Montaigu<\/strong>, is a very touristy hike of 25 km which represents <strong>on average 6 hours of walking<\/strong>. The route is <strong>marked in yellow and is numbered 7<\/strong>. On the way, you will discover <strong>a very rich heritage such as the Montaigu dike<\/strong>, the Durivum, the Maison de la Rivi\u00e8re but also the Abbaye de Meslay.  <\/p>\n\n\n\n<p class=\"ls-paragraph\">In order to obtain more information on these various hikes, do not hesitate to <strong>ask for more information at the Tourist Office<\/strong> or at the reception of our camping Lac de la Chausseli\u00e8re.<\/p>\n<\/div>\n<\/div>\n\n\r\n    <\/div>\r\n<\/section><section id=\"ls-section-block_ccba4236de151e2ba5765880ac810322\" class=\"ls-section  home-first page-one has-p-t p-t-15 has-p-b p-b-15\" >\r\n        <div class=\"container container--wide\">\r\n        \n\n<div class=\"wp-block-columns is-layout-flex wp-container-core-columns-is-layout-9d6595d7 wp-block-columns-is-layout-flex\">\n<div class=\"wp-block-column is-vertically-aligned-center is-layout-flow wp-block-column-is-layout-flow\">\n<div id=\"ls-heading ls-titre-numblock_da1286d1102efe9cb8036698bbd3f0c2\" class=\"ls-titre-num\">\n    <div class=\"ls-titre-num__numero\">\n        5    <\/div>\n    <h2 class=\"ls-titre-num__content\">\n                    Try hiking                              <span>by scooter or bike  <\/span>\n            <\/h2>\n<\/div>\n\n\n<p class=\"ls-paragraph\">Our<strong> establishment Flower Camping Lac de la Chausseli\u00e8re<\/strong> offers you the rental of <strong>electric scooters<\/strong> to go for a ride around the campsite from April to the end of September. <strong>The rental is open to all<\/strong>: customers and people outside the campsite.<\/p>\n\n\n\n<p class=\"ls-paragraph\"><strong>Our electric scooters are easy to handle<\/strong>, fun and quiet.  <\/p>\n\n\n\n<p class=\"ls-paragraph\">You can also<strong> rent bicycles<\/strong> to ride around the paths around the Lac de la Chausseli\u00e8re. For more information, do not <strong>hesitate to stop at the reception of the campsite<\/strong>.<\/p>\n<\/div>\n\n\n\n<div class=\"wp-block-column is-vertically-aligned-center is-layout-flow wp-block-column-is-layout-flow\">\n<figure class=\"wp-block-gallery has-nested-images columns-default is-cropped wp-block-gallery-2 is-layout-flex wp-block-gallery-is-layout-flex\">\n<figure class=\"wp-block-image size-large\"><a href=\"https:\/\/www.chausseliere.com\/wp-content\/uploads\/2023\/01\/Trottinettes_resultat-2-1024x683.webp\"><img loading=\"lazy\" decoding=\"async\" width=\"1024\" height=\"683\" data-id=\"29883\" src=\"https:\/\/www.chausseliere.com\/wp-content\/uploads\/2023\/01\/Trottinettes_resultat-2-1024x683.webp\" alt=\"Scooters camping rental\" class=\"wp-image-29883\" srcset=\"https:\/\/www.chausseliere.com\/wp-content\/uploads\/2023\/01\/Trottinettes_resultat-2-1024x683.webp 1024w, https:\/\/www.chausseliere.com\/wp-content\/uploads\/2023\/01\/Trottinettes_resultat-2-300x200.webp 300w, https:\/\/www.chausseliere.com\/wp-content\/uploads\/2023\/01\/Trottinettes_resultat-2-768x512.webp 768w, https:\/\/www.chausseliere.com\/wp-content\/uploads\/2023\/01\/Trottinettes_resultat-2-1536x1024.webp 1536w, https:\/\/www.chausseliere.com\/wp-content\/uploads\/2023\/01\/Trottinettes_resultat-2.webp 1575w\" sizes=\"auto, (max-width: 1024px) 100vw, 1024px\" \/><\/a><\/figure>\n<\/figure>\n<\/div>\n<\/div>\n\n\r\n    <\/div>\r\n<\/section><section id=\"ls-section-block_7a596eb5552f9cac2ac099476a35f6a6\" class=\"ls-section  page-fourth has-m-t m-t-0\" >\r\n        <div class=\"container container--wide\">\r\n        \n\n<div id=\"ls-heading ls-titre-div-block_149de7fad3a46e23d282898901a78fa3\" class=\"ls-titre-div aligncenter h2-like\" >\n    <strong>Learn more<\/strong> about our campsite<\/div>\n\n\n<div id=\"ls-maillage-block_f73cbc4d3c13ef4dfbb084216ecf4b60\" class=\"ls-maillage cta-style-normal\" data-rows=\"3\">\r\n    <div class=\"wp-block-columns\"><div class=\"wp-block-column\"><div class=\"ls-cta\">\n\n<a href=\"https:\/\/www.chausseliere.com\/en\/the-camping-activities\/camping-geocaching\/\" target=\"\" rel=\"noopener\" class=\"ls-cta__link\">\n\n\t<div class=\"ls-cta__image\"><img decoding=\"async\" src=\"https:\/\/www.chausseliere.com\/wp-content\/uploads\/2022\/12\/randonnees-camping-du-lac-de-la-chausseliere.jpg\" alt=\"Randonn\u00e9es  Camping du Lac de La Chausseli\u00e8re\"><\/div>\n\t<div class=\"ls-cta__title\">\n\t\tGeocaching &#038; Hiking\t<\/div>\n\n\t\n<\/a><\/div><\/div><div class=\"wp-block-column\"><div class=\"ls-cta\">\n\n<a href=\"https:\/\/www.chausseliere.com\/en\/the-camping-activities\/camping-with-lake-of-fish\/\" target=\"\" rel=\"noopener\" class=\"ls-cta__link\">\n\n\t<div class=\"ls-cta__image\"><img decoding=\"async\" src=\"https:\/\/www.chausseliere.com\/wp-content\/uploads\/2023\/04\/camping-peche-lac-de-la-chausseliere-2-768x576.jpeg\" alt=\"\"><\/div>\n\t<div class=\"ls-cta__title\">\n\t\tFishing at the campground\t<\/div>\n\n\t\n<\/a><\/div><\/div><div class=\"wp-block-column\"><div class=\"ls-cta\">\n\n<a href=\"https:\/\/www.chausseliere.com\/en\/the-camping-activities\/camping-rentals-vendee\/\" target=\"\" rel=\"noopener\" class=\"ls-cta__link\">\n\n\t<div class=\"ls-cta__image\"><img decoding=\"async\" src=\"https:\/\/www.chausseliere.com\/wp-content\/uploads\/2025\/10\/Chausseliere2025@alamoureux_D6A6489-768x512.jpg\" alt=\"Rental of all-terrain electric scooters\"><\/div>\n\t<div class=\"ls-cta__title\">\n\t\tScooters and paddles\t<\/div>\n\n\t\n<\/a><\/div><\/div><\/div><\/div>\n\r\n    <\/div>\r\n<\/section>","protected":false},"excerpt":{"rendered":"","protected":false},"author":1,"featured_media":32502,"parent":0,"menu_order":0,"comment_status":"closed","ping_status":"closed","template":"","meta":{"_acf_changed":false,"footnotes":""},"sujet":[],"class_list":["post-39210","page","type-page","status-publish","has-post-thumbnail","hentry"],"acf":[],"yoast_head":"<!-- This site is optimized with the Yoast SEO plugin v25.3 - https:\/\/yoast.com\/wordpress\/plugins\/seo\/ -->\n<title>Hiking in Vend\u00e9e : 4 hikes not to be missed in Vend\u00e9e<\/title>\n<meta name=\"description\" content=\"Want to go hiking in the Vend\u00e9e ? Discover our selection of the most beautiful hikes to do in Vend\u00e9e during your vacations at the lake of La Chausseli\u00e8re !\" \/>\n<meta name=\"robots\" content=\"index, follow, max-snippet:-1, max-image-preview:large, max-video-preview:-1\" \/>\n<link rel=\"canonical\" href=\"https:\/\/www.chausseliere.com\/en\/hike-walk\/\" \/>\n<meta property=\"og:locale\" content=\"en_US\" \/>\n<meta property=\"og:type\" content=\"article\" \/>\n<meta property=\"og:title\" content=\"Hiking in Vend\u00e9e : 4 hikes not to be missed in Vend\u00e9e\" \/>\n<meta property=\"og:description\" content=\"Want to go hiking in the Vend\u00e9e ? Discover our selection of the most beautiful hikes to do in Vend\u00e9e during your vacations at the lake of La Chausseli\u00e8re !\" \/>\n<meta property=\"og:url\" content=\"https:\/\/www.chausseliere.com\/en\/hike-walk\/\" \/>\n<meta property=\"og:site_name\" content=\"Camping du Lac de la Chausseli\u00e8re\" \/>\n<meta property=\"article:modified_time\" content=\"2025-10-30T17:00:42+00:00\" \/>\n<meta property=\"og:image\" content=\"https:\/\/www.chausseliere.com\/wp-content\/uploads\/2023\/01\/RandonneepedestreMervent41_1575_1050.webp\" \/>\n\t<meta property=\"og:image:width\" content=\"1575\" \/>\n\t<meta property=\"og:image:height\" content=\"1050\" \/>\n\t<meta property=\"og:image:type\" content=\"image\/webp\" \/>\n<meta name=\"twitter:card\" content=\"summary_large_image\" \/>\n<meta name=\"twitter:label1\" content=\"Est. reading time\" \/>\n\t<meta name=\"twitter:data1\" content=\"3 minutes\" \/>\n<script type=\"application\/ld+json\" class=\"yoast-schema-graph\">{\"@context\":\"https:\/\/schema.org\",\"@graph\":[{\"@type\":\"WebPage\",\"@id\":\"https:\/\/www.chausseliere.com\/en\/hike-walk\/\",\"url\":\"https:\/\/www.chausseliere.com\/en\/hike-walk\/\",\"name\":\"Hiking in Vend\u00e9e : 4 hikes not to be missed in Vend\u00e9e\",\"isPartOf\":{\"@id\":\"https:\/\/www.chausseliere.com\/en\/#website\"},\"primaryImageOfPage\":{\"@id\":\"https:\/\/www.chausseliere.com\/en\/hike-walk\/#primaryimage\"},\"image\":{\"@id\":\"https:\/\/www.chausseliere.com\/en\/hike-walk\/#primaryimage\"},\"thumbnailUrl\":\"https:\/\/www.chausseliere.com\/wp-content\/uploads\/2023\/01\/RandonneepedestreMervent41_1575_1050.webp\",\"datePublished\":\"2023-04-04T12:46:34+00:00\",\"dateModified\":\"2025-10-30T17:00:42+00:00\",\"description\":\"Want to go hiking in the Vend\u00e9e ? Discover our selection of the most beautiful hikes to do in Vend\u00e9e during your vacations at the lake of La Chausseli\u00e8re !\",\"breadcrumb\":{\"@id\":\"https:\/\/www.chausseliere.com\/en\/hike-walk\/#breadcrumb\"},\"inLanguage\":\"en-US\",\"potentialAction\":[{\"@type\":\"ReadAction\",\"target\":[\"https:\/\/www.chausseliere.com\/en\/hike-walk\/\"]}]},{\"@type\":\"ImageObject\",\"inLanguage\":\"en-US\",\"@id\":\"https:\/\/www.chausseliere.com\/en\/hike-walk\/#primaryimage\",\"url\":\"https:\/\/www.chausseliere.com\/wp-content\/uploads\/2023\/01\/RandonneepedestreMervent41_1575_1050.webp\",\"contentUrl\":\"https:\/\/www.chausseliere.com\/wp-content\/uploads\/2023\/01\/RandonneepedestreMervent41_1575_1050.webp\",\"width\":1575,\"height\":1050,\"caption\":\"HikingMervent\"},{\"@type\":\"BreadcrumbList\",\"@id\":\"https:\/\/www.chausseliere.com\/en\/hike-walk\/#breadcrumb\",\"itemListElement\":[{\"@type\":\"ListItem\",\"position\":1,\"name\":\"Camping Puy du Fou\",\"item\":\"https:\/\/www.chausseliere.com\/en\/\"},{\"@type\":\"ListItem\",\"position\":2,\"name\":\"Hiking in the Vend\u00e9e\"}]},{\"@type\":\"WebSite\",\"@id\":\"https:\/\/www.chausseliere.com\/en\/#website\",\"url\":\"https:\/\/www.chausseliere.com\/en\/\",\"name\":\"Camping du Lac de la Chausseli\u00e8re\",\"description\":\"\",\"publisher\":{\"@id\":\"https:\/\/www.chausseliere.com\/en\/#organization\"},\"potentialAction\":[{\"@type\":\"SearchAction\",\"target\":{\"@type\":\"EntryPoint\",\"urlTemplate\":\"https:\/\/www.chausseliere.com\/en\/?s={search_term_string}\"},\"query-input\":{\"@type\":\"PropertyValueSpecification\",\"valueRequired\":true,\"valueName\":\"search_term_string\"}}],\"inLanguage\":\"en-US\"},{\"@type\":\"Organization\",\"@id\":\"https:\/\/www.chausseliere.com\/en\/#organization\",\"name\":\"Camping du Lac de la Chausseli\u00e8re\",\"url\":\"https:\/\/www.chausseliere.com\/en\/\",\"logo\":{\"@type\":\"ImageObject\",\"inLanguage\":\"en-US\",\"@id\":\"https:\/\/www.chausseliere.com\/en\/#\/schema\/logo\/image\/\",\"url\":\"https:\/\/www.chausseliere.com\/wp-content\/uploads\/2023\/04\/Logo_Chausseliere_4Etoiles_blanc_HD_resultat.webp\",\"contentUrl\":\"https:\/\/www.chausseliere.com\/wp-content\/uploads\/2023\/04\/Logo_Chausseliere_4Etoiles_blanc_HD_resultat.webp\",\"width\":640,\"height\":406,\"caption\":\"Camping du Lac de la Chausseli\u00e8re\"},\"image\":{\"@id\":\"https:\/\/www.chausseliere.com\/en\/#\/schema\/logo\/image\/\"}}]}<\/script>\n<!-- \/ Yoast SEO plugin. -->","yoast_head_json":{"title":"Hiking in Vend\u00e9e : 4 hikes not to be missed in Vend\u00e9e","description":"Want to go hiking in the Vend\u00e9e ? Discover our selection of the most beautiful hikes to do in Vend\u00e9e during your vacations at the lake of La Chausseli\u00e8re !","robots":{"index":"index","follow":"follow","max-snippet":"max-snippet:-1","max-image-preview":"max-image-preview:large","max-video-preview":"max-video-preview:-1"},"canonical":"https:\/\/www.chausseliere.com\/en\/hike-walk\/","og_locale":"en_US","og_type":"article","og_title":"Hiking in Vend\u00e9e : 4 hikes not to be missed in Vend\u00e9e","og_description":"Want to go hiking in the Vend\u00e9e ? Discover our selection of the most beautiful hikes to do in Vend\u00e9e during your vacations at the lake of La Chausseli\u00e8re !","og_url":"https:\/\/www.chausseliere.com\/en\/hike-walk\/","og_site_name":"Camping du Lac de la Chausseli\u00e8re","article_modified_time":"2025-10-30T17:00:42+00:00","og_image":[{"width":1575,"height":1050,"url":"https:\/\/www.chausseliere.com\/wp-content\/uploads\/2023\/01\/RandonneepedestreMervent41_1575_1050.webp","type":"image\/webp"}],"twitter_card":"summary_large_image","twitter_misc":{"Est. reading time":"3 minutes"},"schema":{"@context":"https:\/\/schema.org","@graph":[{"@type":"WebPage","@id":"https:\/\/www.chausseliere.com\/en\/hike-walk\/","url":"https:\/\/www.chausseliere.com\/en\/hike-walk\/","name":"Hiking in Vend\u00e9e : 4 hikes not to be missed in Vend\u00e9e","isPartOf":{"@id":"https:\/\/www.chausseliere.com\/en\/#website"},"primaryImageOfPage":{"@id":"https:\/\/www.chausseliere.com\/en\/hike-walk\/#primaryimage"},"image":{"@id":"https:\/\/www.chausseliere.com\/en\/hike-walk\/#primaryimage"},"thumbnailUrl":"https:\/\/www.chausseliere.com\/wp-content\/uploads\/2023\/01\/RandonneepedestreMervent41_1575_1050.webp","datePublished":"2023-04-04T12:46:34+00:00","dateModified":"2025-10-30T17:00:42+00:00","description":"Want to go hiking in the Vend\u00e9e ? Discover our selection of the most beautiful hikes to do in Vend\u00e9e during your vacations at the lake of La Chausseli\u00e8re !","breadcrumb":{"@id":"https:\/\/www.chausseliere.com\/en\/hike-walk\/#breadcrumb"},"inLanguage":"en-US","potentialAction":[{"@type":"ReadAction","target":["https:\/\/www.chausseliere.com\/en\/hike-walk\/"]}]},{"@type":"ImageObject","inLanguage":"en-US","@id":"https:\/\/www.chausseliere.com\/en\/hike-walk\/#primaryimage","url":"https:\/\/www.chausseliere.com\/wp-content\/uploads\/2023\/01\/RandonneepedestreMervent41_1575_1050.webp","contentUrl":"https:\/\/www.chausseliere.com\/wp-content\/uploads\/2023\/01\/RandonneepedestreMervent41_1575_1050.webp","width":1575,"height":1050,"caption":"HikingMervent"},{"@type":"BreadcrumbList","@id":"https:\/\/www.chausseliere.com\/en\/hike-walk\/#breadcrumb","itemListElement":[{"@type":"ListItem","position":1,"name":"Camping Puy du Fou","item":"https:\/\/www.chausseliere.com\/en\/"},{"@type":"ListItem","position":2,"name":"Hiking in the Vend\u00e9e"}]},{"@type":"WebSite","@id":"https:\/\/www.chausseliere.com\/en\/#website","url":"https:\/\/www.chausseliere.com\/en\/","name":"Camping du Lac de la Chausseli\u00e8re","description":"","publisher":{"@id":"https:\/\/www.chausseliere.com\/en\/#organization"},"potentialAction":[{"@type":"SearchAction","target":{"@type":"EntryPoint","urlTemplate":"https:\/\/www.chausseliere.com\/en\/?s={search_term_string}"},"query-input":{"@type":"PropertyValueSpecification","valueRequired":true,"valueName":"search_term_string"}}],"inLanguage":"en-US"},{"@type":"Organization","@id":"https:\/\/www.chausseliere.com\/en\/#organization","name":"Camping du Lac de la Chausseli\u00e8re","url":"https:\/\/www.chausseliere.com\/en\/","logo":{"@type":"ImageObject","inLanguage":"en-US","@id":"https:\/\/www.chausseliere.com\/en\/#\/schema\/logo\/image\/","url":"https:\/\/www.chausseliere.com\/wp-content\/uploads\/2023\/04\/Logo_Chausseliere_4Etoiles_blanc_HD_resultat.webp","contentUrl":"https:\/\/www.chausseliere.com\/wp-content\/uploads\/2023\/04\/Logo_Chausseliere_4Etoiles_blanc_HD_resultat.webp","width":640,"height":406,"caption":"Camping du Lac de la Chausseli\u00e8re"},"image":{"@id":"https:\/\/www.chausseliere.com\/en\/#\/schema\/logo\/image\/"}}]}},"_links":{"self":[{"href":"https:\/\/www.chausseliere.com\/en\/wp-json\/wp\/v2\/pages\/39210","targetHints":{"allow":["GET"]}}],"collection":[{"href":"https:\/\/www.chausseliere.com\/en\/wp-json\/wp\/v2\/pages"}],"about":[{"href":"https:\/\/www.chausseliere.com\/en\/wp-json\/wp\/v2\/types\/page"}],"author":[{"embeddable":true,"href":"https:\/\/www.chausseliere.com\/en\/wp-json\/wp\/v2\/users\/1"}],"replies":[{"embeddable":true,"href":"https:\/\/www.chausseliere.com\/en\/wp-json\/wp\/v2\/comments?post=39210"}],"version-history":[{"count":6,"href":"https:\/\/www.chausseliere.com\/en\/wp-json\/wp\/v2\/pages\/39210\/revisions"}],"predecessor-version":[{"id":48428,"href":"https:\/\/www.chausseliere.com\/en\/wp-json\/wp\/v2\/pages\/39210\/revisions\/48428"}],"wp:featuredmedia":[{"embeddable":true,"href":"https:\/\/www.chausseliere.com\/en\/wp-json\/wp\/v2\/media\/32502"}],"wp:attachment":[{"href":"https:\/\/www.chausseliere.com\/en\/wp-json\/wp\/v2\/media?parent=39210"}],"wp:term":[{"taxonomy":"sujet","embeddable":true,"href":"https:\/\/www.chausseliere.com\/en\/wp-json\/wp\/v2\/sujet?post=39210"}],"curies":[{"name":"wp","href":"https:\/\/api.w.org\/{rel}","templated":true}]}}